{"id":15369,"date":"2024-09-06T09:18:58","date_gmt":"2024-09-06T09:18:58","guid":{"rendered":"https:\/\/www.dbbroadcast.com\/?page_id=15369"},"modified":"2024-09-06T09:19:08","modified_gmt":"2024-09-06T09:19:08","slug":"codigo-de-etica","status":"publish","type":"page","link":"https:\/\/www.dbbroadcast.com\/es\/codigo-de-etica\/","title":{"rendered":"C\u00d3DIGO DE \u00c9TICA"},"content":{"rendered":"<p>[et_pb_section fb_built=\u00bb1&#8243; admin_label=\u00bbHero Section\u00bb _builder_version=\u00bb4.24.0&#8243; use_background_color_gradient=\u00bbon\u00bb background_color_gradient_direction=\u00bb150deg\u00bb background_color_gradient_stops=\u00bb#000000 0%|rgba(0,0,0,0.4) 100%\u00bb background_color_gradient_overlays_image=\u00bbon\u00bb background_color_gradient_start=\u00bb#000000&#8243; background_color_gradient_end=\u00bbrgba(0,0,0,0.4)\u00bb background_image=\u00bbhttps:\/\/www.dbbroadcast.com\/wp-content\/uploads\/2024\/09\/codice-etico-bg.jpg\u00bb custom_padding=\u00bb10%||10%||true|false\u00bb locked=\u00bboff\u00bb global_colors_info=\u00bb{}\u00bb theme_builder_area=\u00bbpost_content\u00bb][et_pb_row _builder_version=\u00bb4.16&#8243; width_tablet=\u00bb\u00bb width_phone=\u00bb\u00bb width_last_edited=\u00bbon|desktop\u00bb global_colors_info=\u00bb{}\u00bb theme_builder_area=\u00bbpost_content\u00bb][et_pb_column type=\u00bb4_4&#8243; _builder_version=\u00bb4.16&#8243; custom_padding=\u00bb|||\u00bb global_colors_info=\u00bb{}\u00bb custom_padding__hover=\u00bb|||\u00bb theme_builder_area=\u00bbpost_content\u00bb][et_pb_text _builder_version=\u00bb4.24.0&#8243; _module_preset=\u00bbdefault\u00bb text_font=\u00bbRoboto||||||||\u00bb header_font_size=\u00bb34px\u00bb text_orientation=\u00bbcenter\u00bb background_layout=\u00bbdark\u00bb header_font_size_tablet=\u00bb28px\u00bb header_font_size_phone=\u00bb28px\u00bb header_font_size_last_edited=\u00bbon|phone\u00bb global_colors_info=\u00bb{}\u00bb theme_builder_area=\u00bbpost_content\u00bb]<\/p>\n<h1><span class=\"HwtZe\" lang=\"es\"><span class=\"jCAhz ChMk0b\"><span class=\"ryNqvb\">C\u00d3DIGO DE \u00c9TICA<\/span><\/span><\/span><\/h1>\n<p>[\/et_pb_text][\/et_pb_column][\/et_pb_row][\/et_pb_section][et_pb_section fb_built=\u00bb1&#8243; _builder_version=\u00bb4.16&#8243; _module_preset=\u00bbdefault\u00bb background_enable_color=\u00bboff\u00bb locked=\u00bboff\u00bb collapsed=\u00bboff\u00bb global_colors_info=\u00bb{}\u00bb theme_builder_area=\u00bbpost_content\u00bb][et_pb_row column_structure=\u00bb3_5,2_5&#8243; make_equal=\u00bbon\u00bb _builder_version=\u00bb4.17.4&#8243; _module_preset=\u00bbdefault\u00bb width_tablet=\u00bb\u00bb width_phone=\u00bb\u00bb width_last_edited=\u00bbon|desktop\u00bb global_colors_info=\u00bb{}\u00bb theme_builder_area=\u00bbpost_content\u00bb][et_pb_column type=\u00bb3_5&#8243; module_class=\u00bbiq-centra-verticale\u00bb _builder_version=\u00bb4.16&#8243; _module_preset=\u00bbdefault\u00bb background_color=\u00bbRGBA(255,255,255,0)\u00bb global_colors_info=\u00bb{}\u00bb theme_builder_area=\u00bbpost_content\u00bb][et_pb_text _builder_version=\u00bb4.24.0&#8243; _module_preset=\u00bbdefault\u00bb text_font=\u00bbRoboto||||||||\u00bb header_3_font=\u00bb||||||||\u00bb custom_padding=\u00bb||8px|||\u00bb header_font_size_tablet=\u00bb20px\u00bb header_font_size_phone=\u00bb20px\u00bb header_font_size_last_edited=\u00bbon|phone\u00bb header_2_font_size_tablet=\u00bb24px\u00bb header_2_font_size_phone=\u00bb24px\u00bb header_2_font_size_last_edited=\u00bbon|tablet\u00bb global_colors_info=\u00bb{}\u00bb theme_builder_area=\u00bbpost_content\u00bb]<\/p>\n<h2>DB Elettronica Telecomunicazioni S.p.A.<\/h2>\n<p>considera de gran importancia la responsabilidad derivada del aspecto social de la empresa.<\/p>\n<p>Asegurar una mejora continua de la calidad de los productos y servicios ofrecidos, as\u00ed como garantizar los principios generales (transparencia, equidad y lealtad) que inspiran la conducta y la gesti\u00f3n de los negocios, son los puntos fundamentales que debe perseguir la empresa y estos objetivos s\u00f3lo pueden alcanzarse con un crecimiento organizativo continuo.<\/p>\n<p>[\/et_pb_text][et_pb_text _builder_version=\u00bb4.24.0&#8243; _module_preset=\u00bbdefault\u00bb custom_css_free_form=\u00bbselector li {|| padding-bottom:20px;||}\u00bb global_colors_info=\u00bb{}\u00bb theme_builder_area=\u00bbpost_content\u00bb]<\/p>\n<p><span class=\"HwtZe\" lang=\"es\"><span class=\"jCAhz ChMk0b\"><span class=\"ryNqvb\">Descargue el archivo relativo a nuestro <strong>C\u00f3digo \u00c9tico<\/strong><\/span><\/span><\/span><\/p>\n<p>[\/et_pb_text][et_pb_button button_url=\u00bbhttps:\/\/www.dbbroadcast.com\/wp-content\/uploads\/2024\/09\/Codice_Etico_DB_Ed01.pdf\u00bb url_new_window=\u00bbon\u00bb button_text=\u00bbC\u00d3DIGO \u00c9TICO DE DB PDF\u00bb _builder_version=\u00bb4.27.0&#8243; _module_preset=\u00bbdefault\u00bb custom_button=\u00bbon\u00bb button_text_size=\u00bb14px\u00bb button_text_color=\u00bb#0C71C3&#8243; button_bg_color=\u00bbRGBA(0,0,0,0)\u00bb button_border_width=\u00bb0px\u00bb button_border_radius=\u00bb0px\u00bb button_letter_spacing=\u00bb1px\u00bb button_font=\u00bbRoboto|||on|||||\u00bb button_icon=\u00bb&#x45;||divi||400&#8243; button_icon_color=\u00bb#4b9cd3&#8243; custom_margin=\u00bb5%||||false|false\u00bb custom_margin_tablet=\u00bb|5%||5%|false|true\u00bb custom_margin_phone=\u00bb|5%||5%|false|true\u00bb custom_margin_last_edited=\u00bbon|tablet\u00bb custom_padding=\u00bb2.5%||2.5%||false|false\u00bb hover_enabled=\u00bb0&#8243; box_shadow_style=\u00bbpreset4&#8243; box_shadow_horizontal=\u00bb-4px\u00bb box_shadow_vertical=\u00bb0px\u00bb box_shadow_color=\u00bb#e5e8ea\u00bb locked=\u00bboff\u00bb global_colors_info=\u00bb{}\u00bb button_text_color__hover=\u00bb#4b9cd3&#8243; button_text_color__hover_enabled=\u00bbon|hover\u00bb theme_builder_area=\u00bbpost_content\u00bb sticky_enabled=\u00bb0&#8243;][\/et_pb_button][\/et_pb_column][et_pb_column type=\u00bb2_5&#8243; _builder_version=\u00bb4.16&#8243; _module_preset=\u00bbdefault\u00bb global_colors_info=\u00bb{}\u00bb theme_builder_area=\u00bbpost_content\u00bb][et_pb_gallery gallery_ids=\u00bb15370&#8243; fullwidth=\u00bbon\u00bb _builder_version=\u00bb4.24.0&#8243; _module_preset=\u00bbdefault\u00bb dbdb_version=\u00bb4.3.6&#8243; global_colors_info=\u00bb{}\u00bb theme_builder_area=\u00bbpost_content\u00bb][\/et_pb_gallery][\/et_pb_column][\/et_pb_row][\/et_pb_section][et_pb_section fb_built=\u00bb1&#8243; disabled_on=\u00bboff|off|off\u00bb admin_label=\u00bbSezione &#8211; contatti\u00bb _builder_version=\u00bb4.16&#8243; _module_preset=\u00bbdefault\u00bb background_color=\u00bb#4b9cd3&#8243; custom_margin=\u00bb0px||0px||false|false\u00bb custom_padding=\u00bb0px||0px||false|false\u00bb global_module=\u00bb10278&#8243; saved_tabs=\u00bball\u00bb locked=\u00bboff\u00bb global_colors_info=\u00bb{}\u00bb theme_builder_area=\u00bbpost_content\u00bb][et_pb_row column_structure=\u00bb3_4,1_4&#8243; make_equal=\u00bbon\u00bb _builder_version=\u00bb4.17.4&#8243; _module_preset=\u00bbdefault\u00bb width=\u00bb85%\u00bb width_tablet=\u00bb85%\u00bb width_phone=\u00bb\u00bb width_last_edited=\u00bbon|desktop\u00bb max_width_tablet=\u00bb\u00bb max_width_phone=\u00bb\u00bb max_width_last_edited=\u00bbon|tablet\u00bb global_colors_info=\u00bb{}\u00bb theme_builder_area=\u00bbpost_content\u00bb][et_pb_column type=\u00bb3_4&#8243; module_class=\u00bbiq-centra-verticale\u00bb _builder_version=\u00bb4.16&#8243; _module_preset=\u00bbdefault\u00bb global_colors_info=\u00bb{}\u00bb theme_builder_area=\u00bbpost_content\u00bb][et_pb_text _builder_version=\u00bb4.17.6&#8243; _module_preset=\u00bbdefault\u00bb text_font=\u00bbRoboto|700||on|||||\u00bb text_font_size=\u00bb25px\u00bb text_line_height=\u00bb1.2em\u00bb header_2_font=\u00bbRoboto|||on|||||\u00bb header_2_line_height=\u00bb1.2em\u00bb header_3_font=\u00bbRoboto|500||on|||||\u00bb header_3_text_align=\u00bbleft\u00bb header_3_font_size=\u00bb25px\u00bb header_3_line_height=\u00bb1.2em\u00bb header_5_font=\u00bbRoboto|||on|||||\u00bb header_5_text_color=\u00bb#4b9cd3&#8243; text_orientation=\u00bbcenter\u00bb background_layout=\u00bbdark\u00bb text_font_size_tablet=\u00bb22px\u00bb text_font_size_phone=\u00bb\u00bb text_font_size_last_edited=\u00bbon|phone\u00bb header_3_text_align_tablet=\u00bbcenter\u00bb header_3_text_align_phone=\u00bb\u00bb header_3_text_align_last_edited=\u00bbon|phone\u00bb header_3_font_size_tablet=\u00bb\u00bb header_3_font_size_phone=\u00bb20px\u00bb header_3_font_size_last_edited=\u00bbon|phone\u00bb text_orientation_tablet=\u00bbcenter\u00bb text_orientation_phone=\u00bb\u00bb text_orientation_last_edited=\u00bbon|phone\u00bb locked=\u00bboff\u00bb global_colors_info=\u00bb{}\u00bb theme_builder_area=\u00bbpost_content\u00bb]<\/p>\n<p><strong>NO DUDE EN PONERSE EN CONTACTO CON NOSOTROS PARA CUALQUIER TIPO DE ASISTENCIA QUE NECESITE<\/strong><\/p>\n<p>[\/et_pb_text][\/et_pb_column][et_pb_column type=\u00bb1_4&#8243; _builder_version=\u00bb4.16&#8243; _module_preset=\u00bbdefault\u00bb global_colors_info=\u00bb{}\u00bb theme_builder_area=\u00bbpost_content\u00bb][et_pb_button button_url=\u00bbhttps:\/\/www.dbbroadcast.com\/es\/contactos-db\/\u00bb button_text=\u00bbContactar con nosotros\u00bb button_alignment=\u00bbcenter\u00bb admin_label=\u00bbButton contact\u00bb _builder_version=\u00bb4.17.6&#8243; _module_preset=\u00bbdefault\u00bb custom_button=\u00bbon\u00bb button_text_size=\u00bb14px\u00bb button_text_color=\u00bb#FFFFFF\u00bb button_bg_color=\u00bb#000000&#8243; button_border_width=\u00bb0px\u00bb button_border_radius=\u00bb100px\u00bb button_letter_spacing=\u00bb1px\u00bb button_font=\u00bbRoboto|||on|||||\u00bb button_icon=\u00bb&#x45;||divi||400&#8243; button_icon_color=\u00bb#4b9cd3&#8243; custom_padding=\u00bb8%|10%|8%|10%|true|true\u00bb custom_padding_tablet=\u00bb4%|8%|4%|8%|true|true\u00bb custom_padding_phone=\u00bb6%|10%|6%|10%|true|true\u00bb custom_padding_last_edited=\u00bbon|phone\u00bb locked=\u00bboff\u00bb global_colors_info=\u00bb{}\u00bb button_text_color__hover=\u00bb#000000&#8243; button_text_color__hover_enabled=\u00bbon|hover\u00bb button_bg_color__hover_enabled=\u00bbon|hover\u00bb button_bg_color__hover=\u00bb#FFFFFF\u00bb button_bg_enable_color__hover=\u00bbon\u00bb button_icon_color__hover_enabled=\u00bbon|hover\u00bb button_icon_color__hover=\u00bb#4b9cd3&#8243; theme_builder_area=\u00bbpost_content\u00bb][\/et_pb_button][\/et_pb_column][\/et_pb_row][\/et_pb_section]<\/p>\n","protected":false},"excerpt":{"rendered":"<p>C\u00d3DIGO DE \u00c9TICADB Elettronica Telecomunicazioni S.p.A. considera de gran importancia la responsabilidad derivada del aspecto social de la empresa. Asegurar una mejora continua de la calidad de los productos y servicios ofrecidos, as\u00ed como garantizar los principios generales (transparencia, equidad y lealtad) que inspiran la conducta y la gesti\u00f3n de los negocios, son los puntos [&hellip;]<\/p>\n","protected":false},"author":8,"featured_media":0,"parent":0,"menu_order":0,"comment_status":"closed","ping_status":"closed","template":"","meta":{"_et_pb_use_builder":"on","_et_pb_old_content":"","_et_gb_content_width":"","footnotes":""},"class_list":["post-15369","page","type-page","status-publish","hentry"],"yoast_head":"<!-- This site is optimized with the Yoast SEO plugin v26.4 - https:\/\/yoast.com\/wordpress\/plugins\/seo\/ -->\n<title>C\u00d3DIGO DE \u00c9TICA - DB Broadcasting<\/title>\n<meta name=\"description\" content=\"En BD Broadcast reconocemos la importancia de los valores e iniciativas sociales. Descubra nuestro compromiso para hacer del mundo un lugar mejor.\" \/>\n<meta name=\"robots\" content=\"noindex, nofollow\" \/>\n<meta property=\"og:locale\" content=\"es_ES\" \/>\n<meta property=\"og:type\" content=\"article\" \/>\n<meta property=\"og:title\" content=\"C\u00d3DIGO DE \u00c9TICA - DB Broadcasting\" \/>\n<meta property=\"og:description\" content=\"En BD Broadcast reconocemos la importancia de los valores e iniciativas sociales. Descubra nuestro compromiso para hacer del mundo un lugar mejor.\" \/>\n<meta property=\"og:url\" content=\"https:\/\/www.dbbroadcast.com\/es\/codigo-de-etica\/\" \/>\n<meta property=\"og:site_name\" content=\"DB Broadcasting\" \/>\n<meta property=\"article:modified_time\" content=\"2024-09-06T09:19:08+00:00\" \/>\n<meta name=\"twitter:card\" content=\"summary_large_image\" \/>\n<meta name=\"twitter:label1\" content=\"Tiempo de lectura\" \/>\n\t<meta name=\"twitter:data1\" content=\"1 minuto\" \/>\n<script type=\"application\/ld+json\" class=\"yoast-schema-graph\">{\"@context\":\"https:\/\/schema.org\",\"@graph\":[{\"@type\":\"WebPage\",\"@id\":\"https:\/\/www.dbbroadcast.com\/es\/codigo-de-etica\/\",\"url\":\"https:\/\/www.dbbroadcast.com\/es\/codigo-de-etica\/\",\"name\":\"C\u00d3DIGO DE \u00c9TICA - DB Broadcasting\",\"isPartOf\":{\"@id\":\"https:\/\/www.dbbroadcast.com\/es\/#website\"},\"datePublished\":\"2024-09-06T09:18:58+00:00\",\"dateModified\":\"2024-09-06T09:19:08+00:00\",\"description\":\"En BD Broadcast reconocemos la importancia de los valores e iniciativas sociales. Descubra nuestro compromiso para hacer del mundo un lugar mejor.\",\"breadcrumb\":{\"@id\":\"https:\/\/www.dbbroadcast.com\/es\/codigo-de-etica\/#breadcrumb\"},\"inLanguage\":\"es\",\"potentialAction\":[{\"@type\":\"ReadAction\",\"target\":[\"https:\/\/www.dbbroadcast.com\/es\/codigo-de-etica\/\"]}]},{\"@type\":\"BreadcrumbList\",\"@id\":\"https:\/\/www.dbbroadcast.com\/es\/codigo-de-etica\/#breadcrumb\",\"itemListElement\":[{\"@type\":\"ListItem\",\"position\":1,\"name\":\"Home\",\"item\":\"https:\/\/www.dbbroadcast.com\/es\/\"},{\"@type\":\"ListItem\",\"position\":2,\"name\":\"C\u00d3DIGO DE \u00c9TICA\"}]},{\"@type\":\"WebSite\",\"@id\":\"https:\/\/www.dbbroadcast.com\/es\/#website\",\"url\":\"https:\/\/www.dbbroadcast.com\/es\/\",\"name\":\"DB Broadcast\",\"description\":\"Broadcasting Equipment\",\"potentialAction\":[{\"@type\":\"SearchAction\",\"target\":{\"@type\":\"EntryPoint\",\"urlTemplate\":\"https:\/\/www.dbbroadcast.com\/es\/?s={search_term_string}\"},\"query-input\":{\"@type\":\"PropertyValueSpecification\",\"valueRequired\":true,\"valueName\":\"search_term_string\"}}],\"inLanguage\":\"es\"}]}<\/script>\n<!-- \/ Yoast SEO plugin. -->","yoast_head_json":{"title":"C\u00d3DIGO DE \u00c9TICA - DB Broadcasting","description":"En BD Broadcast reconocemos la importancia de los valores e iniciativas sociales. Descubra nuestro compromiso para hacer del mundo un lugar mejor.","robots":{"index":"noindex","follow":"nofollow"},"og_locale":"es_ES","og_type":"article","og_title":"C\u00d3DIGO DE \u00c9TICA - DB Broadcasting","og_description":"En BD Broadcast reconocemos la importancia de los valores e iniciativas sociales. Descubra nuestro compromiso para hacer del mundo un lugar mejor.","og_url":"https:\/\/www.dbbroadcast.com\/es\/codigo-de-etica\/","og_site_name":"DB Broadcasting","article_modified_time":"2024-09-06T09:19:08+00:00","twitter_card":"summary_large_image","twitter_misc":{"Tiempo de lectura":"1 minuto"},"schema":{"@context":"https:\/\/schema.org","@graph":[{"@type":"WebPage","@id":"https:\/\/www.dbbroadcast.com\/es\/codigo-de-etica\/","url":"https:\/\/www.dbbroadcast.com\/es\/codigo-de-etica\/","name":"C\u00d3DIGO DE \u00c9TICA - DB Broadcasting","isPartOf":{"@id":"https:\/\/www.dbbroadcast.com\/es\/#website"},"datePublished":"2024-09-06T09:18:58+00:00","dateModified":"2024-09-06T09:19:08+00:00","description":"En BD Broadcast reconocemos la importancia de los valores e iniciativas sociales. Descubra nuestro compromiso para hacer del mundo un lugar mejor.","breadcrumb":{"@id":"https:\/\/www.dbbroadcast.com\/es\/codigo-de-etica\/#breadcrumb"},"inLanguage":"es","potentialAction":[{"@type":"ReadAction","target":["https:\/\/www.dbbroadcast.com\/es\/codigo-de-etica\/"]}]},{"@type":"BreadcrumbList","@id":"https:\/\/www.dbbroadcast.com\/es\/codigo-de-etica\/#breadcrumb","itemListElement":[{"@type":"ListItem","position":1,"name":"Home","item":"https:\/\/www.dbbroadcast.com\/es\/"},{"@type":"ListItem","position":2,"name":"C\u00d3DIGO DE \u00c9TICA"}]},{"@type":"WebSite","@id":"https:\/\/www.dbbroadcast.com\/es\/#website","url":"https:\/\/www.dbbroadcast.com\/es\/","name":"DB Broadcast","description":"Broadcasting Equipment","potentialAction":[{"@type":"SearchAction","target":{"@type":"EntryPoint","urlTemplate":"https:\/\/www.dbbroadcast.com\/es\/?s={search_term_string}"},"query-input":{"@type":"PropertyValueSpecification","valueRequired":true,"valueName":"search_term_string"}}],"inLanguage":"es"}]}},"rttpg_featured_image_url":null,"rttpg_author":{"display_name":"linkness","author_link":"https:\/\/www.dbbroadcast.com\/es\/author\/linkness\/"},"rttpg_comment":0,"rttpg_category":" <a href=\"https:\/\/www.dbbroadcast.com\/es\/?taxonomy=translation_priority&#038;term=opcional\" rel=\"tag\">Opcional<\/a><a href=\"https:\/\/www.dbbroadcast.com\/?taxonomy=translation_priority&#038;term=optional\" rel=\"tag\">Optional<\/a><a href=\"https:\/\/www.dbbroadcast.com\/it\/?taxonomy=translation_priority&#038;term=opzionale\" rel=\"tag\">Opzionale<\/a>","rttpg_excerpt":null,"_links":{"self":[{"href":"https:\/\/www.dbbroadcast.com\/es\/wp-json\/wp\/v2\/pages\/15369","targetHints":{"allow":["GET"]}}],"collection":[{"href":"https:\/\/www.dbbroadcast.com\/es\/wp-json\/wp\/v2\/pages"}],"about":[{"href":"https:\/\/www.dbbroadcast.com\/es\/wp-json\/wp\/v2\/types\/page"}],"author":[{"embeddable":true,"href":"https:\/\/www.dbbroadcast.com\/es\/wp-json\/wp\/v2\/users\/8"}],"replies":[{"embeddable":true,"href":"https:\/\/www.dbbroadcast.com\/es\/wp-json\/wp\/v2\/comments?post=15369"}],"version-history":[{"count":3,"href":"https:\/\/www.dbbroadcast.com\/es\/wp-json\/wp\/v2\/pages\/15369\/revisions"}],"predecessor-version":[{"id":15408,"href":"https:\/\/www.dbbroadcast.com\/es\/wp-json\/wp\/v2\/pages\/15369\/revisions\/15408"}],"wp:attachment":[{"href":"https:\/\/www.dbbroadcast.com\/es\/wp-json\/wp\/v2\/media?parent=15369"}],"curies":[{"name":"wp","href":"https:\/\/api.w.org\/{rel}","templated":true}]}}