{"id":15384,"date":"2024-09-06T09:15:12","date_gmt":"2024-09-06T09:15:12","guid":{"rendered":"https:\/\/www.dbbroadcast.com\/?page_id=15384"},"modified":"2024-09-06T09:15:21","modified_gmt":"2024-09-06T09:15:21","slug":"responsabilidad-social","status":"publish","type":"page","link":"https:\/\/www.dbbroadcast.com\/es\/responsabilidad-social\/","title":{"rendered":"RESPONSABILIDAD SOCIAL"},"content":{"rendered":"<p>[et_pb_section fb_built=\u00bb1&#8243; admin_label=\u00bbHero Section\u00bb _builder_version=\u00bb4.24.0&#8243; use_background_color_gradient=\u00bbon\u00bb background_color_gradient_direction=\u00bb150deg\u00bb background_color_gradient_stops=\u00bb#000000 0%|rgba(0,0,0,0.4) 100%\u00bb background_color_gradient_overlays_image=\u00bbon\u00bb background_color_gradient_start=\u00bb#000000&#8243; background_color_gradient_end=\u00bbrgba(0,0,0,0.4)\u00bb background_image=\u00bbhttps:\/\/www.dbbroadcast.com\/wp-content\/uploads\/2024\/09\/bg-resp6.jpg\u00bb custom_padding=\u00bb10%||10%||true|false\u00bb locked=\u00bboff\u00bb global_colors_info=\u00bb{}\u00bb theme_builder_area=\u00bbpost_content\u00bb][et_pb_row _builder_version=\u00bb4.16&#8243; width_tablet=\u00bb\u00bb width_phone=\u00bb\u00bb width_last_edited=\u00bbon|desktop\u00bb global_colors_info=\u00bb{}\u00bb theme_builder_area=\u00bbpost_content\u00bb][et_pb_column type=\u00bb4_4&#8243; _builder_version=\u00bb4.16&#8243; custom_padding=\u00bb|||\u00bb global_colors_info=\u00bb{}\u00bb custom_padding__hover=\u00bb|||\u00bb theme_builder_area=\u00bbpost_content\u00bb][et_pb_text _builder_version=\u00bb4.24.0&#8243; _module_preset=\u00bbdefault\u00bb text_font=\u00bbRoboto||||||||\u00bb header_font_size=\u00bb34px\u00bb text_orientation=\u00bbcenter\u00bb background_layout=\u00bbdark\u00bb header_font_size_tablet=\u00bb28px\u00bb header_font_size_phone=\u00bb28px\u00bb header_font_size_last_edited=\u00bbon|phone\u00bb global_colors_info=\u00bb{}\u00bb theme_builder_area=\u00bbpost_content\u00bb]<\/p>\n<h1><span class=\"HwtZe\" lang=\"es\"><span class=\"jCAhz ChMk0b\"><span class=\"ryNqvb\">RESPONSABILIDAD SOCIAL<\/span><\/span><\/span><\/h1>\n<p>[\/et_pb_text][\/et_pb_column][\/et_pb_row][\/et_pb_section][et_pb_section fb_built=\u00bb1&#8243; _builder_version=\u00bb4.16&#8243; _module_preset=\u00bbdefault\u00bb background_enable_color=\u00bboff\u00bb locked=\u00bboff\u00bb collapsed=\u00bboff\u00bb global_colors_info=\u00bb{}\u00bb theme_builder_area=\u00bbpost_content\u00bb][et_pb_row column_structure=\u00bb3_5,2_5&#8243; make_equal=\u00bbon\u00bb _builder_version=\u00bb4.17.4&#8243; _module_preset=\u00bbdefault\u00bb width_tablet=\u00bb\u00bb width_phone=\u00bb\u00bb width_last_edited=\u00bbon|desktop\u00bb global_colors_info=\u00bb{}\u00bb theme_builder_area=\u00bbpost_content\u00bb][et_pb_column type=\u00bb3_5&#8243; module_class=\u00bbiq-centra-verticale\u00bb _builder_version=\u00bb4.16&#8243; _module_preset=\u00bbdefault\u00bb background_color=\u00bbRGBA(255,255,255,0)\u00bb global_colors_info=\u00bb{}\u00bb theme_builder_area=\u00bbpost_content\u00bb][et_pb_text _builder_version=\u00bb4.24.0&#8243; _module_preset=\u00bbdefault\u00bb text_font=\u00bbRoboto||||||||\u00bb header_3_font=\u00bb||||||||\u00bb custom_padding=\u00bb||8px|||\u00bb header_font_size_tablet=\u00bb20px\u00bb header_font_size_phone=\u00bb20px\u00bb header_font_size_last_edited=\u00bbon|phone\u00bb header_2_font_size_tablet=\u00bb24px\u00bb header_2_font_size_phone=\u00bb24px\u00bb header_2_font_size_last_edited=\u00bbon|tablet\u00bb global_colors_info=\u00bb{}\u00bb theme_builder_area=\u00bbpost_content\u00bb]<\/p>\n<h2>DB Elettronica Telecomunicazioni S.p.A.<\/h2>\n<h4 style=\"text-align: left;\">consciente de su misi\u00f3n y responsabilidades dentro de la comunidad econ\u00f3mica y social, quiere caracterizarse como un operador excelente en t\u00e9rminos de Responsabilidad Social.<\/h4>\n<p>[\/et_pb_text][\/et_pb_column][et_pb_column type=\u00bb2_5&#8243; _builder_version=\u00bb4.16&#8243; _module_preset=\u00bbdefault\u00bb global_colors_info=\u00bb{}\u00bb theme_builder_area=\u00bbpost_content\u00bb][et_pb_gallery gallery_ids=\u00bb15291&#8243; fullwidth=\u00bbon\u00bb _builder_version=\u00bb4.24.0&#8243; _module_preset=\u00bbdefault\u00bb dbdb_version=\u00bb4.3.6&#8243; global_colors_info=\u00bb{}\u00bb theme_builder_area=\u00bbpost_content\u00bb][\/et_pb_gallery][\/et_pb_column][\/et_pb_row][\/et_pb_section][et_pb_section fb_built=\u00bb1&#8243; _builder_version=\u00bb4.16&#8243; _module_preset=\u00bbdefault\u00bb background_color=\u00bb#f7f7f7&#8243; locked=\u00bboff\u00bb global_colors_info=\u00bb{}\u00bb theme_builder_area=\u00bbpost_content\u00bb][et_pb_row column_structure=\u00bb1_2,1_2&#8243; use_custom_gutter=\u00bbon\u00bb gutter_width=\u00bb2&#8243; make_equal=\u00bbon\u00bb _builder_version=\u00bb4.16&#8243; _module_preset=\u00bbdefault\u00bb width_tablet=\u00bb80%\u00bb width_phone=\u00bb80%\u00bb width_last_edited=\u00bbon|tablet\u00bb global_colors_info=\u00bb{}\u00bb theme_builder_area=\u00bbpost_content\u00bb][et_pb_column type=\u00bb1_2&#8243; _builder_version=\u00bb4.16&#8243; _module_preset=\u00bbdefault\u00bb custom_padding_tablet=\u00bb0%|0%|0%||true|false\u00bb custom_padding_phone=\u00bb0%|0%|0%||true|false\u00bb custom_padding_last_edited=\u00bbon|phone\u00bb global_colors_info=\u00bb{}\u00bb theme_builder_area=\u00bbpost_content\u00bb][et_pb_text _builder_version=\u00bb4.24.0&#8243; _module_preset=\u00bbdefault\u00bb custom_css_free_form=\u00bbselector li {||  padding-bottom:20px;||}\u00bb global_colors_info=\u00bb{}\u00bb theme_builder_area=\u00bbpost_content\u00bb]<\/p>\n<p>Esto significa, para <strong>DB Elettronica Telecomunicazioni S.p.A.<\/strong>:<\/p>\n<p>&nbsp;<\/p>\n<ul>\n<li>considerar a sus empleados como un recurso estrat\u00e9gico, garantizando el respeto de sus derechos y promoviendo su desarrollo profesional y personal<\/li>\n<li>considerar a sus proveedores como socios, no s\u00f3lo para la realizaci\u00f3n de actividades, sino tambi\u00e9n en t\u00e9rminos de responsabilidad social<\/li>\n<li>considerar a sus clientes como un elemento fundamental de \u00e9xito, trabajando para su satisfacci\u00f3n tambi\u00e9n en lo que respecta a las normas de responsabilidad social.<\/li>\n<\/ul>\n<p>[\/et_pb_text][\/et_pb_column][et_pb_column type=\u00bb1_2&#8243; _builder_version=\u00bb4.16&#8243; _module_preset=\u00bbdefault\u00bb global_colors_info=\u00bb{}\u00bb theme_builder_area=\u00bbpost_content\u00bb][et_pb_text _builder_version=\u00bb4.24.0&#8243; _module_preset=\u00bbdefault\u00bb custom_css_free_form=\u00bbselector li {||  padding-bottom:20px;||}\u00bb global_colors_info=\u00bb{}\u00bb theme_builder_area=\u00bbpost_content\u00bb]<\/p>\n<p>A tal fin, es compromiso formal de <strong>DB Elettronica Telecomunicazioni S.p.A:<\/strong><\/p>\n<ul>\n<li>cumplir todos los requisitos de la norma SA 8000<\/li>\n<li>cumplir las leyes nacionales, todas las dem\u00e1s leyes aplicables y otros requisitos a los que <strong>DB Elettronica Telecomunicazioni S.p.A<\/strong> se adhiera, as\u00ed como cumplir las disposiciones contenidas en los documentos oficiales internacionales y sus interpretaciones<\/li>\n<li>garantizar el seguimiento y la mejora constantes de su Sistema de Gesti\u00f3n de Responsabilidad Social, definiendo -durante las reuniones de Revisi\u00f3n por la Direcci\u00f3n- objetivos espec\u00edficos de mejora y verificando su consecuci\u00f3n.<\/li>\n<\/ul>\n<p>[\/et_pb_text][\/et_pb_column][\/et_pb_row][et_pb_row _builder_version=\u00bb4.16&#8243; _module_preset=\u00bbdefault\u00bb global_colors_info=\u00bb{}\u00bb theme_builder_area=\u00bbpost_content\u00bb][et_pb_column type=\u00bb4_4&#8243; _builder_version=\u00bb4.16&#8243; _module_preset=\u00bbdefault\u00bb global_colors_info=\u00bb{}\u00bb theme_builder_area=\u00bbpost_content\u00bb][et_pb_text _builder_version=\u00bb4.24.0&#8243; _module_preset=\u00bbdefault\u00bb custom_css_free_form=\u00bbselector li {||  padding-bottom:20px;||}\u00bb global_colors_info=\u00bb{}\u00bb theme_builder_area=\u00bbpost_content\u00bb]<\/p>\n<p>Descarga el archivo relativo a nuestra <strong>pol\u00edtica de responsabilidad social:<\/strong><\/p>\n<p>[\/et_pb_text][et_pb_button button_url=\u00bbhttps:\/\/www.dbbroadcast.com\/wp-content\/uploads\/2024\/09\/Politica_Responsabilita_Sociale_2024_R1.1.pdf\u00bb button_text=\u00bbDESCARGAR POL\u00cdTICA DE CSR\u00bb _builder_version=\u00bb4.27.0&#8243; _module_preset=\u00bbdefault\u00bb custom_button=\u00bbon\u00bb button_text_size=\u00bb20px\u00bb button_font=\u00bb|||on|||||\u00bb button_icon=\u00bb&#x68;||divi||400&#8243; button_icon_placement=\u00bbleft\u00bb button_on_hover=\u00bboff\u00bb background_layout=\u00bbdark\u00bb animation_style=\u00bbfade\u00bb animation_duration=\u00bb550ms\u00bb hover_enabled=\u00bb0&#8243; custom_css_free_form=\u00bbselector:hover {||  background: #313131 !important;||  color: #4b9cd3 !important;||}\u00bb global_colors_info=\u00bb{}\u00bb theme_builder_area=\u00bbpost_content\u00bb sticky_enabled=\u00bb0&#8243;][\/et_pb_button][\/et_pb_column][\/et_pb_row][\/et_pb_section][et_pb_section fb_built=\u00bb1&#8243; disabled_on=\u00bboff|off|off\u00bb admin_label=\u00bbSezione &#8211; contatti\u00bb _builder_version=\u00bb4.16&#8243; _module_preset=\u00bbdefault\u00bb background_color=\u00bb#4b9cd3&#8243; custom_margin=\u00bb0px||0px||false|false\u00bb custom_padding=\u00bb0px||0px||false|false\u00bb global_module=\u00bb10278&#8243; saved_tabs=\u00bball\u00bb locked=\u00bboff\u00bb global_colors_info=\u00bb{}\u00bb theme_builder_area=\u00bbpost_content\u00bb][et_pb_row column_structure=\u00bb3_4,1_4&#8243; make_equal=\u00bbon\u00bb _builder_version=\u00bb4.17.4&#8243; _module_preset=\u00bbdefault\u00bb width=\u00bb85%\u00bb width_tablet=\u00bb85%\u00bb width_phone=\u00bb\u00bb width_last_edited=\u00bbon|desktop\u00bb max_width_tablet=\u00bb\u00bb max_width_phone=\u00bb\u00bb max_width_last_edited=\u00bbon|tablet\u00bb global_colors_info=\u00bb{}\u00bb theme_builder_area=\u00bbpost_content\u00bb][et_pb_column type=\u00bb3_4&#8243; module_class=\u00bbiq-centra-verticale\u00bb _builder_version=\u00bb4.16&#8243; _module_preset=\u00bbdefault\u00bb global_colors_info=\u00bb{}\u00bb theme_builder_area=\u00bbpost_content\u00bb][et_pb_text _builder_version=\u00bb4.17.6&#8243; _module_preset=\u00bbdefault\u00bb text_font=\u00bbRoboto|700||on|||||\u00bb text_font_size=\u00bb25px\u00bb text_line_height=\u00bb1.2em\u00bb header_2_font=\u00bbRoboto|||on|||||\u00bb header_2_line_height=\u00bb1.2em\u00bb header_3_font=\u00bbRoboto|500||on|||||\u00bb header_3_text_align=\u00bbleft\u00bb header_3_font_size=\u00bb25px\u00bb header_3_line_height=\u00bb1.2em\u00bb header_5_font=\u00bbRoboto|||on|||||\u00bb header_5_text_color=\u00bb#4b9cd3&#8243; text_orientation=\u00bbcenter\u00bb background_layout=\u00bbdark\u00bb text_font_size_tablet=\u00bb22px\u00bb text_font_size_phone=\u00bb\u00bb text_font_size_last_edited=\u00bbon|phone\u00bb header_3_text_align_tablet=\u00bbcenter\u00bb header_3_text_align_phone=\u00bb\u00bb header_3_text_align_last_edited=\u00bbon|phone\u00bb header_3_font_size_tablet=\u00bb\u00bb header_3_font_size_phone=\u00bb20px\u00bb header_3_font_size_last_edited=\u00bbon|phone\u00bb text_orientation_tablet=\u00bbcenter\u00bb text_orientation_phone=\u00bb\u00bb text_orientation_last_edited=\u00bbon|phone\u00bb locked=\u00bboff\u00bb global_colors_info=\u00bb{}\u00bb theme_builder_area=\u00bbpost_content\u00bb]<\/p>\n<p><strong>NO DUDE EN PONERSE EN CONTACTO CON NOSOTROS PARA CUALQUIER TIPO DE ASISTENCIA QUE NECESITE<\/strong><\/p>\n<p>[\/et_pb_text][\/et_pb_column][et_pb_column type=\u00bb1_4&#8243; _builder_version=\u00bb4.16&#8243; _module_preset=\u00bbdefault\u00bb global_colors_info=\u00bb{}\u00bb theme_builder_area=\u00bbpost_content\u00bb][et_pb_button button_url=\u00bbhttps:\/\/www.dbbroadcast.com\/es\/contactos-db\/\u00bb button_text=\u00bbContactar con nosotros\u00bb button_alignment=\u00bbcenter\u00bb admin_label=\u00bbButton contact\u00bb _builder_version=\u00bb4.17.6&#8243; _module_preset=\u00bbdefault\u00bb custom_button=\u00bbon\u00bb button_text_size=\u00bb14px\u00bb button_text_color=\u00bb#FFFFFF\u00bb button_bg_color=\u00bb#000000&#8243; button_border_width=\u00bb0px\u00bb button_border_radius=\u00bb100px\u00bb button_letter_spacing=\u00bb1px\u00bb button_font=\u00bbRoboto|||on|||||\u00bb button_icon=\u00bb&#x45;||divi||400&#8243; button_icon_color=\u00bb#4b9cd3&#8243; custom_padding=\u00bb8%|10%|8%|10%|true|true\u00bb custom_padding_tablet=\u00bb4%|8%|4%|8%|true|true\u00bb custom_padding_phone=\u00bb6%|10%|6%|10%|true|true\u00bb custom_padding_last_edited=\u00bbon|phone\u00bb locked=\u00bboff\u00bb global_colors_info=\u00bb{}\u00bb button_text_color__hover=\u00bb#000000&#8243; button_text_color__hover_enabled=\u00bbon|hover\u00bb button_bg_color__hover_enabled=\u00bbon|hover\u00bb button_bg_color__hover=\u00bb#FFFFFF\u00bb button_bg_enable_color__hover=\u00bbon\u00bb button_icon_color__hover_enabled=\u00bbon|hover\u00bb button_icon_color__hover=\u00bb#4b9cd3&#8243; theme_builder_area=\u00bbpost_content\u00bb][\/et_pb_button][\/et_pb_column][\/et_pb_row][\/et_pb_section]<\/p>\n","protected":false},"excerpt":{"rendered":"<p>RESPONSABILIDAD SOCIALDB Elettronica Telecomunicazioni S.p.A. consciente de su misi\u00f3n y responsabilidades dentro de la comunidad econ\u00f3mica y social, quiere caracterizarse como un operador excelente en t\u00e9rminos de Responsabilidad Social.Esto significa, para DB Elettronica Telecomunicazioni S.p.A.: &nbsp; considerar a sus empleados como un recurso estrat\u00e9gico, garantizando el respeto de sus derechos y promoviendo su desarrollo profesional [&hellip;]<\/p>\n","protected":false},"author":8,"featured_media":0,"parent":0,"menu_order":0,"comment_status":"closed","ping_status":"closed","template":"","meta":{"_et_pb_use_builder":"on","_et_pb_old_content":"","_et_gb_content_width":"","footnotes":""},"class_list":["post-15384","page","type-page","status-publish","hentry"],"yoast_head":"<!-- This site is optimized with the Yoast SEO plugin v26.4 - https:\/\/yoast.com\/wordpress\/plugins\/seo\/ -->\n<title>RESPONSABILIDAD SOCIAL - DB Broadcasting<\/title>\n<meta name=\"description\" content=\"En BD Broadcast reconocemos la importancia de los valores e iniciativas sociales. Descubra nuestro compromiso para hacer del mundo un lugar mejor.\" \/>\n<meta name=\"robots\" content=\"noindex, nofollow\" \/>\n<meta property=\"og:locale\" content=\"es_ES\" \/>\n<meta property=\"og:type\" content=\"article\" \/>\n<meta property=\"og:title\" content=\"RESPONSABILIDAD SOCIAL - DB Broadcasting\" \/>\n<meta property=\"og:description\" content=\"En BD Broadcast reconocemos la importancia de los valores e iniciativas sociales. Descubra nuestro compromiso para hacer del mundo un lugar mejor.\" \/>\n<meta property=\"og:url\" content=\"https:\/\/www.dbbroadcast.com\/es\/responsabilidad-social\/\" \/>\n<meta property=\"og:site_name\" content=\"DB Broadcasting\" \/>\n<meta property=\"article:modified_time\" content=\"2024-09-06T09:15:21+00:00\" \/>\n<meta name=\"twitter:card\" content=\"summary_large_image\" \/>\n<meta name=\"twitter:label1\" content=\"Tiempo de lectura\" \/>\n\t<meta name=\"twitter:data1\" content=\"2 minutos\" \/>\n<script type=\"application\/ld+json\" class=\"yoast-schema-graph\">{\"@context\":\"https:\/\/schema.org\",\"@graph\":[{\"@type\":\"WebPage\",\"@id\":\"https:\/\/www.dbbroadcast.com\/es\/responsabilidad-social\/\",\"url\":\"https:\/\/www.dbbroadcast.com\/es\/responsabilidad-social\/\",\"name\":\"RESPONSABILIDAD SOCIAL - DB Broadcasting\",\"isPartOf\":{\"@id\":\"https:\/\/www.dbbroadcast.com\/es\/#website\"},\"datePublished\":\"2024-09-06T09:15:12+00:00\",\"dateModified\":\"2024-09-06T09:15:21+00:00\",\"description\":\"En BD Broadcast reconocemos la importancia de los valores e iniciativas sociales. Descubra nuestro compromiso para hacer del mundo un lugar mejor.\",\"breadcrumb\":{\"@id\":\"https:\/\/www.dbbroadcast.com\/es\/responsabilidad-social\/#breadcrumb\"},\"inLanguage\":\"es\",\"potentialAction\":[{\"@type\":\"ReadAction\",\"target\":[\"https:\/\/www.dbbroadcast.com\/es\/responsabilidad-social\/\"]}]},{\"@type\":\"BreadcrumbList\",\"@id\":\"https:\/\/www.dbbroadcast.com\/es\/responsabilidad-social\/#breadcrumb\",\"itemListElement\":[{\"@type\":\"ListItem\",\"position\":1,\"name\":\"Home\",\"item\":\"https:\/\/www.dbbroadcast.com\/es\/\"},{\"@type\":\"ListItem\",\"position\":2,\"name\":\"RESPONSABILIDAD SOCIAL\"}]},{\"@type\":\"WebSite\",\"@id\":\"https:\/\/www.dbbroadcast.com\/es\/#website\",\"url\":\"https:\/\/www.dbbroadcast.com\/es\/\",\"name\":\"DB Broadcast\",\"description\":\"Broadcasting Equipment\",\"potentialAction\":[{\"@type\":\"SearchAction\",\"target\":{\"@type\":\"EntryPoint\",\"urlTemplate\":\"https:\/\/www.dbbroadcast.com\/es\/?s={search_term_string}\"},\"query-input\":{\"@type\":\"PropertyValueSpecification\",\"valueRequired\":true,\"valueName\":\"search_term_string\"}}],\"inLanguage\":\"es\"}]}<\/script>\n<!-- \/ Yoast SEO plugin. -->","yoast_head_json":{"title":"RESPONSABILIDAD SOCIAL - DB Broadcasting","description":"En BD Broadcast reconocemos la importancia de los valores e iniciativas sociales. Descubra nuestro compromiso para hacer del mundo un lugar mejor.","robots":{"index":"noindex","follow":"nofollow"},"og_locale":"es_ES","og_type":"article","og_title":"RESPONSABILIDAD SOCIAL - DB Broadcasting","og_description":"En BD Broadcast reconocemos la importancia de los valores e iniciativas sociales. Descubra nuestro compromiso para hacer del mundo un lugar mejor.","og_url":"https:\/\/www.dbbroadcast.com\/es\/responsabilidad-social\/","og_site_name":"DB Broadcasting","article_modified_time":"2024-09-06T09:15:21+00:00","twitter_card":"summary_large_image","twitter_misc":{"Tiempo de lectura":"2 minutos"},"schema":{"@context":"https:\/\/schema.org","@graph":[{"@type":"WebPage","@id":"https:\/\/www.dbbroadcast.com\/es\/responsabilidad-social\/","url":"https:\/\/www.dbbroadcast.com\/es\/responsabilidad-social\/","name":"RESPONSABILIDAD SOCIAL - DB Broadcasting","isPartOf":{"@id":"https:\/\/www.dbbroadcast.com\/es\/#website"},"datePublished":"2024-09-06T09:15:12+00:00","dateModified":"2024-09-06T09:15:21+00:00","description":"En BD Broadcast reconocemos la importancia de los valores e iniciativas sociales. Descubra nuestro compromiso para hacer del mundo un lugar mejor.","breadcrumb":{"@id":"https:\/\/www.dbbroadcast.com\/es\/responsabilidad-social\/#breadcrumb"},"inLanguage":"es","potentialAction":[{"@type":"ReadAction","target":["https:\/\/www.dbbroadcast.com\/es\/responsabilidad-social\/"]}]},{"@type":"BreadcrumbList","@id":"https:\/\/www.dbbroadcast.com\/es\/responsabilidad-social\/#breadcrumb","itemListElement":[{"@type":"ListItem","position":1,"name":"Home","item":"https:\/\/www.dbbroadcast.com\/es\/"},{"@type":"ListItem","position":2,"name":"RESPONSABILIDAD SOCIAL"}]},{"@type":"WebSite","@id":"https:\/\/www.dbbroadcast.com\/es\/#website","url":"https:\/\/www.dbbroadcast.com\/es\/","name":"DB Broadcast","description":"Broadcasting Equipment","potentialAction":[{"@type":"SearchAction","target":{"@type":"EntryPoint","urlTemplate":"https:\/\/www.dbbroadcast.com\/es\/?s={search_term_string}"},"query-input":{"@type":"PropertyValueSpecification","valueRequired":true,"valueName":"search_term_string"}}],"inLanguage":"es"}]}},"rttpg_featured_image_url":null,"rttpg_author":{"display_name":"linkness","author_link":"https:\/\/www.dbbroadcast.com\/es\/author\/linkness\/"},"rttpg_comment":0,"rttpg_category":" <a href=\"https:\/\/www.dbbroadcast.com\/es\/?taxonomy=translation_priority&#038;term=opcional\" rel=\"tag\">Opcional<\/a><a href=\"https:\/\/www.dbbroadcast.com\/?taxonomy=translation_priority&#038;term=optional\" rel=\"tag\">Optional<\/a><a href=\"https:\/\/www.dbbroadcast.com\/it\/?taxonomy=translation_priority&#038;term=opzionale\" rel=\"tag\">Opzionale<\/a>","rttpg_excerpt":null,"_links":{"self":[{"href":"https:\/\/www.dbbroadcast.com\/es\/wp-json\/wp\/v2\/pages\/15384","targetHints":{"allow":["GET"]}}],"collection":[{"href":"https:\/\/www.dbbroadcast.com\/es\/wp-json\/wp\/v2\/pages"}],"about":[{"href":"https:\/\/www.dbbroadcast.com\/es\/wp-json\/wp\/v2\/types\/page"}],"author":[{"embeddable":true,"href":"https:\/\/www.dbbroadcast.com\/es\/wp-json\/wp\/v2\/users\/8"}],"replies":[{"embeddable":true,"href":"https:\/\/www.dbbroadcast.com\/es\/wp-json\/wp\/v2\/comments?post=15384"}],"version-history":[{"count":3,"href":"https:\/\/www.dbbroadcast.com\/es\/wp-json\/wp\/v2\/pages\/15384\/revisions"}],"predecessor-version":[{"id":15404,"href":"https:\/\/www.dbbroadcast.com\/es\/wp-json\/wp\/v2\/pages\/15384\/revisions\/15404"}],"wp:attachment":[{"href":"https:\/\/www.dbbroadcast.com\/es\/wp-json\/wp\/v2\/media?parent=15384"}],"curies":[{"name":"wp","href":"https:\/\/api.w.org\/{rel}","templated":true}]}}