{"id":8528,"date":"2021-08-28T06:21:23","date_gmt":"2021-08-28T06:21:23","guid":{"rendered":"https:\/\/www.dbbroadcast.com\/faq\/"},"modified":"2022-07-21T14:17:27","modified_gmt":"2022-07-21T14:17:27","slug":"preguntas-frecuentes","status":"publish","type":"page","link":"https:\/\/www.dbbroadcast.com\/es\/preguntas-frecuentes\/","title":{"rendered":"Preguntas Frecuentes"},"content":{"rendered":"<p>[et_pb_section fb_built=\u00bb1&#8243; admin_label=\u00bbHero Section\u00bb _builder_version=\u00bb4.17.4&#8243; use_background_color_gradient=\u00bbon\u00bb background_color_gradient_direction=\u00bb150deg\u00bb background_color_gradient_stops=\u00bb#000000 0%|rgba(0,0,0,0.4) 100%\u00bb background_color_gradient_overlays_image=\u00bbon\u00bb background_color_gradient_start=\u00bb#000000&#8243; background_color_gradient_end=\u00bbrgba(0,0,0,0.4)\u00bb background_image=\u00bbhttps:\/\/www.dbbroadcast.com\/wp-content\/uploads\/2022\/06\/dbbroadcast-FAQ.jpg\u00bb custom_padding=\u00bb10%||10%||true|false\u00bb locked=\u00bboff\u00bb global_colors_info=\u00bb{}\u00bb][et_pb_row _builder_version=\u00bb4.16&#8243; width_tablet=\u00bb\u00bb width_phone=\u00bb\u00bb width_last_edited=\u00bbon|desktop\u00bb global_colors_info=\u00bb{}\u00bb][et_pb_column type=\u00bb4_4&#8243; _builder_version=\u00bb4.16&#8243; custom_padding=\u00bb|||\u00bb global_colors_info=\u00bb{}\u00bb custom_padding__hover=\u00bb|||\u00bb][et_pb_text _builder_version=\u00bb4.16&#8243; _module_preset=\u00bbdefault\u00bb text_font=\u00bbRoboto||||||||\u00bb header_font_size=\u00bb34px\u00bb text_orientation=\u00bbcenter\u00bb background_layout=\u00bbdark\u00bb header_font_size_tablet=\u00bb28px\u00bb header_font_size_phone=\u00bb28px\u00bb header_font_size_last_edited=\u00bbon|phone\u00bb global_colors_info=\u00bb{}\u00bb]<\/p>\n<h1>PREGUNTAS FRECUENTES<\/h1>\n<p>[\/et_pb_text][\/et_pb_column][\/et_pb_row][\/et_pb_section][et_pb_section fb_built=\u00bb1&#8243; disabled_on=\u00bboff|off|off\u00bb _builder_version=\u00bb4.16&#8243; _module_preset=\u00bbdefault\u00bb locked=\u00bboff\u00bb global_colors_info=\u00bb{}\u00bb][et_pb_row column_structure=\u00bb2_5,3_5&#8243; use_custom_gutter=\u00bbon\u00bb gutter_width=\u00bb2&#8243; make_equal=\u00bbon\u00bb _builder_version=\u00bb4.16&#8243; _module_preset=\u00bbdefault\u00bb global_colors_info=\u00bb{}\u00bb][et_pb_column type=\u00bb2_5&#8243; _builder_version=\u00bb4.16&#8243; _module_preset=\u00bbdefault\u00bb custom_padding=\u00bb5%|2%|5%||true|false\u00bb custom_padding_tablet=\u00bb0%||0%||true|false\u00bb custom_padding_phone=\u00bb0%||0%||true|false\u00bb custom_padding_last_edited=\u00bbon|phone\u00bb global_colors_info=\u00bb{}\u00bb][et_pb_text _builder_version=\u00bb4.16&#8243; _module_preset=\u00bbdefault\u00bb text_font=\u00bbRoboto||||||||\u00bb header_2_text_color=\u00bb#000000&#8243; header_2_font_size=\u00bb36px\u00bb header_2_line_height=\u00bb1.1em\u00bb header_3_text_align=\u00bbleft\u00bb header_3_font_size=\u00bb38px\u00bb header_3_line_height=\u00bb1.3em\u00bb header_5_text_align=\u00bbcenter\u00bb header_5_text_color=\u00bb#4b9cd3&#8243; header_3_font_size_tablet=\u00bb28px\u00bb header_3_font_size_phone=\u00bb20px\u00bb header_3_font_size_last_edited=\u00bbon|phone\u00bb locked=\u00bboff\u00bb global_colors_info=\u00bb{}\u00bb]<\/p>\n<h2>PREGUNTAS FRECUENTES<\/h2>\n<p>[\/et_pb_text][\/et_pb_column][et_pb_column type=\u00bb3_5&#8243; _builder_version=\u00bb4.16&#8243; _module_preset=\u00bbdefault\u00bb custom_padding=\u00bb5%|2%|5%||true|false\u00bb custom_padding_tablet=\u00bb0%||0%||true|false\u00bb custom_padding_phone=\u00bb0%||0%||true|false\u00bb custom_padding_last_edited=\u00bbon|phone\u00bb global_colors_info=\u00bb{}\u00bb][et_pb_text _builder_version=\u00bb4.17.4&#8243; _module_preset=\u00bbdefault\u00bb header_3_text_align=\u00bbcenter\u00bb header_3_font_size=\u00bb30px\u00bb locked=\u00bboff\u00bb global_colors_info=\u00bb{}\u00bb]<\/p>\n<p>A continuaci\u00f3n encontrar\u00e1 respuestas a las preguntas que m\u00e1s nos hacen sobre productos, servicios y m\u00e1s. Si no encuentra la respuesta que busca, p\u00f3ngase en contacto con nosotros, estaremos encantados de ayudarle.<\/p>\n<p>[\/et_pb_text][\/et_pb_column][\/et_pb_row][\/et_pb_section][et_pb_section fb_built=\u00bb1&#8243; admin_label=\u00bbFAQ Section\u00bb _builder_version=\u00bb4.16&#8243; background_color=\u00bb#2a2a2a\u00bb custom_padding=\u00bb90px||90px|\u00bb global_colors_info=\u00bb{}\u00bb][et_pb_row admin_label=\u00bbFAQ\u00bb _builder_version=\u00bb4.16&#8243; background_enable_color=\u00bboff\u00bb width=\u00bb56%\u00bb width_tablet=\u00bb80%\u00bb width_phone=\u00bb80%\u00bb width_last_edited=\u00bbon|phone\u00bb use_custom_width=\u00bbon\u00bb custom_width_px=\u00bb900px\u00bb global_colors_info=\u00bb{}\u00bb][et_pb_column type=\u00bb4_4&#8243; _builder_version=\u00bb4.16&#8243; custom_padding=\u00bb|||\u00bb global_colors_info=\u00bb{}\u00bb custom_padding__hover=\u00bb|||\u00bb][et_pb_accordion db_closeable=\u00bbon\u00bb open_toggle_background_color=\u00bbrgba(0,0,0,0.31)\u00bb closed_toggle_background_color=\u00bbrgba(0,0,0,0.31)\u00bb icon_color=\u00bb#4b9cd3&#8243; _builder_version=\u00bb4.17.4&#8243; toggle_text_color=\u00bb#FFFFFF\u00bb toggle_level=\u00bbh3&#8243; toggle_font=\u00bb|600|||||||\u00bb toggle_font_size=\u00bb20px\u00bb closed_toggle_font=\u00bb|600|||||||\u00bb body_font=\u00bb||||||||\u00bb body_text_color=\u00bbrgba(255,255,255,0.67)\u00bb background_enable_color=\u00bboff\u00bb text_orientation=\u00bbleft\u00bb custom_margin=\u00bb0px||0px||false|false\u00bb hover_enabled=\u00bb0&#8243; border_width_all=\u00bb0px\u00bb global_colors_info=\u00bb{}\u00bb sticky_enabled=\u00bb0&#8243;][et_pb_accordion_item title=\u00bb\u00bfC\u00f3mo puedo pedir un presupuesto? \t\u00bb open=\u00bbon\u00bb _builder_version=\u00bb4.17.4&#8243; background_enable_color=\u00bboff\u00bb custom_margin=\u00bb||||false|false\u00bb hover_enabled=\u00bb0&#8243; global_colors_info=\u00bb{}\u00bb toggle_font=\u00bb|600|||||||\u00bb sticky_enabled=\u00bb0&#8243;]<\/p>\n<p>Para solicitar un presupuesto, rellene el <a href=\"mailto:https:\/\/www.dbbroadcast.com\/es\/contactos-db\/\">FORMULARIO DE SOLICITUD<\/a> en la p\u00e1gina de CONTACTOS. Si no, utilice nuestro CHAT EN VIVO al final de la p\u00e1gina.<\/p>\n<p>[\/et_pb_accordion_item][et_pb_accordion_item title=\u00bb\u00bfC\u00f3mo puedo solicitar asistencia t\u00e9cnica?\u00bb _builder_version=\u00bb4.17.4&#8243; _module_preset=\u00bbdefault\u00bb hover_enabled=\u00bb0&#8243; global_colors_info=\u00bb{}\u00bb open=\u00bboff\u00bb sticky_enabled=\u00bb0&#8243;]<\/p>\n<p>Para solicitar asistencia t\u00e9cnica, rellene el <a href=\"mailto:https:\/\/www.dbbroadcast.com\/es\/contactos-db\/\">FORMULARIO DE SOLICITUD<\/a> en la p\u00e1gina de CONTACTOS. Si no, utilice nuestro CHAT EN VIVO al final de la p\u00e1gina.<\/p>\n<p>[\/et_pb_accordion_item][et_pb_accordion_item title=\u00bb\u00bfC\u00f3mo puedo solicitar informaci\u00f3n general?\u00bb _builder_version=\u00bb4.17.4&#8243; _module_preset=\u00bbdefault\u00bb hover_enabled=\u00bb0&#8243; global_colors_info=\u00bb{}\u00bb open=\u00bboff\u00bb sticky_enabled=\u00bb0&#8243;]<\/p>\n<p>Para solicitar informaci\u00f3n general, rellene el <a href=\"mailto:https:\/\/www.dbbroadcast.com\/es\/contactos-db\/\">FORMULARIO DE SOLICITUD<\/a> en la p\u00e1gina de CONTACTOS. Si no, utilice nuestro CHAT EN VIVO al final de la p\u00e1gina.<\/p>\n<p>[\/et_pb_accordion_item][et_pb_accordion_item title=\u00bb\u00bfC\u00f3mo puedo recibir una copia del manual de usuario de un producto que he comprado?\u00bb _builder_version=\u00bb4.17.4&#8243; _module_preset=\u00bbdefault\u00bb hover_enabled=\u00bb0&#8243; global_colors_info=\u00bb{}\u00bb open=\u00bboff\u00bb sticky_enabled=\u00bb0&#8243;]<\/p>\n<p>Para recibir una copia del manual de usuario de cualquier producto de DB, rellene el <a href=\"mailto:https:\/\/www.dbbroadcast.com\/es\/contactos-db\/\">FORMULARIO DE SOLICITUD<\/a> en la p\u00e1gina de CONTACTOS. Si no, utilice nuestro CHAT EN VIVO al final de la p\u00e1gina.<\/p>\n<p>[\/et_pb_accordion_item][et_pb_accordion_item title=\u00bb\u00bfRealizan env\u00edos a mi pa\u00eds?\u00bb _builder_version=\u00bb4.17.4&#8243; _module_preset=\u00bbdefault\u00bb hover_enabled=\u00bb0&#8243; global_colors_info=\u00bb{}\u00bb open=\u00bboff\u00bb sticky_enabled=\u00bb0&#8243;]<\/p>\n<p>Enviamos nuestros productos a todo el mundo: si necesita informaci\u00f3n detallada sobre el env\u00edo y los costes, env\u00ede su solicitud rellenando el <a href=\"mailto:https:\/\/www.dbbroadcast.com\/es\/contactos-db\/\">FORMULARIO DE SOLICITUD<\/a> en la p\u00e1gina de CONTACTOS. Si no, utilice nuestro CHAT EN VIVO al final de la p\u00e1gina.<\/p>\n<p>[\/et_pb_accordion_item][et_pb_accordion_item title=\u00bb\u00bfD\u00f3nde puedo pedir productos DB en mi pa\u00eds?\u00bb _builder_version=\u00bb4.17.4&#8243; _module_preset=\u00bbdefault\u00bb hover_enabled=\u00bb0&#8243; global_colors_info=\u00bb{}\u00bb open=\u00bboff\u00bb sticky_enabled=\u00bb0&#8243;]<\/p>\n<p>Vaya a la p\u00e1gina de <a href=\"mailto:https:\/\/www.dbbroadcast.com\/es\/distribuidores\/\">DISTRIBUIDORES<\/a> y seleccione su pa\u00eds en la lista para ver todos los distribuidores autorizados de esa zona. Si no hay ning\u00fan distribuidor en la lista, puede enviarnos un pedido directamente rellenando el <a href=\"mailto:https:\/\/www.dbbroadcast.com\/es\/contactos-db\/\">FORMULARIO DE SOLICITUD<\/a> en la p\u00e1gina de CONTACTOS. Si no, utilice nuestro CHAT EN VIVO al final de la p\u00e1gina.<\/p>\n<p>[\/et_pb_accordion_item][et_pb_accordion_item title=\u00bb\u00bfPuedo ser distribuidor de DB en mi pa\u00eds?\u00bb _builder_version=\u00bb4.17.4&#8243; _module_preset=\u00bbdefault\u00bb hover_enabled=\u00bb0&#8243; global_colors_info=\u00bb{}\u00bb open=\u00bboff\u00bb sticky_enabled=\u00bb0&#8243;]<\/p>\n<p>Para solicitar ser distribuidor autorizado de DB rellene el <a href=\"mailto:https:\/\/www.dbbroadcast.com\/es\/contactos-db\/\">FORMULARIO DE SOLICITUD<\/a> en la secci\u00f3n <a href=\"mailto:https:\/\/www.dbbroadcast.com\/es\/trabaja-con-nosotros\/\">TRABAJA CON NOSOTROS<\/a>.<\/p>\n<p>[\/et_pb_accordion_item][et_pb_accordion_item title=\u00bb\u00bfOfrecen cursos de formaci\u00f3n para sus productos?\u00bb _builder_version=\u00bb4.17.4&#8243; _module_preset=\u00bbdefault\u00bb hover_enabled=\u00bb0&#8243; global_colors_info=\u00bb{}\u00bb open=\u00bboff\u00bb sticky_enabled=\u00bb0&#8243;]<\/p>\n<p>S\u00ed, podemos organizar cursos de formaci\u00f3n online y presenciales realizados por nuestro personal altamente cualificado, para una persona o un grupo. Consulte nuestra p\u00e1gina de <a href=\"mailto:https:\/\/www.dbbroadcast.com\/es\/servicios\/\">SERVICIOS<\/a> para descubrir toda la formaci\u00f3n que ofrecemos y rellene el <a href=\"mailto:https:\/\/www.dbbroadcast.com\/es\/contactos-db\/\">FORMULARIO DE SOLICITUD<\/a> en la p\u00e1gina de CONTACTOS para enviar su solicitud.<\/p>\n<p>[\/et_pb_accordion_item][et_pb_accordion_item title=\u00bb\u00bfC\u00f3mo se tratan mis datos personales?\u00bb _builder_version=\u00bb4.17.4&#8243; _module_preset=\u00bbdefault\u00bb hover_enabled=\u00bb0&#8243; global_colors_info=\u00bb{}\u00bb open=\u00bboff\u00bb sticky_enabled=\u00bb0&#8243;]<\/p>\n<p>Si quiere tener informaci\u00f3n sobre el tratamiento de sus datos personales, puede leer nuestra <a href=\"mailto:https:\/\/www.dbbroadcast.com\/es\/politica-de-privacidad\/\">POL\u00cdTICA DE PRIVACIDAD<\/a><\/p>\n<p>[\/et_pb_accordion_item][et_pb_accordion_item title=\u00bb\u00bfPueden suministrar un estudio de radio\/televisi\u00f3n completo? \u00bb _builder_version=\u00bb4.17.4&#8243; _module_preset=\u00bbdefault\u00bb hover_enabled=\u00bb0&#8243; global_colors_info=\u00bb{}\u00bb open=\u00bboff\u00bb sticky_enabled=\u00bb0&#8243;]<\/p>\n<p>S\u00ed, podemos suministrar a los clientes estudios de radio y televisi\u00f3n completos y a la vanguardia, llave en mano. El servicio incluye el estudio y el dise\u00f1o de espacios y sistemas, el suministro de todo el equipamiento necesario y la formaci\u00f3n t\u00e9cnica.<\/p>\n<p>[\/et_pb_accordion_item][et_pb_accordion_item title=\u00bb\u00bfRealizan el dise\u00f1o de sistemas de antenas?\u00bb _builder_version=\u00bb4.17.4&#8243; _module_preset=\u00bbdefault\u00bb hover_enabled=\u00bb0&#8243; global_colors_info=\u00bb{}\u00bb open=\u00bboff\u00bb sticky_enabled=\u00bb0&#8243;]<\/p>\n<p>S\u00ed, el proceso de dise\u00f1o del sistema de antenas es posible gracias a un software espec\u00edfico que combina el an\u00e1lisis territorial y los c\u00e1lculos computarizados.<\/p>\n<p>[\/et_pb_accordion_item][et_pb_accordion_item title=\u00bb\u00bfRealizan ustedes an\u00e1lisis territoriales?\u00bb _builder_version=\u00bb4.17.4&#8243; _module_preset=\u00bbdefault\u00bb hover_enabled=\u00bb0&#8243; global_colors_info=\u00bb{}\u00bb open=\u00bboff\u00bb sticky_enabled=\u00bb0&#8243;]<\/p>\n<p>S\u00ed, podemos hacerlo utilizando un software espec\u00edfico con c\u00e1lculos computarizados.<\/p>\n<p>[\/et_pb_accordion_item][et_pb_accordion_item title=\u00bb\u00bfInstalan ustedes el equipo o tengo que hacerlo yo mismo?\u00bb _builder_version=\u00bb4.17.4&#8243; _module_preset=\u00bbdefault\u00bb hover_enabled=\u00bb0&#8243; global_colors_info=\u00bb{}\u00bb open=\u00bboff\u00bb sticky_enabled=\u00bb0&#8243;]<\/p>\n<p>S\u00ed, a petici\u00f3n del cliente podemos instalar los equipos en todo el mundo. Si no, podemos ofrecerle formaci\u00f3n sobre c\u00f3mo instalarlos.<\/p>\n<p>[\/et_pb_accordion_item][et_pb_accordion_item title=\u00bb\u00bfQu\u00e9 duraci\u00f3n tiene la garant\u00eda de sus productos?\u00bb _builder_version=\u00bb4.17.4&#8243; _module_preset=\u00bbdefault\u00bb hover_enabled=\u00bb0&#8243; global_colors_info=\u00bb{}\u00bb open=\u00bboff\u00bb sticky_enabled=\u00bb0&#8243;]<\/p>\n<p>Nuestra garant\u00eda b\u00e1sica es de un a\u00f1o, pero puede ampliarse si se solicita en el momento de la compra.<\/p>\n<p>[\/et_pb_accordion_item][\/et_pb_accordion][\/et_pb_column][\/et_pb_row][\/et_pb_section][et_pb_section fb_built=\u00bb1&#8243; disabled_on=\u00bbon|on|on\u00bb _builder_version=\u00bb4.16&#8243; _module_preset=\u00bbdefault\u00bb background_color=\u00bb#2c2c2c\u00bb custom_margin=\u00bb0px||0px||false|false\u00bb custom_padding=\u00bb0px||0px||false|false\u00bb disabled=\u00bbon\u00bb saved_tabs=\u00bball\u00bb locked=\u00bboff\u00bb global_colors_info=\u00bb{}\u00bb][et_pb_row column_structure=\u00bb1_2,1_2&#8243; _builder_version=\u00bb4.16&#8243; _module_preset=\u00bbdefault\u00bb global_colors_info=\u00bb{}\u00bb][et_pb_column type=\u00bb1_2&#8243; _builder_version=\u00bb4.16&#8243; _module_preset=\u00bbdefault\u00bb global_colors_info=\u00bb{}\u00bb][et_pb_text _builder_version=\u00bb4.16&#8243; _module_preset=\u00bbdefault\u00bb text_font=\u00bbRoboto||||||||\u00bb header_2_font=\u00bbRoboto|||on|||||\u00bb header_2_line_height=\u00bb1.2em\u00bb header_3_font=\u00bbRoboto|500||on|||||\u00bb header_3_font_size=\u00bb25px\u00bb header_3_line_height=\u00bb1.2em\u00bb header_5_font=\u00bbRoboto|||on|||||\u00bb header_5_text_color=\u00bb#4b9cd3&#8243; background_layout=\u00bbdark\u00bb custom_margin=\u00bb||18px|||\u00bb locked=\u00bboff\u00bb global_colors_info=\u00bb{}\u00bb]<\/p>\n<h3>\u00a0Join our <span style=\"color: #4b9cd3;\">newsletter<\/span><\/h3>\n<p>[\/et_pb_text][\/et_pb_column][et_pb_column type=\u00bb1_2&#8243; _builder_version=\u00bb4.16&#8243; _module_preset=\u00bbdefault\u00bb global_colors_info=\u00bb{}\u00bb][et_pb_signup mailchimp_list=\u00bbDivi Plus|99655d40a7&#8243; first_name_field=\u00bboff\u00bb last_name_field=\u00bboff\u00bb _builder_version=\u00bb4.16&#8243; _module_preset=\u00bbdefault\u00bb header_font=\u00bbAlegreya Sans|700|||||||\u00bb header_text_color=\u00bb#000000&#8243; header_font_size=\u00bb50px\u00bb header_line_height=\u00bb1.2em\u00bb body_font=\u00bbJost||||||||\u00bb body_text_color=\u00bb#000000&#8243; form_field_font=\u00bbRoboto Condensed|700||on|||||\u00bb form_field_text_align=\u00bbcenter\u00bb form_field_letter_spacing=\u00bb1px\u00bb background_color=\u00bbRGBA(0,0,0,0)\u00bb custom_button=\u00bbon\u00bb button_text_size=\u00bb16px\u00bb button_text_color=\u00bb#FFFFFF\u00bb button_bg_color=\u00bb#000000&#8243; button_border_width=\u00bb0px\u00bb button_border_radius=\u00bb50px\u00bb button_font=\u00bbRoboto|||on|||||\u00bb button_use_icon=\u00bboff\u00bb button_custom_padding=\u00bb10px||10px||true|false\u00bb custom_padding=\u00bb8px|0px||0px|false|true\u00bb header_font_size_tablet=\u00bb26px\u00bb header_font_size_phone=\u00bb30px\u00bb header_font_size_last_edited=\u00bbon|phone\u00bb button_text_size_tablet=\u00bb\u00bb button_text_size_phone=\u00bb14px\u00bb button_text_size_last_edited=\u00bbon|phone\u00bb border_radii_fields=\u00bbon|50px|50px|50px|50px\u00bb locked=\u00bboff\u00bb global_colors_info=\u00bb{}\u00bb button_bg_color__hover_enabled=\u00bbon|hover\u00bb button_bg_color__hover=\u00bb#4b9cd3&#8243; button_bg_enable_color__hover=\u00bbon\u00bb button_text_color__hover_enabled=\u00bboff|desktop\u00bb button_text_color__hover=\u00bb#ffffff\u00bb][\/et_pb_signup][\/et_pb_column][\/et_pb_row][\/et_pb_section][et_pb_section fb_built=\u00bb1&#8243; disabled_on=\u00bboff|off|off\u00bb admin_label=\u00bbSezione &#8211; contatti\u00bb _builder_version=\u00bb4.16&#8243; _module_preset=\u00bbdefault\u00bb background_color=\u00bb#4b9cd3&#8243; custom_margin=\u00bb0px||0px||false|false\u00bb custom_padding=\u00bb0px||0px||false|false\u00bb global_module=\u00bb9430&#8243; saved_tabs=\u00bball\u00bb locked=\u00bboff\u00bb global_colors_info=\u00bb{}\u00bb][et_pb_row column_structure=\u00bb3_4,1_4&#8243; make_equal=\u00bbon\u00bb _builder_version=\u00bb4.17.4&#8243; _module_preset=\u00bbdefault\u00bb width=\u00bb85%\u00bb width_tablet=\u00bb85%\u00bb width_phone=\u00bb\u00bb width_last_edited=\u00bbon|desktop\u00bb max_width_tablet=\u00bb\u00bb max_width_phone=\u00bb\u00bb max_width_last_edited=\u00bbon|tablet\u00bb global_colors_info=\u00bb{}\u00bb][et_pb_column type=\u00bb3_4&#8243; module_class=\u00bbiq-centra-verticale\u00bb _builder_version=\u00bb4.16&#8243; _module_preset=\u00bbdefault\u00bb global_colors_info=\u00bb{}\u00bb][et_pb_text _builder_version=\u00bb4.17.4&#8243; _module_preset=\u00bbdefault\u00bb text_font=\u00bbRoboto|700||on|||||\u00bb text_font_size=\u00bb25px\u00bb text_line_height=\u00bb1.2em\u00bb header_2_font=\u00bbRoboto|||on|||||\u00bb header_2_line_height=\u00bb1.2em\u00bb header_3_font=\u00bbRoboto|500||on|||||\u00bb header_3_text_align=\u00bbleft\u00bb header_3_font_size=\u00bb25px\u00bb header_3_line_height=\u00bb1.2em\u00bb header_5_font=\u00bbRoboto|||on|||||\u00bb header_5_text_color=\u00bb#4b9cd3&#8243; text_orientation=\u00bbcenter\u00bb background_layout=\u00bbdark\u00bb text_font_size_tablet=\u00bb22px\u00bb text_font_size_phone=\u00bb\u00bb text_font_size_last_edited=\u00bbon|phone\u00bb header_3_text_align_tablet=\u00bbcenter\u00bb header_3_text_align_phone=\u00bb\u00bb header_3_text_align_last_edited=\u00bbon|phone\u00bb header_3_font_size_tablet=\u00bb\u00bb header_3_font_size_phone=\u00bb20px\u00bb header_3_font_size_last_edited=\u00bbon|phone\u00bb text_orientation_tablet=\u00bbcenter\u00bb text_orientation_phone=\u00bb\u00bb text_orientation_last_edited=\u00bbon|phone\u00bb locked=\u00bboff\u00bb global_colors_info=\u00bb{}\u00bb]<\/p>\n<p><strong>No dude en ponerse en contacto con nosotros para cualquier tipo de asistencia que necesite<\/strong><\/p>\n<p>[\/et_pb_text][\/et_pb_column][et_pb_column type=\u00bb1_4&#8243; _builder_version=\u00bb4.16&#8243; _module_preset=\u00bbdefault\u00bb global_colors_info=\u00bb{}\u00bb][et_pb_button button_url=\u00bbhttps:\/\/www.dbbroadcast.com\/es\/contactos-db\/\u00bb button_text=\u00bbCONTACTAR CON NOSOTROS\u00bb button_alignment=\u00bbcenter\u00bb admin_label=\u00bbButton contact\u00bb _builder_version=\u00bb4.17.4&#8243; _module_preset=\u00bbdefault\u00bb custom_button=\u00bbon\u00bb button_text_size=\u00bb14px\u00bb button_text_color=\u00bb#FFFFFF\u00bb button_bg_color=\u00bb#000000&#8243; button_border_width=\u00bb0px\u00bb button_border_radius=\u00bb100px\u00bb button_letter_spacing=\u00bb1px\u00bb button_font=\u00bbRoboto|||on|||||\u00bb button_icon=\u00bb&#x45;||divi||400&#8243; button_icon_color=\u00bb#4b9cd3&#8243; custom_padding=\u00bb8%|10%|8%|10%|true|true\u00bb custom_padding_tablet=\u00bb4%|8%|4%|8%|true|true\u00bb custom_padding_phone=\u00bb6%|10%|6%|10%|true|true\u00bb custom_padding_last_edited=\u00bbon|phone\u00bb locked=\u00bboff\u00bb global_colors_info=\u00bb{}\u00bb button_text_color__hover=\u00bb#000000&#8243; button_text_color__hover_enabled=\u00bbon|hover\u00bb button_bg_color__hover_enabled=\u00bbon|hover\u00bb button_bg_color__hover=\u00bb#FFFFFF\u00bb button_bg_enable_color__hover=\u00bbon\u00bb button_icon_color__hover_enabled=\u00bbon|hover\u00bb button_icon_color__hover=\u00bb#4b9cd3&#8243;][\/et_pb_button][\/et_pb_column][\/et_pb_row][\/et_pb_section]<\/p>\n","protected":false},"excerpt":{"rendered":"<p>PREGUNTAS FRECUENTESPREGUNTAS FRECUENTESA continuaci\u00f3n encontrar\u00e1 respuestas a las preguntas que m\u00e1s nos hacen sobre productos, servicios y m\u00e1s. Si no encuentra la respuesta que busca, p\u00f3ngase en contacto con nosotros, estaremos encantados de ayudarle.Para solicitar un presupuesto, rellene el FORMULARIO DE SOLICITUD en la p\u00e1gina de CONTACTOS. Si no, utilice nuestro CHAT EN VIVO al [&hellip;]<\/p>\n","protected":false},"author":2,"featured_media":0,"parent":0,"menu_order":0,"comment_status":"closed","ping_status":"closed","template":"","meta":{"_et_pb_use_builder":"on","_et_pb_old_content":"","_et_gb_content_width":"","footnotes":""},"class_list":["post-8528","page","type-page","status-publish","hentry"],"yoast_head":"<!-- This site is optimized with the Yoast SEO plugin v26.4 - https:\/\/yoast.com\/wordpress\/plugins\/seo\/ -->\n<title>Preguntas Frecuentes - DB Broadcasting<\/title>\n<meta name=\"robots\" content=\"noindex, nofollow\" \/>\n<meta property=\"og:locale\" content=\"es_ES\" \/>\n<meta property=\"og:type\" content=\"article\" \/>\n<meta property=\"og:title\" content=\"Preguntas Frecuentes - DB Broadcasting\" \/>\n<meta property=\"og:url\" content=\"https:\/\/www.dbbroadcast.com\/es\/preguntas-frecuentes\/\" \/>\n<meta property=\"og:site_name\" content=\"DB Broadcasting\" \/>\n<meta property=\"article:modified_time\" content=\"2022-07-21T14:17:27+00:00\" \/>\n<meta name=\"twitter:card\" content=\"summary_large_image\" \/>\n<meta name=\"twitter:label1\" content=\"Tiempo de lectura\" \/>\n\t<meta name=\"twitter:data1\" content=\"11 minutos\" \/>\n<script type=\"application\/ld+json\" class=\"yoast-schema-graph\">{\"@context\":\"https:\/\/schema.org\",\"@graph\":[{\"@type\":\"WebPage\",\"@id\":\"https:\/\/www.dbbroadcast.com\/es\/preguntas-frecuentes\/\",\"url\":\"https:\/\/www.dbbroadcast.com\/es\/preguntas-frecuentes\/\",\"name\":\"Preguntas Frecuentes - DB Broadcasting\",\"isPartOf\":{\"@id\":\"https:\/\/www.dbbroadcast.com\/es\/#website\"},\"datePublished\":\"2021-08-28T06:21:23+00:00\",\"dateModified\":\"2022-07-21T14:17:27+00:00\",\"breadcrumb\":{\"@id\":\"https:\/\/www.dbbroadcast.com\/es\/preguntas-frecuentes\/#breadcrumb\"},\"inLanguage\":\"es\",\"potentialAction\":[{\"@type\":\"ReadAction\",\"target\":[\"https:\/\/www.dbbroadcast.com\/es\/preguntas-frecuentes\/\"]}]},{\"@type\":\"BreadcrumbList\",\"@id\":\"https:\/\/www.dbbroadcast.com\/es\/preguntas-frecuentes\/#breadcrumb\",\"itemListElement\":[{\"@type\":\"ListItem\",\"position\":1,\"name\":\"Home\",\"item\":\"https:\/\/www.dbbroadcast.com\/es\/\"},{\"@type\":\"ListItem\",\"position\":2,\"name\":\"Preguntas Frecuentes\"}]},{\"@type\":\"WebSite\",\"@id\":\"https:\/\/www.dbbroadcast.com\/es\/#website\",\"url\":\"https:\/\/www.dbbroadcast.com\/es\/\",\"name\":\"DB Broadcast\",\"description\":\"Broadcasting Equipment\",\"potentialAction\":[{\"@type\":\"SearchAction\",\"target\":{\"@type\":\"EntryPoint\",\"urlTemplate\":\"https:\/\/www.dbbroadcast.com\/es\/?s={search_term_string}\"},\"query-input\":{\"@type\":\"PropertyValueSpecification\",\"valueRequired\":true,\"valueName\":\"search_term_string\"}}],\"inLanguage\":\"es\"}]}<\/script>\n<!-- \/ Yoast SEO plugin. -->","yoast_head_json":{"title":"Preguntas Frecuentes - DB Broadcasting","robots":{"index":"noindex","follow":"nofollow"},"og_locale":"es_ES","og_type":"article","og_title":"Preguntas Frecuentes - DB Broadcasting","og_url":"https:\/\/www.dbbroadcast.com\/es\/preguntas-frecuentes\/","og_site_name":"DB Broadcasting","article_modified_time":"2022-07-21T14:17:27+00:00","twitter_card":"summary_large_image","twitter_misc":{"Tiempo de lectura":"11 minutos"},"schema":{"@context":"https:\/\/schema.org","@graph":[{"@type":"WebPage","@id":"https:\/\/www.dbbroadcast.com\/es\/preguntas-frecuentes\/","url":"https:\/\/www.dbbroadcast.com\/es\/preguntas-frecuentes\/","name":"Preguntas Frecuentes - DB Broadcasting","isPartOf":{"@id":"https:\/\/www.dbbroadcast.com\/es\/#website"},"datePublished":"2021-08-28T06:21:23+00:00","dateModified":"2022-07-21T14:17:27+00:00","breadcrumb":{"@id":"https:\/\/www.dbbroadcast.com\/es\/preguntas-frecuentes\/#breadcrumb"},"inLanguage":"es","potentialAction":[{"@type":"ReadAction","target":["https:\/\/www.dbbroadcast.com\/es\/preguntas-frecuentes\/"]}]},{"@type":"BreadcrumbList","@id":"https:\/\/www.dbbroadcast.com\/es\/preguntas-frecuentes\/#breadcrumb","itemListElement":[{"@type":"ListItem","position":1,"name":"Home","item":"https:\/\/www.dbbroadcast.com\/es\/"},{"@type":"ListItem","position":2,"name":"Preguntas Frecuentes"}]},{"@type":"WebSite","@id":"https:\/\/www.dbbroadcast.com\/es\/#website","url":"https:\/\/www.dbbroadcast.com\/es\/","name":"DB Broadcast","description":"Broadcasting Equipment","potentialAction":[{"@type":"SearchAction","target":{"@type":"EntryPoint","urlTemplate":"https:\/\/www.dbbroadcast.com\/es\/?s={search_term_string}"},"query-input":{"@type":"PropertyValueSpecification","valueRequired":true,"valueName":"search_term_string"}}],"inLanguage":"es"}]}},"rttpg_featured_image_url":null,"rttpg_author":{"display_name":"alessia","author_link":"https:\/\/www.dbbroadcast.com\/es\/author\/alessia\/"},"rttpg_comment":0,"rttpg_category":false,"rttpg_excerpt":null,"_links":{"self":[{"href":"https:\/\/www.dbbroadcast.com\/es\/wp-json\/wp\/v2\/pages\/8528","targetHints":{"allow":["GET"]}}],"collection":[{"href":"https:\/\/www.dbbroadcast.com\/es\/wp-json\/wp\/v2\/pages"}],"about":[{"href":"https:\/\/www.dbbroadcast.com\/es\/wp-json\/wp\/v2\/types\/page"}],"author":[{"embeddable":true,"href":"https:\/\/www.dbbroadcast.com\/es\/wp-json\/wp\/v2\/users\/2"}],"replies":[{"embeddable":true,"href":"https:\/\/www.dbbroadcast.com\/es\/wp-json\/wp\/v2\/comments?post=8528"}],"version-history":[{"count":0,"href":"https:\/\/www.dbbroadcast.com\/es\/wp-json\/wp\/v2\/pages\/8528\/revisions"}],"wp:attachment":[{"href":"https:\/\/www.dbbroadcast.com\/es\/wp-json\/wp\/v2\/media?parent=8528"}],"curies":[{"name":"wp","href":"https:\/\/api.w.org\/{rel}","templated":true}]}}