{"id":8546,"date":"2021-08-27T08:48:46","date_gmt":"2021-08-27T08:48:46","guid":{"rendered":"https:\/\/www.dbbroadcast.com\/privacy-policy\/"},"modified":"2022-07-19T09:36:35","modified_gmt":"2022-07-19T09:36:35","slug":"politica-de-privacidad","status":"publish","type":"page","link":"https:\/\/www.dbbroadcast.com\/es\/politica-de-privacidad\/","title":{"rendered":"Pol\u00edtica de privacidad"},"content":{"rendered":"<p>[et_pb_section fb_built=\u00bb1&#8243; admin_label=\u00bbSlider technologies\u00bb _builder_version=\u00bb4.16&#8243; background_color=\u00bb#2a2a2a\u00bb background_color_gradient_direction=\u00bb150deg\u00bb background_color_gradient_start=\u00bb#000000&#8243; background_color_gradient_end=\u00bbrgba(0,0,0,0.4)\u00bb background_enable_image=\u00bboff\u00bb custom_padding=\u00bb5%||5%||true|false\u00bb locked=\u00bboff\u00bb global_colors_info=\u00bb{}\u00bb][et_pb_row _builder_version=\u00bb4.16&#8243; width_tablet=\u00bb\u00bb width_phone=\u00bb\u00bb width_last_edited=\u00bbon|desktop\u00bb global_colors_info=\u00bb{}\u00bb][et_pb_column type=\u00bb4_4&#8243; _builder_version=\u00bb4.16&#8243; custom_padding=\u00bb|||\u00bb global_colors_info=\u00bb{}\u00bb custom_padding__hover=\u00bb|||\u00bb][et_pb_text admin_label=\u00bbText &#8211; H1&#8243; _builder_version=\u00bb4.16&#8243; _module_preset=\u00bbdefault\u00bb text_font=\u00bbRoboto||||||||\u00bb header_font_size=\u00bb34px\u00bb text_orientation=\u00bbcenter\u00bb background_layout=\u00bbdark\u00bb header_font_size_tablet=\u00bb28px\u00bb header_font_size_phone=\u00bb28px\u00bb header_font_size_last_edited=\u00bbon|phone\u00bb global_colors_info=\u00bb{}\u00bb]<\/p>\n<h1>Pol\u00edtica de privacidad<\/h1>\n<p>[\/et_pb_text][\/et_pb_column][\/et_pb_row][\/et_pb_section][et_pb_section fb_built=\u00bb1&#8243; disabled_on=\u00bboff|off|off\u00bb _builder_version=\u00bb4.16&#8243; _module_preset=\u00bbdefault\u00bb use_background_color_gradient_tablet=\u00bboff\u00bb locked=\u00bboff\u00bb global_colors_info=\u00bb{}\u00bb][et_pb_row _builder_version=\u00bb4.16&#8243; _module_preset=\u00bbdefault\u00bb width=\u00bb60%\u00bb width_tablet=\u00bb80%\u00bb width_phone=\u00bb80%\u00bb width_last_edited=\u00bbon|tablet\u00bb module_alignment=\u00bbcenter\u00bb custom_margin=\u00bb|auto||427px||\u00bb global_colors_info=\u00bb{}\u00bb][et_pb_column type=\u00bb4_4&#8243; _builder_version=\u00bb4.16&#8243; _module_preset=\u00bbdefault\u00bb global_colors_info=\u00bb{}\u00bb][et_pb_text admin_label=\u00bbText\u00bb _builder_version=\u00bb4.17.4&#8243; _module_preset=\u00bbdefault\u00bb min_height=\u00bb1412.9px\u00bb hover_enabled=\u00bb0&#8243; global_colors_info=\u00bb{}\u00bb sticky_enabled=\u00bb0&#8243;]<\/p>\n<p>Le rogamos que revise nuestra Pol\u00edtica de privacidad y cookies completa a continuaci\u00f3n para que pueda comprender mejor (i) c\u00f3mo usamos sus datos personales y (ii) sus derechos con respecto a sus datos personales. En esta Pol\u00edtica de privacidad y cookies encontrar\u00e1 toda la informaci\u00f3n relevante sobre el uso que hacemos de los datos personales de nuestros clientes y usuarios, independientemente del canal o medio (online o presencial) que utilice para interactuar con nosotros.<\/p>\n<p><b><\/b><span class=\"s1\"><b>1. EL PROCESADOR DE DATOS DE SUS DATOS <\/b><br \/><\/span>El Encargado del Tratamiento de sus datos personales es: DB ELETTRONICA TELECOMUNICAZIONI S.P.A., con domicilio social en Padua, v\u00eda Maestri del Lavoro 20\/1, NIF y Registro Mercantil de Padua n\u00ba 00710830282, capital social 270.000,00 \u20ac, en la persona de su pro- representante legal temporal.<\/p>\n<p><strong><span class=\"s1\">2. POR QU\u00c9 TRATAMOS SUS DATOS PERSONALES<br \/><\/span><\/strong>Dependiendo de los productos o servicios que planee usar de vez en cuando, como se indic\u00f3 anteriormente, procesaremos ciertos datos en lugar de otros. En principio, se tratar\u00e1n los siguientes datos, en funci\u00f3n de las circunstancias concretas:<br \/>Sus\u00a0datos de identidad (por ejemplo, nombre, apellido, idioma y pa\u00eds desde el que interact\u00faa con nosotros, detalles del acuerdo, etc.);<br \/>Datos de conexi\u00f3n, geolocalizaci\u00f3n y navegaci\u00f3n (por ejemplo, si interact\u00faa con nosotros usando su tel\u00e9fono celular);<br \/>Informaci\u00f3n comercial (por ejemplo, si se ha suscrito a nuestro bolet\u00edn);<br \/>Datos sobre sus\u00a0gustos y preferencias\u00a0(por ejemplo, si utiliza nuestras p\u00e1ginas sociales).<br \/>Tenga en cuenta que cuando le solicitamos que nos proporcione sus datos personales para permitirle utilizar algunos de nuestros servicios, algunos campos se marcar\u00e1n como\u00a0requeridos\u00a0porque necesitamos estos datos para brindarle el servicio o producto que solicit\u00f3 y para permitirle para acceder a la funci\u00f3n solicitada. Por lo tanto, estos datos son necesarios para garantizar que cumplimos plenamente con nuestras obligaciones derivadas del acuerdo que celebramos con usted o para cumplir con nuestras obligaciones de conformidad con las disposiciones de las leyes o reglamentos aplicables. El hecho de no proporcionar dichos datos puede impedirle registrarse como usuario o recibir dichos servicios o productos o utilizar la funci\u00f3n solicitada.<br \/>Dependiendo de los servicios, productos o funciones que pueda solicitar de vez en cuando, sus datos personales se procesar\u00e1n para los fines que se describen a continuaci\u00f3n:<\/p>\n<ol class=\"ol1\"><\/ol>\n<ol class=\"ol1\">\n<li class=\"li2\"><span style=\"text-decoration: underline;\"><span class=\"s2\">Ejecuci\u00f3n de contrato de compra o de servicio.<\/span><\/span><span class=\"s2\"> Este prop\u00f3sito requiere que sus datos sean procesados \u200b\u200bcomo se muestra a continuaci\u00f3n:<\/span><span class=\"s2\"><br \/>Contactarlo para enviarle actualizaciones e informaci\u00f3n sobre los productos o servicios que compr\u00f3. Gestionar los\u00a0art\u00edculos devueltos\u00a0despu\u00e9s de la compra y gestionar\u00a0las consultas sobre la disponibilidad de los productos.<\/span><\/li>\n<li class=\"li2\"><span class=\"s1\"><span style=\"text-decoration: underline;\">Atender sus solicitudes a trav\u00e9s de los canales de atenci\u00f3n al cliente.<\/span><br \/>Solo trataremos los datos estrictamente necesarios para gestionar o cumplir con su solicitud.<br \/><\/span><\/li>\n<li class=\"li2\"><span class=\"s1\"><span style=\"text-decoration: underline;\">Prop\u00f3sitos de mercadeo.<\/span><br \/>Este prop\u00f3sito requiere que sus datos se procesen como se muestra a continuaci\u00f3n: Si se suscribe a nuestro bolet\u00edn y da su consentimiento para fines de marketing y creaci\u00f3n de perfiles, procesaremos sus datos personales para administrar su suscripci\u00f3n al bolet\u00edn y enviarle informaci\u00f3n personalizada sobre nuestros productos o servicios mediante el uso de diferentes medios de comunicaci\u00f3n, incluido el correo electr\u00f3nico o SMS.<br \/>En consecuencia, tenga en cuenta que este tipo de tratamiento de datos requiere el an\u00e1lisis de su perfil de usuario o cliente para establecer sus preferencias y, por tanto, decidir qu\u00e9 productos y servicios se adaptan mejor a su estilo cuando le enviemos dicha informaci\u00f3n. Por ejemplo, en base a su historial de compras y navegaci\u00f3n, le recomendaremos productos que, en nuestra opini\u00f3n, pueden ser de su inter\u00e9s.<br \/>Podr\u00e1 cancelar su suscripci\u00f3n a nuestra Newsletter en cualquier momento sin coste alguno accediendo a la secci\u00f3n \u201cNewsletter\u201d de nuestra web as\u00ed como siguiendo las instrucciones que se indican en cada comunicaci\u00f3n.<br \/>Para lanzar acciones promocionales (por ejemplo, para realizar concursos o reenviar su lista de art\u00edculos guardados a la direcci\u00f3n de correo electr\u00f3nico que especific\u00f3).<br \/>Publicar fotograf\u00edas o im\u00e1genes compartidas p\u00fablicamente en nuestro sitio web o canales de redes sociales, sujeto a su autorizaci\u00f3n expl\u00edcita.<br \/><\/span><\/li>\n<li class=\"li2\"><span class=\"s1\"><span style=\"text-decoration: underline;\">An\u00e1lisis de calidad y uso para mejorar nuestros servicios<\/span><br \/>Tenga en cuenta que si accede a nuestro sitio web, los sistemas de TI subyacentes, durante el curso de las operaciones normales, recopilar\u00e1n algunos de sus datos personales, cuya transmisi\u00f3n est\u00e1 impl\u00edcita en el uso de los protocolos de comunicaci\u00f3n de Internet. Esta informaci\u00f3n no se recopilar\u00e1 con el fin de identificarlo, pero puede conducir a su identificaci\u00f3n si, por ejemplo, se combina con otros datos en poder de terceros. Esta categor\u00eda de datos incluye la direcci\u00f3n IP y el nombre de dominio de su computadora, las direcciones en notaci\u00f3n URI (Uniform Resource Identifier) \u200b\u200bde los recursos solicitados, la hora de la solicitud, el m\u00e9todo utilizado para enviar la solicitud al servidor, el tama\u00f1o del archivo recibido en respuesta , c\u00f3digo num\u00e9rico que representa el estado de la respuesta proporcionada por el servidor y otras m\u00e9tricas relacionadas con tu sistema operativo.<br \/>Utilizamos estos datos \u00fanicamente con fines anal\u00edticos y estad\u00edsticos an\u00f3nimos para monitorear el uso de nuestro sitio web y su buen funcionamiento. Estos datos pueden utilizarse para investigar y establecer responsabilidades en caso de ciberdelitos contra los Servicios.<br \/><\/span><\/li>\n<li class=\"li2\"><span class=\"s1\"><span style=\"text-decoration: underline;\">Prop\u00f3sitos de reclutamiento<\/span><br \/>Si completa la secci\u00f3n \u00abtrabaja con nosotros\u00bb en nuestro sitio web o nos env\u00eda su curr\u00edculum vitae, tenga en cuenta que sus datos se procesar\u00e1n \u00fanicamente con fines de contrataci\u00f3n de personal.<br \/><\/span><\/li>\n<\/ol>\n<p><strong>3. \u00bfCU\u00c1LES SON LAS BASES LEGALES PARA EL TRATAMIENTO DE SUS DATOS? <\/strong><\/p>\n<p>La base legal para el procesamiento de sus datos personales tambi\u00e9n depender\u00e1 del prop\u00f3sito del procedimiento de procesamiento espec\u00edfico, como se describe en la siguiente tabla:<\/p>\n<ol>\n<li><span style=\"text-decoration: underline;\">Ejecuci\u00f3n de contrato de compra o de servicio.<\/span> Necesitamos procesar sus datos para garantizar el cumplimiento del contrato de venta o prestaci\u00f3n de servicios que celebramos con usted.<\/li>\n<li><span style=\"text-decoration: underline;\">Atenci\u00f3n al cliente<\/span> Creemos que tenemos un inter\u00e9s leg\u00edtimo en responder a sus consultas y solicitudes de asesoramiento a trav\u00e9s de los diferentes m\u00e9todos de contacto disponibles. Creemos que tambi\u00e9n se beneficiar\u00e1 del procesamiento de dichos datos en la medida en que nos permita brindarle el apoyo adecuado y responder a sus preguntas de manera adecuada. Si se pone en contacto con nosotros, espec\u00edficamente para asuntos relacionados con su pedido o el producto\/servicio que compr\u00f3, entonces se requerir\u00e1 el procesamiento a los efectos del cumplimiento del contrato de venta. Si su solicitud se relaciona con el ejercicio de los derechos que se muestran a continuaci\u00f3n o con quejas relacionadas con nuestros productos o servicios, entonces la base legal para el procesamiento surgir\u00e1 de la necesidad de cumplir con las obligaciones que estamos obligados a cumplir seg\u00fan las disposiciones legales aplicables.<\/li>\n<li><span style=\"text-decoration: underline;\">Marketing<\/span> La base legal para el tratamiento de sus datos con fines de marketing radica en el consentimiento que usted otorga, como cuando acepta recibir informaci\u00f3n comercial o cuando da su consentimiento para participar en actividades promocionales o publicar sus im\u00e1genes en nuestros canales de redes sociales. Tambi\u00e9n utilizaremos su consentimiento con el fin de asociar sus datos con los publicados en las redes sociales para mostrarle publicidad personalizada en funci\u00f3n de sus gustos, h\u00e1bitos y patrones de navegaci\u00f3n. Sujeto a su consentimiento, podemos llevar a cabo actividades de creaci\u00f3n de perfiles (creaci\u00f3n de perfiles individuales o grupales) utilizando la informaci\u00f3n que tenemos sobre usted (patrones de navegaci\u00f3n, preferencias de compra e historial) y los datos personales que proporcion\u00f3, como el grupo de edad y el idioma, ya que creemos que el procesamiento de dichos datos es ventajoso para usted, ya que le permite beneficiarse de una mejor experiencia de usuario y acceder a la informaci\u00f3n en funci\u00f3n de sus propias preferencias. Si da su consentimiento para fines de marketing, podremos enviarle comunicaciones promocionales personalizadas.<\/li>\n<li><span style=\"text-decoration: underline;\">An\u00e1lisis de uso y calidad.<\/span> Sujeto a su consentimiento, podemos analizar el uso del sitio web y el nivel de satisfacci\u00f3n del usuario. Este procedimiento de procesamiento tambi\u00e9n resultar\u00e1 ventajoso para usted, ya que tiene como objetivo mejorar la experiencia del usuario y brindar un servicio de mejor calidad.<\/li>\n<li><span style=\"text-decoration: underline;\">Finalidades de contrataci\u00f3n<\/span> La base legal para el tratamiento de tus datos con fines de contrataci\u00f3n es el consentimiento que nos otorgas cuando completas la secci\u00f3n \u201ctrabaja para nosotros\u201d de nuestra web o env\u00edas tu curr\u00edculum vitae.<\/li>\n<\/ol>\n<ol><\/ol>\n<p><strong>4. CU\u00c1NTO TIEMPO CONSERVAREMOS TUS DATOS<\/strong><br \/>El\u00a0per\u00edodo de retenci\u00f3n de sus datos depender\u00e1 del prop\u00f3sito del procesamiento subyacente, como se muestra a continuaci\u00f3n:<\/p>\n<ol>\n<li><span style=\"text-decoration: underline;\">Ejecuci\u00f3n de contrato de compra o de servicio.<\/span><br \/>Sus datos ser\u00e1n tratados en la medida necesaria para gestionar la compra de productos o prestar los servicios solicitados por usted, incluidas las devoluciones, reclamaciones o litigios relacionados con la compra de un determinado producto o la prestaci\u00f3n de un determinado servicio.<\/li>\n<li><span style=\"text-decoration: underline;\">Atenci\u00f3n al cliente<\/span><br \/>Sus datos ser\u00e1n tratados en la medida necesaria para atender su solicitud.<\/li>\n<li><span style=\"text-decoration: underline;\">Marketing<\/span><br \/>Sus datos ser\u00e1n tratados hasta que se d\u00e9 de baja de nuestra newsletter.<br \/>Los datos recopilados con su consentimiento con fines de elaboraci\u00f3n de perfiles y marketing se conservar\u00e1n durante un per\u00edodo de 8 a\u00f1os, al vencimiento del cual se borrar\u00e1n autom\u00e1ticamente o se anonimizar\u00e1n de manera permanente e irreversible.<\/li>\n<li><span style=\"text-decoration: underline;\">An\u00e1lisis de uso y calidad.<\/span><br \/>Sus datos ser\u00e1n tratados de forma puntual durante una determinada actuaci\u00f3n o encuesta de calidad o hasta que se desidentifiquen sus datos de navegaci\u00f3n.<\/li>\n<li><span style=\"text-decoration: underline;\">Prop\u00f3sitos de reclutamiento<\/span><br \/>Sus datos ser\u00e1n tratados durante un plazo de 2 a\u00f1os.<\/li>\n<\/ol>\n<p><strong>5. CON QUI\u00c9N COMPARTIMOS SUS DATOS <\/strong><br \/>Para lograr los prop\u00f3sitos que se enumeran en esta Pol\u00edtica de privacidad y cookies, debemos permitir que las empresas que pertenecen a nuestro grupo corporativo, as\u00ed como los terceros que nos ayudan a brindar los servicios que le brindamos, accedan a sus datos personales, a saber:<\/p>\n<ol>\n<li>Empresas que distribuyen nuestros productos.<\/li>\n<li>Instituciones financieras.<\/li>\n<li>Las compa\u00f1\u00edas de seguros.<\/li>\n<li>Proveedores de servicios tecnol\u00f3gicos.<\/li>\n<li>Proveedores y socios de log\u00edstica, transporte y entrega.<\/li>\n<li>Proveedores de servicios de atenci\u00f3n al cliente.<\/li>\n<li>Proveedores y socios de marketing y publicidad.<\/li>\n<li>Consultores y aut\u00f3nomos.<\/li>\n<\/ol>\n<p>Para garantizar la eficiencia del servicio, algunos de los proveedores mencionados anteriormente tienen su sede fuera del Espacio Econ\u00f3mico Europeo en pa\u00edses que no brindan el mismo nivel de protecci\u00f3n de datos que el que brinda la Uni\u00f3n Europea. En tales casos, sus datos ser\u00e1n cedidos en todo caso con las debidas garant\u00edas y respetando las disposiciones en materia de seguridad de datos. Sus datos personales tambi\u00e9n pueden ser accedidos con fines de procesamiento por nuestro personal debidamente autorizado. La autorizaci\u00f3n correspondiente se emite en funci\u00f3n de la necesidad real de acceder a sus datos para el cumplimiento de las tareas requeridas.<\/p>\n<p><strong>6. TUS DERECHOS SOBRE LOS DATOS QUE PROPORCIONAS<\/strong><br \/>Mantendremos la confidencialidad de sus datos personales y nos aseguraremos de que pueda ejercer sus derechos. Puede ejercer sus derechos de forma totalmente gratuita envi\u00e1ndonos un correo electr\u00f3nico a privacidad@dbbroadcast.com, simplemente indicando el motivo de su solicitud y el derecho que pretende ejercer. Si la prueba de su identidad se considera necesaria, podemos pedirle que presente una copia de un documento que certifique su identidad. En concreto, con independencia de las finalidades o bases legales bajo las que tratemos tus datos, tienes los siguientes derechos:<\/p>\n<ol>\n<li>Obtener acceso a sus datos personales en nuestro poder y solicitar la rectificaci\u00f3n, supresi\u00f3n, limitaci\u00f3n y objeci\u00f3n a su procesamiento si dicho procesamiento se lleva a cabo de manera automatizada sobre la base del consentimiento o para la ejecuci\u00f3n del contrato;<\/li>\n<li>Retirar su consentimiento para el procesamiento de sus datos en cualquier momento sin afectar la legalidad del procesamiento basado en el consentimiento otorgado antes de dicho retiro;<\/li>\n<li>Presentar una queja ante la Autoridad de Control en materia de protecci\u00f3n de datos personales.<\/li>\n<\/ol>\n<p><strong>7. CAMBIOS A LA POL\u00cdTICA DE PRIVACIDAD<\/strong><br \/>En la medida en que se considere apropiado, podemos cambiar la informaci\u00f3n contenida en esta Pol\u00edtica de privacidad y cookies. En este caso, le notificaremos dichos cambios utilizando diferentes m\u00e9todos a trav\u00e9s de nuestros sitios web o envi\u00e1ndole un correo electr\u00f3nico si los cambios tienen un impacto significativo en su privacidad, para que pueda revisarlos, hacer sus propias consideraciones y, si corresponde, objetar o cancelar cualquier servicio o funci\u00f3n. En cualquier caso, le recomendamos que revise esta Pol\u00edtica de privacidad y cookies de vez en cuando para ver si se han realizado cambios o mejoras menores, ya que la Privacidad est\u00e1 disponible en nuestro sitio web en todo momento.<br \/><span class=\"s1\"><\/span><\/p>\n<p><span class=\"s1\"><\/span><\/p>\n<p>[\/et_pb_text][\/et_pb_column][\/et_pb_row][\/et_pb_section]<\/p>\n","protected":false},"excerpt":{"rendered":"<p>Pol\u00edtica de privacidadLe rogamos que revise nuestra Pol\u00edtica de privacidad y cookies completa a continuaci\u00f3n para que pueda comprender mejor (i) c\u00f3mo usamos sus datos personales y (ii) sus derechos con respecto a sus datos personales. En esta Pol\u00edtica de privacidad y cookies encontrar\u00e1 toda la informaci\u00f3n relevante sobre el uso que hacemos de los [&hellip;]<\/p>\n","protected":false},"author":2,"featured_media":0,"parent":0,"menu_order":0,"comment_status":"closed","ping_status":"closed","template":"","meta":{"_et_pb_use_builder":"on","_et_pb_old_content":"","_et_gb_content_width":"","footnotes":""},"class_list":["post-8546","page","type-page","status-publish","hentry"],"yoast_head":"<!-- This site is optimized with the Yoast SEO plugin v26.4 - https:\/\/yoast.com\/wordpress\/plugins\/seo\/ -->\n<title>Pol\u00edtica de privacidad - DB Broadcasting<\/title>\n<meta name=\"robots\" content=\"noindex, nofollow\" \/>\n<meta property=\"og:locale\" content=\"es_ES\" \/>\n<meta property=\"og:type\" content=\"article\" \/>\n<meta property=\"og:title\" content=\"Pol\u00edtica de privacidad - DB Broadcasting\" \/>\n<meta property=\"og:url\" content=\"https:\/\/www.dbbroadcast.com\/es\/politica-de-privacidad\/\" \/>\n<meta property=\"og:site_name\" content=\"DB Broadcasting\" \/>\n<meta property=\"article:modified_time\" content=\"2022-07-19T09:36:35+00:00\" \/>\n<meta name=\"twitter:card\" content=\"summary_large_image\" \/>\n<meta name=\"twitter:label1\" content=\"Tiempo de lectura\" \/>\n\t<meta name=\"twitter:data1\" content=\"12 minutos\" \/>\n<script type=\"application\/ld+json\" class=\"yoast-schema-graph\">{\"@context\":\"https:\/\/schema.org\",\"@graph\":[{\"@type\":\"WebPage\",\"@id\":\"https:\/\/www.dbbroadcast.com\/es\/politica-de-privacidad\/\",\"url\":\"https:\/\/www.dbbroadcast.com\/es\/politica-de-privacidad\/\",\"name\":\"Pol\u00edtica de privacidad - DB Broadcasting\",\"isPartOf\":{\"@id\":\"https:\/\/www.dbbroadcast.com\/es\/#website\"},\"datePublished\":\"2021-08-27T08:48:46+00:00\",\"dateModified\":\"2022-07-19T09:36:35+00:00\",\"breadcrumb\":{\"@id\":\"https:\/\/www.dbbroadcast.com\/es\/politica-de-privacidad\/#breadcrumb\"},\"inLanguage\":\"es\",\"potentialAction\":[{\"@type\":\"ReadAction\",\"target\":[\"https:\/\/www.dbbroadcast.com\/es\/politica-de-privacidad\/\"]}]},{\"@type\":\"BreadcrumbList\",\"@id\":\"https:\/\/www.dbbroadcast.com\/es\/politica-de-privacidad\/#breadcrumb\",\"itemListElement\":[{\"@type\":\"ListItem\",\"position\":1,\"name\":\"Home\",\"item\":\"https:\/\/www.dbbroadcast.com\/es\/\"},{\"@type\":\"ListItem\",\"position\":2,\"name\":\"Pol\u00edtica de privacidad\"}]},{\"@type\":\"WebSite\",\"@id\":\"https:\/\/www.dbbroadcast.com\/es\/#website\",\"url\":\"https:\/\/www.dbbroadcast.com\/es\/\",\"name\":\"DB Broadcast\",\"description\":\"Broadcasting Equipment\",\"potentialAction\":[{\"@type\":\"SearchAction\",\"target\":{\"@type\":\"EntryPoint\",\"urlTemplate\":\"https:\/\/www.dbbroadcast.com\/es\/?s={search_term_string}\"},\"query-input\":{\"@type\":\"PropertyValueSpecification\",\"valueRequired\":true,\"valueName\":\"search_term_string\"}}],\"inLanguage\":\"es\"}]}<\/script>\n<!-- \/ Yoast SEO plugin. -->","yoast_head_json":{"title":"Pol\u00edtica de privacidad - DB Broadcasting","robots":{"index":"noindex","follow":"nofollow"},"og_locale":"es_ES","og_type":"article","og_title":"Pol\u00edtica de privacidad - DB Broadcasting","og_url":"https:\/\/www.dbbroadcast.com\/es\/politica-de-privacidad\/","og_site_name":"DB Broadcasting","article_modified_time":"2022-07-19T09:36:35+00:00","twitter_card":"summary_large_image","twitter_misc":{"Tiempo de lectura":"12 minutos"},"schema":{"@context":"https:\/\/schema.org","@graph":[{"@type":"WebPage","@id":"https:\/\/www.dbbroadcast.com\/es\/politica-de-privacidad\/","url":"https:\/\/www.dbbroadcast.com\/es\/politica-de-privacidad\/","name":"Pol\u00edtica de privacidad - DB Broadcasting","isPartOf":{"@id":"https:\/\/www.dbbroadcast.com\/es\/#website"},"datePublished":"2021-08-27T08:48:46+00:00","dateModified":"2022-07-19T09:36:35+00:00","breadcrumb":{"@id":"https:\/\/www.dbbroadcast.com\/es\/politica-de-privacidad\/#breadcrumb"},"inLanguage":"es","potentialAction":[{"@type":"ReadAction","target":["https:\/\/www.dbbroadcast.com\/es\/politica-de-privacidad\/"]}]},{"@type":"BreadcrumbList","@id":"https:\/\/www.dbbroadcast.com\/es\/politica-de-privacidad\/#breadcrumb","itemListElement":[{"@type":"ListItem","position":1,"name":"Home","item":"https:\/\/www.dbbroadcast.com\/es\/"},{"@type":"ListItem","position":2,"name":"Pol\u00edtica de privacidad"}]},{"@type":"WebSite","@id":"https:\/\/www.dbbroadcast.com\/es\/#website","url":"https:\/\/www.dbbroadcast.com\/es\/","name":"DB Broadcast","description":"Broadcasting Equipment","potentialAction":[{"@type":"SearchAction","target":{"@type":"EntryPoint","urlTemplate":"https:\/\/www.dbbroadcast.com\/es\/?s={search_term_string}"},"query-input":{"@type":"PropertyValueSpecification","valueRequired":true,"valueName":"search_term_string"}}],"inLanguage":"es"}]}},"rttpg_featured_image_url":null,"rttpg_author":{"display_name":"alessia","author_link":"https:\/\/www.dbbroadcast.com\/es\/author\/alessia\/"},"rttpg_comment":0,"rttpg_category":false,"rttpg_excerpt":null,"_links":{"self":[{"href":"https:\/\/www.dbbroadcast.com\/es\/wp-json\/wp\/v2\/pages\/8546","targetHints":{"allow":["GET"]}}],"collection":[{"href":"https:\/\/www.dbbroadcast.com\/es\/wp-json\/wp\/v2\/pages"}],"about":[{"href":"https:\/\/www.dbbroadcast.com\/es\/wp-json\/wp\/v2\/types\/page"}],"author":[{"embeddable":true,"href":"https:\/\/www.dbbroadcast.com\/es\/wp-json\/wp\/v2\/users\/2"}],"replies":[{"embeddable":true,"href":"https:\/\/www.dbbroadcast.com\/es\/wp-json\/wp\/v2\/comments?post=8546"}],"version-history":[{"count":0,"href":"https:\/\/www.dbbroadcast.com\/es\/wp-json\/wp\/v2\/pages\/8546\/revisions"}],"wp:attachment":[{"href":"https:\/\/www.dbbroadcast.com\/es\/wp-json\/wp\/v2\/media?parent=8546"}],"curies":[{"name":"wp","href":"https:\/\/api.w.org\/{rel}","templated":true}]}}