{"id":8603,"date":"2021-08-27T08:49:02","date_gmt":"2021-08-27T08:49:02","guid":{"rendered":"https:\/\/www.dbbroadcast.com\/cookie-policy\/"},"modified":"2022-07-19T09:11:18","modified_gmt":"2022-07-19T09:11:18","slug":"politica-de-cookies","status":"publish","type":"page","link":"https:\/\/www.dbbroadcast.com\/es\/politica-de-cookies\/","title":{"rendered":"Pol\u00edtica de cookies"},"content":{"rendered":"<p>[et_pb_section fb_built=\u00bb1&#8243; admin_label=\u00bbSlider technologies\u00bb _builder_version=\u00bb4.16&#8243; background_color=\u00bb#2a2a2a\u00bb background_color_gradient_direction=\u00bb150deg\u00bb background_color_gradient_start=\u00bb#000000&#8243; background_color_gradient_end=\u00bbrgba(0,0,0,0.4)\u00bb background_enable_image=\u00bboff\u00bb custom_padding=\u00bb5%||5%||true|false\u00bb locked=\u00bboff\u00bb global_colors_info=\u00bb{}\u00bb][et_pb_row _builder_version=\u00bb4.16&#8243; width_tablet=\u00bb\u00bb width_phone=\u00bb\u00bb width_last_edited=\u00bbon|desktop\u00bb global_colors_info=\u00bb{}\u00bb][et_pb_column type=\u00bb4_4&#8243; _builder_version=\u00bb4.16&#8243; custom_padding=\u00bb|||\u00bb global_colors_info=\u00bb{}\u00bb custom_padding__hover=\u00bb|||\u00bb][et_pb_text admin_label=\u00bbText &#8211; H1&#8243; _builder_version=\u00bb4.16&#8243; _module_preset=\u00bbdefault\u00bb text_font=\u00bbRoboto||||||||\u00bb header_font_size=\u00bb34px\u00bb text_orientation=\u00bbcenter\u00bb background_layout=\u00bbdark\u00bb header_font_size_tablet=\u00bb28px\u00bb header_font_size_phone=\u00bb28px\u00bb header_font_size_last_edited=\u00bbon|phone\u00bb global_colors_info=\u00bb{}\u00bb]<\/p>\n<h1>Pol\u00edtica de cookies<\/h1>\n<p>[\/et_pb_text][\/et_pb_column][\/et_pb_row][\/et_pb_section][et_pb_section fb_built=\u00bb1&#8243; disabled_on=\u00bboff|off|off\u00bb _builder_version=\u00bb4.16&#8243; _module_preset=\u00bbdefault\u00bb use_background_color_gradient_tablet=\u00bboff\u00bb locked=\u00bboff\u00bb global_colors_info=\u00bb{}\u00bb][et_pb_row _builder_version=\u00bb4.16&#8243; _module_preset=\u00bbdefault\u00bb width=\u00bb60%\u00bb width_tablet=\u00bb80%\u00bb width_phone=\u00bb80%\u00bb width_last_edited=\u00bbon|tablet\u00bb module_alignment=\u00bbcenter\u00bb global_colors_info=\u00bb{}\u00bb][et_pb_column type=\u00bb4_4&#8243; _builder_version=\u00bb4.16&#8243; _module_preset=\u00bbdefault\u00bb global_colors_info=\u00bb{}\u00bb][et_pb_text _builder_version=\u00bb4.17.4&#8243; _module_preset=\u00bbdefault\u00bb hover_enabled=\u00bb0&#8243; global_colors_info=\u00bb{}\u00bb sticky_enabled=\u00bb0&#8243;]<\/p>\n<p>Para facilitar el uso de nuestro sitio web, estamos utilizando \u00abcookies\u00bb. Las cookies son peque\u00f1as unidades de datos almacenadas en el disco duro de su computadora por su navegador que son necesarias para usar nuestro sitio web. Utilizamos cookies para comprender mejor c\u00f3mo se utiliza nuestro sitio web y permitir una mejor navegaci\u00f3n. Las cookies nos ayudan a determinar, por ejemplo, si una p\u00e1gina de nuestro sitio web ya ha sido visitada. Las cookies tambi\u00e9n pueden decirnos si ha visitado nuestro sitio web antes o si es un visitante nuevo. Las cookies que utilizamos no almacenan ning\u00fan dato personal ni recopilan informaci\u00f3n de identificaci\u00f3n personal. Si no desea recibir cookies, configure su navegador de Internet para borrar todas las cookies del disco duro de su computadora, bloquear todas las cookies o recibir una advertencia antes de que se almacene una cookie.<\/p>\n<p><strong>\u00bfQu\u00e9 es una cookie y para qu\u00e9 sirve?<\/strong><\/p>\n<p>Una cookie es un peque\u00f1o fragmento de datos que se utiliza para almacenar informaci\u00f3n en el navegador de su computadora o programar subcarpetas de datos cuando visita un sitio web, como DB Elettronica Telecomunicazioni S.p.A. (\u00absitio web\u00bb).<br \/>Se utilizan ampliamente para hacer que los sitios web funcionen o funcionen de manera m\u00e1s eficiente, as\u00ed como para proporcionar informaci\u00f3n a los propietarios del sitio web.<\/p>\n<p><strong>Tipo de Cookies<\/strong><\/p>\n<p><span style=\"text-decoration: underline;\">Cookies t\u00e9cnicas o de navegaci\u00f3n<\/span><br \/>Las cookies t\u00e9cnicas est\u00e1n dise\u00f1adas para garantizar el correcto funcionamiento de nuestro sitio web, sin las cuales su experiencia de navegaci\u00f3n no ser\u00eda agradable.<br \/>Gracias a las cookies, el sitio t\u00e9cnico recuerda sus acciones y preferencias (p. ej., \u00e1reas de inicio de sesi\u00f3n de informaci\u00f3n personal\/confidencial (si corresponde), idioma de navegaci\u00f3n (si corresponde), aceptaci\u00f3n de cookies) para que no tenga que volver a ingresarlas cuando regrese al sitio. sitio o navegar de una p\u00e1gina a otra.<\/p>\n<p><u>Cookies anal\u00edticas<br \/><\/u>Las cookies anal\u00edticas se utilizan para recopilar informaci\u00f3n sobre el sitio.<br \/>Los datos recopilados solo con fines de an\u00e1lisis estad\u00edstico an\u00f3nimo para mejorar la navegabilidad del sitio y hacer que el contenido sea relevante para las solicitudes de los usuarios. Las cookies anal\u00edticas recopilan datos an\u00f3nimos sobre la actividad del usuario y c\u00f3mo ha llegado a las p\u00e1ginas del sitio.<br \/>Las cookies anal\u00edticas se env\u00edan tanto desde nosotros como desde dominios de terceros.<\/p>\n<p><u>Cookie de an\u00e1lisis de servicios de terceros<br \/><\/u>Las cookies de an\u00e1lisis de terceros se utilizan para recopilar informaci\u00f3n sobre el uso del sitio que hacen los usuarios de forma an\u00f3nima (p\u00e1ginas visitadas, tiempo de permanencia, fuentes de tr\u00e1fico de procedencia, origen geogr\u00e1fico, edad, sexo e intereses) para definir campa\u00f1as de marketing. Estas cookies se env\u00edan desde dominios de terceros fuera del sitio.<br \/>Nuestro sitio utiliza cookies de terceros o Google Analytics. Esta cookie no es una herramienta de nuestra propiedad, para m\u00e1s informaci\u00f3n, por tanto, puede consultar la informaci\u00f3n facilitada por Google en: <a href=\"http:\/\/www.google.it\/policies\/privacy\/partners\/\">http:\/\/www.google.it\/policies\/privacy\/partners\/<\/a><br \/>Si prefiere que Google Analytics no utilice los datos recopilados de ninguna manera, puede:<br \/>utilice la navegaci\u00f3n an\u00f3nima (opci\u00f3n No rastrear) de su navegador. Para saber c\u00f3mo activar la opci\u00f3n en los principales motores de b\u00fasqueda, haga clic en el navegador que est\u00e1 utilizando Internet Explorer, Google Chrome, Mozilla Firefox, Apple Safari. elija deshabilitar Google Analytics en su navegador instalando el complemento para la desactivaci\u00f3n. Pulsa aqu\u00ed para descargar Las cookies t\u00e9cnicas y de an\u00e1lisis son la \u00fanica cookie que utilizamos para que tu navegaci\u00f3n sea agradable. No utilizamos cookies en lugar de perfiles.<\/p>\n<p>Las cookies t\u00e9cnicas y de anal\u00edtica son la \u00fanica cookie que utilizamos para que tu navegaci\u00f3n sea agradable.<br \/>No utilizamos cookies de creaci\u00f3n de perfiles.<\/p>\n<p>A continuaci\u00f3n se muestra la lista de cookies t\u00e9cnicas y anal\u00edticas utilizadas por este sitio:<br \/>__utma \u2013 persistente, tiempo de visita del usuario, necesidad de servicio de terceros Google Analytics y Webmaster. dura dos a\u00f1os<br \/>__utmb: tasa de abandono persistente (valor aproximado) del usuario, necesidad del servicio de terceros Google Analytics. Dura 30 minutos<br \/>__utmc \u2013 persistente, calcula la duraci\u00f3n de una visita de un usuario, requerido para el servicio de terceros Google Analytics. Dura 30 minutos<br \/>__utmt \u2013 persistente, maneja el l\u00edmite de solicitudes (throttle) al servicio Google Analytics. Dura 30 minutos<br \/>__utmz \u2013 persistente \u2013 usuario de origen, necesario para el servicio de terceros Google Analytics. Dura 6 meses<br \/>_ga \u2013 persistente, utilizado para distinguir a los usuarios \u2013 necesita un servicio de terceros Google Analytics. dura dos a\u00f1os<br \/>PHPSESSID \u2013 sesi\u00f3n, en PHP necesaria para identificar la \u00fanica sesi\u00f3n de un usuario.<br \/>LANG: persistente, utilizado por el sitio para ver el sitio en el idioma elegido por el usuario. Dura 6-12 meses<\/p>\n<p>NOTA: Algunas de las cookies mencionadas anteriormente pueden activarse en momentos espec\u00edficos o despu\u00e9s de acceder a secciones espec\u00edficas del sitio.<\/p>\n<p><strong>\u00bfC\u00f3mo puedo deshabilitar las cookies? <\/strong><\/p>\n<p>La mayor\u00eda de los navegadores web (Internet Explorer, Firefox, etc.) est\u00e1n configurados para aceptar cookies autom\u00e1ticamente. Sin embargo, la mayor\u00eda de los navegadores web permiten cierto control de la mayor\u00eda de las cookies a trav\u00e9s de la configuraci\u00f3n del navegador, incluida la desactivaci\u00f3n de las cookies en cualquier momento. Sin embargo, deseamos informarle que deshabilitar las cookies t\u00e9cnicas\/de navegaci\u00f3n o las cookies funcionales puede impedir que nuestro sitio web funcione correctamente y\/o no permitirle aprovechar de manera plena y efectiva los servicios que ofrecemos.<br \/>Para obtener m\u00e1s informaci\u00f3n sobre las cookies, incluido c\u00f3mo administrar y deshabilitar las cookies de terceros o de marketing\/retargeting, visite <a href=\"http:\/\/www.youronlinechoices.com\/\">www.youronlinechoices.com<\/a>.<br \/>Para deshabilitar las cookies anal\u00edticas y optar por no ser rastreado por Google Analytics en todos los sitios web, puede descargar el complemento de exclusi\u00f3n de navegador de Google Analytics: <a href=\"http:\/\/tools.google.com\/dlpage\/gaoptout\">tools.google.com\/dlpage\/gaoptout<\/a>.<\/p>\n<p>[\/et_pb_text][\/et_pb_column][\/et_pb_row][\/et_pb_section]<\/p>\n","protected":false},"excerpt":{"rendered":"<p>Pol\u00edtica de cookiesPara facilitar el uso de nuestro sitio web, estamos utilizando \u00abcookies\u00bb. Las cookies son peque\u00f1as unidades de datos almacenadas en el disco duro de su computadora por su navegador que son necesarias para usar nuestro sitio web. Utilizamos cookies para comprender mejor c\u00f3mo se utiliza nuestro sitio web y permitir una mejor navegaci\u00f3n. [&hellip;]<\/p>\n","protected":false},"author":2,"featured_media":0,"parent":0,"menu_order":0,"comment_status":"closed","ping_status":"closed","template":"","meta":{"_et_pb_use_builder":"on","_et_pb_old_content":"","_et_gb_content_width":"","footnotes":""},"class_list":["post-8603","page","type-page","status-publish","hentry"],"yoast_head":"<!-- This site is optimized with the Yoast SEO plugin v26.4 - https:\/\/yoast.com\/wordpress\/plugins\/seo\/ -->\n<title>Pol\u00edtica de cookies - DB Broadcasting<\/title>\n<meta name=\"robots\" content=\"noindex, nofollow\" \/>\n<meta property=\"og:locale\" content=\"es_ES\" \/>\n<meta property=\"og:type\" content=\"article\" \/>\n<meta property=\"og:title\" content=\"Pol\u00edtica de cookies - DB Broadcasting\" \/>\n<meta property=\"og:url\" content=\"https:\/\/www.dbbroadcast.com\/es\/politica-de-cookies\/\" \/>\n<meta property=\"og:site_name\" content=\"DB Broadcasting\" \/>\n<meta property=\"article:modified_time\" content=\"2022-07-19T09:11:18+00:00\" \/>\n<meta name=\"twitter:card\" content=\"summary_large_image\" \/>\n<meta name=\"twitter:label1\" content=\"Tiempo de lectura\" \/>\n\t<meta name=\"twitter:data1\" content=\"6 minutos\" \/>\n<script type=\"application\/ld+json\" class=\"yoast-schema-graph\">{\"@context\":\"https:\/\/schema.org\",\"@graph\":[{\"@type\":\"WebPage\",\"@id\":\"https:\/\/www.dbbroadcast.com\/es\/politica-de-cookies\/\",\"url\":\"https:\/\/www.dbbroadcast.com\/es\/politica-de-cookies\/\",\"name\":\"Pol\u00edtica de cookies - DB Broadcasting\",\"isPartOf\":{\"@id\":\"https:\/\/www.dbbroadcast.com\/es\/#website\"},\"datePublished\":\"2021-08-27T08:49:02+00:00\",\"dateModified\":\"2022-07-19T09:11:18+00:00\",\"breadcrumb\":{\"@id\":\"https:\/\/www.dbbroadcast.com\/es\/politica-de-cookies\/#breadcrumb\"},\"inLanguage\":\"es\",\"potentialAction\":[{\"@type\":\"ReadAction\",\"target\":[\"https:\/\/www.dbbroadcast.com\/es\/politica-de-cookies\/\"]}]},{\"@type\":\"BreadcrumbList\",\"@id\":\"https:\/\/www.dbbroadcast.com\/es\/politica-de-cookies\/#breadcrumb\",\"itemListElement\":[{\"@type\":\"ListItem\",\"position\":1,\"name\":\"Home\",\"item\":\"https:\/\/www.dbbroadcast.com\/es\/\"},{\"@type\":\"ListItem\",\"position\":2,\"name\":\"Pol\u00edtica de cookies\"}]},{\"@type\":\"WebSite\",\"@id\":\"https:\/\/www.dbbroadcast.com\/es\/#website\",\"url\":\"https:\/\/www.dbbroadcast.com\/es\/\",\"name\":\"DB Broadcast\",\"description\":\"Broadcasting Equipment\",\"potentialAction\":[{\"@type\":\"SearchAction\",\"target\":{\"@type\":\"EntryPoint\",\"urlTemplate\":\"https:\/\/www.dbbroadcast.com\/es\/?s={search_term_string}\"},\"query-input\":{\"@type\":\"PropertyValueSpecification\",\"valueRequired\":true,\"valueName\":\"search_term_string\"}}],\"inLanguage\":\"es\"}]}<\/script>\n<!-- \/ Yoast SEO plugin. -->","yoast_head_json":{"title":"Pol\u00edtica de cookies - DB Broadcasting","robots":{"index":"noindex","follow":"nofollow"},"og_locale":"es_ES","og_type":"article","og_title":"Pol\u00edtica de cookies - DB Broadcasting","og_url":"https:\/\/www.dbbroadcast.com\/es\/politica-de-cookies\/","og_site_name":"DB Broadcasting","article_modified_time":"2022-07-19T09:11:18+00:00","twitter_card":"summary_large_image","twitter_misc":{"Tiempo de lectura":"6 minutos"},"schema":{"@context":"https:\/\/schema.org","@graph":[{"@type":"WebPage","@id":"https:\/\/www.dbbroadcast.com\/es\/politica-de-cookies\/","url":"https:\/\/www.dbbroadcast.com\/es\/politica-de-cookies\/","name":"Pol\u00edtica de cookies - DB Broadcasting","isPartOf":{"@id":"https:\/\/www.dbbroadcast.com\/es\/#website"},"datePublished":"2021-08-27T08:49:02+00:00","dateModified":"2022-07-19T09:11:18+00:00","breadcrumb":{"@id":"https:\/\/www.dbbroadcast.com\/es\/politica-de-cookies\/#breadcrumb"},"inLanguage":"es","potentialAction":[{"@type":"ReadAction","target":["https:\/\/www.dbbroadcast.com\/es\/politica-de-cookies\/"]}]},{"@type":"BreadcrumbList","@id":"https:\/\/www.dbbroadcast.com\/es\/politica-de-cookies\/#breadcrumb","itemListElement":[{"@type":"ListItem","position":1,"name":"Home","item":"https:\/\/www.dbbroadcast.com\/es\/"},{"@type":"ListItem","position":2,"name":"Pol\u00edtica de cookies"}]},{"@type":"WebSite","@id":"https:\/\/www.dbbroadcast.com\/es\/#website","url":"https:\/\/www.dbbroadcast.com\/es\/","name":"DB Broadcast","description":"Broadcasting Equipment","potentialAction":[{"@type":"SearchAction","target":{"@type":"EntryPoint","urlTemplate":"https:\/\/www.dbbroadcast.com\/es\/?s={search_term_string}"},"query-input":{"@type":"PropertyValueSpecification","valueRequired":true,"valueName":"search_term_string"}}],"inLanguage":"es"}]}},"rttpg_featured_image_url":null,"rttpg_author":{"display_name":"alessia","author_link":"https:\/\/www.dbbroadcast.com\/es\/author\/alessia\/"},"rttpg_comment":0,"rttpg_category":false,"rttpg_excerpt":null,"_links":{"self":[{"href":"https:\/\/www.dbbroadcast.com\/es\/wp-json\/wp\/v2\/pages\/8603","targetHints":{"allow":["GET"]}}],"collection":[{"href":"https:\/\/www.dbbroadcast.com\/es\/wp-json\/wp\/v2\/pages"}],"about":[{"href":"https:\/\/www.dbbroadcast.com\/es\/wp-json\/wp\/v2\/types\/page"}],"author":[{"embeddable":true,"href":"https:\/\/www.dbbroadcast.com\/es\/wp-json\/wp\/v2\/users\/2"}],"replies":[{"embeddable":true,"href":"https:\/\/www.dbbroadcast.com\/es\/wp-json\/wp\/v2\/comments?post=8603"}],"version-history":[{"count":0,"href":"https:\/\/www.dbbroadcast.com\/es\/wp-json\/wp\/v2\/pages\/8603\/revisions"}],"wp:attachment":[{"href":"https:\/\/www.dbbroadcast.com\/es\/wp-json\/wp\/v2\/media?parent=8603"}],"curies":[{"name":"wp","href":"https:\/\/api.w.org\/{rel}","templated":true}]}}