{"id":8653,"date":"2022-03-24T12:55:20","date_gmt":"2022-03-24T12:55:20","guid":{"rendered":"https:\/\/www.dbbroadcast.com\/products\/tv\/accessories-gnss\/"},"modified":"2022-08-01T17:23:52","modified_gmt":"2022-08-01T17:23:52","slug":"accesorios-gnss","status":"publish","type":"page","link":"https:\/\/www.dbbroadcast.com\/es\/productos\/tv\/accesorios-gnss\/","title":{"rendered":"ACCESORIOS GNSS"},"content":{"rendered":"<p>[et_pb_section fb_built=\u00bb1&#8243; admin_label=\u00bbHeader\u00bb _builder_version=\u00bb4.16&#8243; _module_preset=\u00bbdefault\u00bb background_color=\u00bb#2a2a2a\u00bb background_enable_image=\u00bboff\u00bb custom_padding=\u00bb5%||||false|false\u00bb locked=\u00bboff\u00bb global_colors_info=\u00bb{}\u00bb][et_pb_row _builder_version=\u00bb4.16&#8243; _module_preset=\u00bbdefault\u00bb custom_padding=\u00bb||||false|false\u00bb global_colors_info=\u00bb{}\u00bb][et_pb_column type=\u00bb4_4&#8243; _builder_version=\u00bb4.16&#8243; _module_preset=\u00bbdefault\u00bb background_enable_color=\u00bboff\u00bb custom_padding=\u00bb0px|0px|0px|0px|false|true\u00bb custom_padding_tablet=\u00bb40px|30px|40px|30px|true|true\u00bb custom_padding_phone=\u00bb|20px|40px|20px|false|true\u00bb custom_padding_last_edited=\u00bbon|phone\u00bb global_colors_info=\u00bb{}\u00bb][et_pb_text _builder_version=\u00bb4.16.0&#8243; _module_preset=\u00bbdefault\u00bb text_font=\u00bbRoboto||||||||\u00bb header_font_size=\u00bb34px\u00bb text_orientation=\u00bbcenter\u00bb background_layout=\u00bbdark\u00bb header_font_size_tablet=\u00bb28px\u00bb header_font_size_phone=\u00bb28px\u00bb header_font_size_last_edited=\u00bbon|phone\u00bb global_colors_info=\u00bb{}\u00bb]<\/p>\n<h1>GNSS<\/h1>\n<p>[\/et_pb_text][\/et_pb_column][\/et_pb_row][\/et_pb_section][et_pb_section fb_built=\u00bb1&#8243; _builder_version=\u00bb4.16.0&#8243; _module_preset=\u00bbdefault\u00bb global_colors_info=\u00bb{}\u00bb][et_pb_row column_structure=\u00bb1_3,2_3&#8243; make_equal=\u00bbon\u00bb _builder_version=\u00bb4.16.0&#8243; _module_preset=\u00bbdefault\u00bb global_colors_info=\u00bb{}\u00bb][et_pb_column type=\u00bb1_3&#8243; module_class=\u00bbiq-centra-verticale\u00bb _builder_version=\u00bb4.16.0&#8243; _module_preset=\u00bbdefault\u00bb global_colors_info=\u00bb{}\u00bb][et_pb_text admin_label=\u00bbText\u00bb _builder_version=\u00bb4.17.6&#8243; _module_preset=\u00bbdefault\u00bb text_font=\u00bbRoboto||||||||\u00bb header_2_font_size=\u00bb30px\u00bb header_2_line_height=\u00bb1.3em\u00bb custom_margin=\u00bb||||false|false\u00bb custom_margin_tablet=\u00bb||0px||false|false\u00bb custom_margin_phone=\u00bb||0px||false|false\u00bb custom_margin_last_edited=\u00bbon|phone\u00bb hover_enabled=\u00bb0&#8243; header_font_size_tablet=\u00bb20px\u00bb header_font_size_phone=\u00bb20px\u00bb header_font_size_last_edited=\u00bbon|phone\u00bb header_2_font_size_tablet=\u00bb28px\u00bb header_2_font_size_phone=\u00bb24px\u00bb header_2_font_size_last_edited=\u00bbon|phone\u00bb locked=\u00bboff\u00bb global_colors_info=\u00bb{}\u00bb sticky_enabled=\u00bb0&#8243;]<\/p>\n<h2>GNSS &#8211; DOBLE REDUNDANTE GPS\/GLONASS\/GALILEO\/BEIDOU<\/h2>\n<p>[\/et_pb_text][et_pb_button button_url=\u00bbhttps:\/\/www.dbbroadcast.com\/wp-content\/uploads\/2022\/04\/GNSS-Receiver_Brochure.pdf\u00bb button_text=\u00bbFolleto del receptor GNSS\u00bb _builder_version=\u00bb4.17.6&#8243; _module_preset=\u00bbdefault\u00bb custom_button=\u00bbon\u00bb button_text_size=\u00bb14px\u00bb button_text_color=\u00bb#000000&#8243; button_bg_color=\u00bbRGBA(0,0,0,0)\u00bb button_border_width=\u00bb0px\u00bb button_border_radius=\u00bb0px\u00bb button_letter_spacing=\u00bb1px\u00bb button_font=\u00bbRoboto|||on|||||\u00bb button_icon=\u00bb&#x45;||divi||400&#8243; button_icon_color=\u00bb#4b9cd3&#8243; custom_padding=\u00bb2.5%||2.5%||true|false\u00bb hover_enabled=\u00bb0&#8243; box_shadow_style=\u00bbpreset4&#8243; box_shadow_horizontal=\u00bb-4px\u00bb box_shadow_vertical=\u00bb0px\u00bb box_shadow_color=\u00bb#e5e8ea\u00bb locked=\u00bboff\u00bb global_colors_info=\u00bb{}\u00bb button_text_color__hover=\u00bb#4b9cd3&#8243; button_text_color__hover_enabled=\u00bbon|hover\u00bb sticky_enabled=\u00bb0&#8243;][\/et_pb_button][\/et_pb_column][et_pb_column type=\u00bb2_3&#8243; _builder_version=\u00bb4.16.0&#8243; _module_preset=\u00bbdefault\u00bb global_colors_info=\u00bb{}\u00bb][et_pb_gallery gallery_ids=\u00bb6590,6592,6594&#8243; fullwidth=\u00bbon\u00bb dbdb_version=\u00bb3.8.8&#8243; _builder_version=\u00bb4.16.0&#8243; _module_preset=\u00bbdefault\u00bb auto=\u00bbon\u00bb auto_speed=\u00bb3000&#8243; locked=\u00bboff\u00bb global_colors_info=\u00bb{}\u00bb][\/et_pb_gallery][\/et_pb_column][\/et_pb_row][\/et_pb_section][et_pb_section fb_built=\u00bb1&#8243; _builder_version=\u00bb4.16&#8243; _module_preset=\u00bbdefault\u00bb background_color=\u00bb#f7f7f7&#8243; custom_padding=\u00bb15px|||||\u00bb locked=\u00bboff\u00bb global_colors_info=\u00bb{}\u00bb][et_pb_row column_structure=\u00bb1_2,1_2&#8243; _builder_version=\u00bb4.16.0&#8243; _module_preset=\u00bbdefault\u00bb global_colors_info=\u00bb{}\u00bb][et_pb_column type=\u00bb1_2&#8243; _builder_version=\u00bb4.16.0&#8243; _module_preset=\u00bbdefault\u00bb global_colors_info=\u00bb{}\u00bb][et_pb_text _builder_version=\u00bb4.17.6&#8243; _module_preset=\u00bbdefault\u00bb header_3_font_size=\u00bb30px\u00bb custom_margin=\u00bb||||false|false\u00bb hover_enabled=\u00bb0&#8243; locked=\u00bboff\u00bb global_colors_info=\u00bb{}\u00bb sticky_enabled=\u00bb0&#8243;]<\/p>\n<p><strong>Compatible con:<\/strong><\/p>\n<ul>\n<li>Sistema GPS<\/li>\n<li>Sistema GLONASS<\/li>\n<li>Sistema Galileo<\/li>\n<li>Sistema Beidou<\/li>\n<\/ul>\n<p><strong>Estabilidad:<\/strong><br \/>Hasta \u00b15\u00d710-11<\/p>\n<p><strong>Valores de envejecimiento para determinadas frecuencias:<\/strong><br \/>Hasta \u00b12\u00d710-8\/a\u00f1os @ 10MHz<\/p>\n<p>[\/et_pb_text][\/et_pb_column][et_pb_column type=\u00bb1_2&#8243; _builder_version=\u00bb4.16.0&#8243; _module_preset=\u00bbdefault\u00bb global_colors_info=\u00bb{}\u00bb][et_pb_text _builder_version=\u00bb4.17.6&#8243; _module_preset=\u00bbdefault\u00bb hover_enabled=\u00bb0&#8243; global_colors_info=\u00bb{}\u00bb sticky_enabled=\u00bb0&#8243;]<\/p>\n<p><strong>Estabilidad a corto plazo (desviaci\u00f3n de Allan) por 1 seg.<\/strong><br \/>&lt;2\u00d710-12<br \/><strong>Estabilidad de frecuencia frente a cambios de carga (\u00b15%)<\/strong><br \/>&lt;\u00b11\u00d710-11<br \/><strong>Estabilidad de la frecuencia frente a cambios en la alimentaci\u00f3n (\u00b15%)<\/strong><br \/>&lt;\u00b11\u00d710-11<br \/><strong>Alta estabilidad frente a la temperatura<\/strong><br \/>hasta 1\u00d710-11<br \/><strong>Interfaz web<\/strong><br \/>Interfaz web redise\u00f1ada y multiling\u00fce m\u00e1s sencilla<\/p>\n<p>[\/et_pb_text][\/et_pb_column][\/et_pb_row][\/et_pb_section][et_pb_section fb_built=\u00bb1&#8243; disabled_on=\u00bboff|off|off\u00bb admin_label=\u00bbSezione &#8211; contatti\u00bb _builder_version=\u00bb4.16&#8243; _module_preset=\u00bbdefault\u00bb background_color=\u00bb#4b9cd3&#8243; custom_margin=\u00bb0px||0px||false|false\u00bb custom_padding=\u00bb0px||0px||false|false\u00bb global_module=\u00bb9430&#8243; saved_tabs=\u00bball\u00bb locked=\u00bboff\u00bb global_colors_info=\u00bb{}\u00bb][et_pb_row column_structure=\u00bb3_4,1_4&#8243; make_equal=\u00bbon\u00bb _builder_version=\u00bb4.17.4&#8243; _module_preset=\u00bbdefault\u00bb width=\u00bb85%\u00bb width_tablet=\u00bb85%\u00bb width_phone=\u00bb\u00bb width_last_edited=\u00bbon|desktop\u00bb max_width_tablet=\u00bb\u00bb max_width_phone=\u00bb\u00bb max_width_last_edited=\u00bbon|tablet\u00bb global_colors_info=\u00bb{}\u00bb][et_pb_column type=\u00bb3_4&#8243; module_class=\u00bbiq-centra-verticale\u00bb _builder_version=\u00bb4.16&#8243; _module_preset=\u00bbdefault\u00bb global_colors_info=\u00bb{}\u00bb][et_pb_text _builder_version=\u00bb4.17.4&#8243; _module_preset=\u00bbdefault\u00bb text_font=\u00bbRoboto|700||on|||||\u00bb text_font_size=\u00bb25px\u00bb text_line_height=\u00bb1.2em\u00bb header_2_font=\u00bbRoboto|||on|||||\u00bb header_2_line_height=\u00bb1.2em\u00bb header_3_font=\u00bbRoboto|500||on|||||\u00bb header_3_text_align=\u00bbleft\u00bb header_3_font_size=\u00bb25px\u00bb header_3_line_height=\u00bb1.2em\u00bb header_5_font=\u00bbRoboto|||on|||||\u00bb header_5_text_color=\u00bb#4b9cd3&#8243; text_orientation=\u00bbcenter\u00bb background_layout=\u00bbdark\u00bb text_font_size_tablet=\u00bb22px\u00bb text_font_size_phone=\u00bb\u00bb text_font_size_last_edited=\u00bbon|phone\u00bb header_3_text_align_tablet=\u00bbcenter\u00bb header_3_text_align_phone=\u00bb\u00bb header_3_text_align_last_edited=\u00bbon|phone\u00bb header_3_font_size_tablet=\u00bb\u00bb header_3_font_size_phone=\u00bb20px\u00bb header_3_font_size_last_edited=\u00bbon|phone\u00bb text_orientation_tablet=\u00bbcenter\u00bb text_orientation_phone=\u00bb\u00bb text_orientation_last_edited=\u00bbon|phone\u00bb locked=\u00bboff\u00bb global_colors_info=\u00bb{}\u00bb]<\/p>\n<p><strong>No dude en ponerse en contacto con nosotros para cualquier tipo de asistencia que necesite<\/strong><\/p>\n<p>[\/et_pb_text][\/et_pb_column][et_pb_column type=\u00bb1_4&#8243; _builder_version=\u00bb4.16&#8243; _module_preset=\u00bbdefault\u00bb global_colors_info=\u00bb{}\u00bb][et_pb_button button_url=\u00bbhttps:\/\/www.dbbroadcast.com\/es\/contactos-db\/\u00bb button_text=\u00bbCONTACTAR CON NOSOTROS\u00bb button_alignment=\u00bbcenter\u00bb admin_label=\u00bbButton contact\u00bb _builder_version=\u00bb4.17.4&#8243; _module_preset=\u00bbdefault\u00bb custom_button=\u00bbon\u00bb button_text_size=\u00bb14px\u00bb button_text_color=\u00bb#FFFFFF\u00bb button_bg_color=\u00bb#000000&#8243; button_border_width=\u00bb0px\u00bb button_border_radius=\u00bb100px\u00bb button_letter_spacing=\u00bb1px\u00bb button_font=\u00bbRoboto|||on|||||\u00bb button_icon=\u00bb&#x45;||divi||400&#8243; button_icon_color=\u00bb#4b9cd3&#8243; custom_padding=\u00bb8%|10%|8%|10%|true|true\u00bb custom_padding_tablet=\u00bb4%|8%|4%|8%|true|true\u00bb custom_padding_phone=\u00bb6%|10%|6%|10%|true|true\u00bb custom_padding_last_edited=\u00bbon|phone\u00bb locked=\u00bboff\u00bb global_colors_info=\u00bb{}\u00bb button_text_color__hover=\u00bb#000000&#8243; button_text_color__hover_enabled=\u00bbon|hover\u00bb button_bg_color__hover_enabled=\u00bbon|hover\u00bb button_bg_color__hover=\u00bb#FFFFFF\u00bb button_bg_enable_color__hover=\u00bbon\u00bb button_icon_color__hover_enabled=\u00bbon|hover\u00bb button_icon_color__hover=\u00bb#4b9cd3&#8243;][\/et_pb_button][\/et_pb_column][\/et_pb_row][\/et_pb_section]<\/p>\n","protected":false},"excerpt":{"rendered":"<p>GNSSGNSS &#8211; DOBLE REDUNDANTE GPS\/GLONASS\/GALILEO\/BEIDOUCompatible con: Sistema GPS Sistema GLONASS Sistema Galileo Sistema Beidou Estabilidad:Hasta \u00b15\u00d710-11 Valores de envejecimiento para determinadas frecuencias:Hasta \u00b12\u00d710-8\/a\u00f1os @ 10MHzEstabilidad a corto plazo (desviaci\u00f3n de Allan) por 1 seg.&lt;2\u00d710-12Estabilidad de frecuencia frente a cambios de carga (\u00b15%)&lt;\u00b11\u00d710-11Estabilidad de la frecuencia frente a cambios en la alimentaci\u00f3n (\u00b15%)&lt;\u00b11\u00d710-11Alta estabilidad frente a [&hellip;]<\/p>\n","protected":false},"author":2,"featured_media":0,"parent":8637,"menu_order":0,"comment_status":"closed","ping_status":"closed","template":"","meta":{"_et_pb_use_builder":"on","_et_pb_old_content":"","_et_gb_content_width":"","footnotes":""},"class_list":["post-8653","page","type-page","status-publish","hentry"],"yoast_head":"<!-- This site is optimized with the Yoast SEO plugin v26.4 - https:\/\/yoast.com\/wordpress\/plugins\/seo\/ -->\n<title>ACCESORIOS GNSS - DB Broadcasting<\/title>\n<meta name=\"description\" content=\"DB Broadcast | ACCESSORIES GNSS - dual redundant GPS\/GLONASS GALILEO\/BEIDOU. Find out more detailed and specific technical informations.\" \/>\n<meta name=\"robots\" content=\"index, follow, max-snippet:-1, max-image-preview:large, max-video-preview:-1\" \/>\n<link rel=\"canonical\" href=\"https:\/\/www.dbbroadcast.com\/es\/productos\/tv\/accesorios-gnss\/\" \/>\n<meta property=\"og:locale\" content=\"es_ES\" \/>\n<meta property=\"og:type\" content=\"article\" \/>\n<meta property=\"og:title\" content=\"ACCESORIOS GNSS - DB Broadcasting\" \/>\n<meta property=\"og:description\" content=\"DB Broadcast | ACCESSORIES GNSS - dual redundant GPS\/GLONASS GALILEO\/BEIDOU. Find out more detailed and specific technical informations.\" \/>\n<meta property=\"og:url\" content=\"https:\/\/www.dbbroadcast.com\/es\/productos\/tv\/accesorios-gnss\/\" \/>\n<meta property=\"og:site_name\" content=\"DB Broadcasting\" \/>\n<meta property=\"article:modified_time\" content=\"2022-08-01T17:23:52+00:00\" \/>\n<meta name=\"twitter:card\" content=\"summary_large_image\" \/>\n<meta name=\"twitter:label1\" content=\"Tiempo de lectura\" \/>\n\t<meta name=\"twitter:data1\" content=\"5 minutos\" \/>\n<script type=\"application\/ld+json\" class=\"yoast-schema-graph\">{\"@context\":\"https:\/\/schema.org\",\"@graph\":[{\"@type\":\"WebPage\",\"@id\":\"https:\/\/www.dbbroadcast.com\/es\/productos\/tv\/accesorios-gnss\/\",\"url\":\"https:\/\/www.dbbroadcast.com\/es\/productos\/tv\/accesorios-gnss\/\",\"name\":\"ACCESORIOS GNSS - DB Broadcasting\",\"isPartOf\":{\"@id\":\"https:\/\/www.dbbroadcast.com\/es\/#website\"},\"datePublished\":\"2022-03-24T12:55:20+00:00\",\"dateModified\":\"2022-08-01T17:23:52+00:00\",\"description\":\"DB Broadcast | ACCESSORIES GNSS - dual redundant GPS\/GLONASS GALILEO\/BEIDOU. Find out more detailed and specific technical informations.\",\"breadcrumb\":{\"@id\":\"https:\/\/www.dbbroadcast.com\/es\/productos\/tv\/accesorios-gnss\/#breadcrumb\"},\"inLanguage\":\"es\",\"potentialAction\":[{\"@type\":\"ReadAction\",\"target\":[\"https:\/\/www.dbbroadcast.com\/es\/productos\/tv\/accesorios-gnss\/\"]}]},{\"@type\":\"BreadcrumbList\",\"@id\":\"https:\/\/www.dbbroadcast.com\/es\/productos\/tv\/accesorios-gnss\/#breadcrumb\",\"itemListElement\":[{\"@type\":\"ListItem\",\"position\":1,\"name\":\"Home\",\"item\":\"https:\/\/www.dbbroadcast.com\/es\/\"},{\"@type\":\"ListItem\",\"position\":2,\"name\":\"Productos\",\"item\":\"https:\/\/www.dbbroadcast.com\/es\/productos\/\"},{\"@type\":\"ListItem\",\"position\":3,\"name\":\"TV\",\"item\":\"https:\/\/www.dbbroadcast.com\/es\/productos\/tv\/\"},{\"@type\":\"ListItem\",\"position\":4,\"name\":\"ACCESORIOS GNSS\"}]},{\"@type\":\"WebSite\",\"@id\":\"https:\/\/www.dbbroadcast.com\/es\/#website\",\"url\":\"https:\/\/www.dbbroadcast.com\/es\/\",\"name\":\"DB Broadcast\",\"description\":\"Broadcasting Equipment\",\"potentialAction\":[{\"@type\":\"SearchAction\",\"target\":{\"@type\":\"EntryPoint\",\"urlTemplate\":\"https:\/\/www.dbbroadcast.com\/es\/?s={search_term_string}\"},\"query-input\":{\"@type\":\"PropertyValueSpecification\",\"valueRequired\":true,\"valueName\":\"search_term_string\"}}],\"inLanguage\":\"es\"}]}<\/script>\n<!-- \/ Yoast SEO plugin. -->","yoast_head_json":{"title":"ACCESORIOS GNSS - DB Broadcasting","description":"DB Broadcast | ACCESSORIES GNSS - dual redundant GPS\/GLONASS GALILEO\/BEIDOU. Find out more detailed and specific technical informations.","robots":{"index":"index","follow":"follow","max-snippet":"max-snippet:-1","max-image-preview":"max-image-preview:large","max-video-preview":"max-video-preview:-1"},"canonical":"https:\/\/www.dbbroadcast.com\/es\/productos\/tv\/accesorios-gnss\/","og_locale":"es_ES","og_type":"article","og_title":"ACCESORIOS GNSS - DB Broadcasting","og_description":"DB Broadcast | ACCESSORIES GNSS - dual redundant GPS\/GLONASS GALILEO\/BEIDOU. Find out more detailed and specific technical informations.","og_url":"https:\/\/www.dbbroadcast.com\/es\/productos\/tv\/accesorios-gnss\/","og_site_name":"DB Broadcasting","article_modified_time":"2022-08-01T17:23:52+00:00","twitter_card":"summary_large_image","twitter_misc":{"Tiempo de lectura":"5 minutos"},"schema":{"@context":"https:\/\/schema.org","@graph":[{"@type":"WebPage","@id":"https:\/\/www.dbbroadcast.com\/es\/productos\/tv\/accesorios-gnss\/","url":"https:\/\/www.dbbroadcast.com\/es\/productos\/tv\/accesorios-gnss\/","name":"ACCESORIOS GNSS - DB Broadcasting","isPartOf":{"@id":"https:\/\/www.dbbroadcast.com\/es\/#website"},"datePublished":"2022-03-24T12:55:20+00:00","dateModified":"2022-08-01T17:23:52+00:00","description":"DB Broadcast | ACCESSORIES GNSS - dual redundant GPS\/GLONASS GALILEO\/BEIDOU. Find out more detailed and specific technical informations.","breadcrumb":{"@id":"https:\/\/www.dbbroadcast.com\/es\/productos\/tv\/accesorios-gnss\/#breadcrumb"},"inLanguage":"es","potentialAction":[{"@type":"ReadAction","target":["https:\/\/www.dbbroadcast.com\/es\/productos\/tv\/accesorios-gnss\/"]}]},{"@type":"BreadcrumbList","@id":"https:\/\/www.dbbroadcast.com\/es\/productos\/tv\/accesorios-gnss\/#breadcrumb","itemListElement":[{"@type":"ListItem","position":1,"name":"Home","item":"https:\/\/www.dbbroadcast.com\/es\/"},{"@type":"ListItem","position":2,"name":"Productos","item":"https:\/\/www.dbbroadcast.com\/es\/productos\/"},{"@type":"ListItem","position":3,"name":"TV","item":"https:\/\/www.dbbroadcast.com\/es\/productos\/tv\/"},{"@type":"ListItem","position":4,"name":"ACCESORIOS GNSS"}]},{"@type":"WebSite","@id":"https:\/\/www.dbbroadcast.com\/es\/#website","url":"https:\/\/www.dbbroadcast.com\/es\/","name":"DB Broadcast","description":"Broadcasting Equipment","potentialAction":[{"@type":"SearchAction","target":{"@type":"EntryPoint","urlTemplate":"https:\/\/www.dbbroadcast.com\/es\/?s={search_term_string}"},"query-input":{"@type":"PropertyValueSpecification","valueRequired":true,"valueName":"search_term_string"}}],"inLanguage":"es"}]}},"rttpg_featured_image_url":null,"rttpg_author":{"display_name":"alessia","author_link":"https:\/\/www.dbbroadcast.com\/es\/author\/alessia\/"},"rttpg_comment":0,"rttpg_category":false,"rttpg_excerpt":null,"_links":{"self":[{"href":"https:\/\/www.dbbroadcast.com\/es\/wp-json\/wp\/v2\/pages\/8653","targetHints":{"allow":["GET"]}}],"collection":[{"href":"https:\/\/www.dbbroadcast.com\/es\/wp-json\/wp\/v2\/pages"}],"about":[{"href":"https:\/\/www.dbbroadcast.com\/es\/wp-json\/wp\/v2\/types\/page"}],"author":[{"embeddable":true,"href":"https:\/\/www.dbbroadcast.com\/es\/wp-json\/wp\/v2\/users\/2"}],"replies":[{"embeddable":true,"href":"https:\/\/www.dbbroadcast.com\/es\/wp-json\/wp\/v2\/comments?post=8653"}],"version-history":[{"count":0,"href":"https:\/\/www.dbbroadcast.com\/es\/wp-json\/wp\/v2\/pages\/8653\/revisions"}],"up":[{"embeddable":true,"href":"https:\/\/www.dbbroadcast.com\/es\/wp-json\/wp\/v2\/pages\/8637"}],"wp:attachment":[{"href":"https:\/\/www.dbbroadcast.com\/es\/wp-json\/wp\/v2\/media?parent=8653"}],"curies":[{"name":"wp","href":"https:\/\/api.w.org\/{rel}","templated":true}]}}