{"id":15368,"date":"2024-09-06T09:28:18","date_gmt":"2024-09-06T09:28:18","guid":{"rendered":"https:\/\/www.dbbroadcast.com\/?page_id=15368"},"modified":"2024-09-06T09:29:32","modified_gmt":"2024-09-06T09:29:32","slug":"code-dethique","status":"publish","type":"page","link":"https:\/\/www.dbbroadcast.com\/fr\/code-dethique\/","title":{"rendered":"CODE D&rsquo;\u00c9THIQUE"},"content":{"rendered":"<p>[et_pb_section fb_built=\u00a0\u00bb1&Prime; admin_label=\u00a0\u00bbHero Section\u00a0\u00bb _builder_version=\u00a0\u00bb4.24.0&Prime; use_background_color_gradient=\u00a0\u00bbon\u00a0\u00bb background_color_gradient_direction=\u00a0\u00bb150deg\u00a0\u00bb background_color_gradient_stops=\u00a0\u00bb#000000 0%|rgba(0,0,0,0.4) 100%\u00a0\u00bb background_color_gradient_overlays_image=\u00a0\u00bbon\u00a0\u00bb background_color_gradient_start=\u00a0\u00bb#000000&Prime; background_color_gradient_end=\u00a0\u00bbrgba(0,0,0,0.4)\u00a0\u00bb background_image=\u00a0\u00bbhttps:\/\/www.dbbroadcast.com\/wp-content\/uploads\/2024\/09\/codice-etico-bg.jpg\u00a0\u00bb custom_padding=\u00a0\u00bb10%||10%||true|false\u00a0\u00bb locked=\u00a0\u00bboff\u00a0\u00bb global_colors_info=\u00a0\u00bb{}\u00a0\u00bb][et_pb_row _builder_version=\u00a0\u00bb4.16&Prime; width_tablet=\u00a0\u00bb\u00a0\u00bb width_phone=\u00a0\u00bb\u00a0\u00bb width_last_edited=\u00a0\u00bbon|desktop\u00a0\u00bb global_colors_info=\u00a0\u00bb{}\u00a0\u00bb][et_pb_column type=\u00a0\u00bb4_4&Prime; _builder_version=\u00a0\u00bb4.16&Prime; custom_padding=\u00a0\u00bb|||\u00a0\u00bb global_colors_info=\u00a0\u00bb{}\u00a0\u00bb custom_padding__hover=\u00a0\u00bb|||\u00a0\u00bb][et_pb_text _builder_version=\u00a0\u00bb4.24.0&Prime; _module_preset=\u00a0\u00bbdefault\u00a0\u00bb text_font=\u00a0\u00bbRoboto||||||||\u00a0\u00bb header_font_size=\u00a0\u00bb34px\u00a0\u00bb text_orientation=\u00a0\u00bbcenter\u00a0\u00bb background_layout=\u00a0\u00bbdark\u00a0\u00bb header_font_size_tablet=\u00a0\u00bb28px\u00a0\u00bb header_font_size_phone=\u00a0\u00bb28px\u00a0\u00bb header_font_size_last_edited=\u00a0\u00bbon|phone\u00a0\u00bb global_colors_info=\u00a0\u00bb{}\u00a0\u00bb]<\/p>\n<h1><span class=\"HwtZe\" lang=\"fr\"><span class=\"jCAhz ChMk0b\"><span class=\"ryNqvb\">CODE D&rsquo;\u00c9THIQUE<\/span><\/span><\/span><\/h1>\n<p>[\/et_pb_text][\/et_pb_column][\/et_pb_row][\/et_pb_section][et_pb_section fb_built=\u00a0\u00bb1&Prime; _builder_version=\u00a0\u00bb4.16&Prime; _module_preset=\u00a0\u00bbdefault\u00a0\u00bb background_enable_color=\u00a0\u00bboff\u00a0\u00bb locked=\u00a0\u00bboff\u00a0\u00bb collapsed=\u00a0\u00bboff\u00a0\u00bb global_colors_info=\u00a0\u00bb{}\u00a0\u00bb][et_pb_row column_structure=\u00a0\u00bb3_5,2_5&Prime; make_equal=\u00a0\u00bbon\u00a0\u00bb _builder_version=\u00a0\u00bb4.17.4&Prime; _module_preset=\u00a0\u00bbdefault\u00a0\u00bb width_tablet=\u00a0\u00bb\u00a0\u00bb width_phone=\u00a0\u00bb\u00a0\u00bb width_last_edited=\u00a0\u00bbon|desktop\u00a0\u00bb global_colors_info=\u00a0\u00bb{}\u00a0\u00bb][et_pb_column type=\u00a0\u00bb3_5&Prime; module_class=\u00a0\u00bbiq-centra-verticale\u00a0\u00bb _builder_version=\u00a0\u00bb4.16&Prime; _module_preset=\u00a0\u00bbdefault\u00a0\u00bb background_color=\u00a0\u00bbRGBA(255,255,255,0)\u00a0\u00bb global_colors_info=\u00a0\u00bb{}\u00a0\u00bb][et_pb_text _builder_version=\u00a0\u00bb4.24.0&Prime; _module_preset=\u00a0\u00bbdefault\u00a0\u00bb text_font=\u00a0\u00bbRoboto||||||||\u00a0\u00bb header_3_font=\u00a0\u00bb||||||||\u00a0\u00bb custom_padding=\u00a0\u00bb||8px|||\u00a0\u00bb header_font_size_tablet=\u00a0\u00bb20px\u00a0\u00bb header_font_size_phone=\u00a0\u00bb20px\u00a0\u00bb header_font_size_last_edited=\u00a0\u00bbon|phone\u00a0\u00bb header_2_font_size_tablet=\u00a0\u00bb24px\u00a0\u00bb header_2_font_size_phone=\u00a0\u00bb24px\u00a0\u00bb header_2_font_size_last_edited=\u00a0\u00bbon|tablet\u00a0\u00bb global_colors_info=\u00a0\u00bb{}\u00a0\u00bb]<\/p>\n<h2>DB Elettronica Telecomunicazioni S.p.A.<\/h2>\n<p>accorde une grande importance \u00e0 la responsabilit\u00e9 d\u00e9coulant de l&rsquo;aspect social de l&rsquo;entreprise.<\/p>\n<p>Assurer une am\u00e9lioration continue de la qualit\u00e9 des produits et des services offertsainsi que garantir les principes g\u00e9n\u00e9raux (transparence, \u00e9quit\u00e9 et loyaut\u00e9) qui inspirent la conduite et la gestion des affaires, sont les points fondamentaux \u00e0 poursuivre par l&rsquo;entreprise et ces objectifs ne peuvent \u00eatre atteints qu&rsquo;avec une croissance organisationnelle continue.<\/p>\n<p>[\/et_pb_text][et_pb_text _builder_version=\u00a0\u00bb4.24.0&Prime; _module_preset=\u00a0\u00bbdefault\u00a0\u00bb custom_css_free_form=\u00a0\u00bbselector li {|| padding-bottom:20px;||}\u00a0\u00bb global_colors_info=\u00a0\u00bb{}\u00a0\u00bb]<\/p>\n<p>T\u00e9l\u00e9chargez le fichier relatif \u00e0 notre <strong>Code d&rsquo;\u00c9thique<\/strong><\/p>\n<p>[\/et_pb_text][et_pb_button button_url=\u00a0\u00bbhttps:\/\/www.dbbroadcast.com\/wp-content\/uploads\/2024\/09\/Codice_Etico_DB_Ed01.pdf\u00a0\u00bb url_new_window=\u00a0\u00bbon\u00a0\u00bb button_text=\u00a0\u00bbCODE D&rsquo;\u00c9THIQUE DE DB PDF\u00a0\u00bb _builder_version=\u00a0\u00bb4.27.0&Prime; _module_preset=\u00a0\u00bbdefault\u00a0\u00bb custom_button=\u00a0\u00bbon\u00a0\u00bb button_text_size=\u00a0\u00bb14px\u00a0\u00bb button_text_color=\u00a0\u00bb#0C71C3&Prime; button_bg_color=\u00a0\u00bbRGBA(0,0,0,0)\u00a0\u00bb button_border_width=\u00a0\u00bb0px\u00a0\u00bb button_border_radius=\u00a0\u00bb0px\u00a0\u00bb button_letter_spacing=\u00a0\u00bb1px\u00a0\u00bb button_font=\u00a0\u00bbRoboto|||on|||||\u00a0\u00bb button_icon=\u00a0\u00bb&#x45;||divi||400&Prime; button_icon_color=\u00a0\u00bb#4b9cd3&Prime; custom_margin=\u00a0\u00bb5%||||false|false\u00a0\u00bb custom_margin_tablet=\u00a0\u00bb|5%||5%|false|true\u00a0\u00bb custom_margin_phone=\u00a0\u00bb|5%||5%|false|true\u00a0\u00bb custom_margin_last_edited=\u00a0\u00bbon|tablet\u00a0\u00bb custom_padding=\u00a0\u00bb2.5%||2.5%||false|false\u00a0\u00bb box_shadow_style=\u00a0\u00bbpreset4&Prime; box_shadow_horizontal=\u00a0\u00bb-4px\u00a0\u00bb box_shadow_vertical=\u00a0\u00bb0px\u00a0\u00bb box_shadow_color=\u00a0\u00bb#e5e8ea\u00a0\u00bb locked=\u00a0\u00bboff\u00a0\u00bb global_colors_info=\u00a0\u00bb{}\u00a0\u00bb button_text_color__hover=\u00a0\u00bb#4b9cd3&Prime; button_text_color__hover_enabled=\u00a0\u00bbon|hover\u00a0\u00bb][\/et_pb_button][\/et_pb_column][et_pb_column type=\u00a0\u00bb2_5&Prime; _builder_version=\u00a0\u00bb4.16&Prime; _module_preset=\u00a0\u00bbdefault\u00a0\u00bb global_colors_info=\u00a0\u00bb{}\u00a0\u00bb][et_pb_gallery gallery_ids=\u00a0\u00bb15370&Prime; fullwidth=\u00a0\u00bbon\u00a0\u00bb _builder_version=\u00a0\u00bb4.24.0&Prime; _module_preset=\u00a0\u00bbdefault\u00a0\u00bb dbdb_version=\u00a0\u00bb4.6.2&Prime; global_colors_info=\u00a0\u00bb{}\u00a0\u00bb][\/et_pb_gallery][\/et_pb_column][\/et_pb_row][\/et_pb_section][et_pb_section fb_built=\u00a0\u00bb1&Prime; disabled_on=\u00a0\u00bboff|off|off\u00a0\u00bb admin_label=\u00a0\u00bbSezione &#8211; contatti\u00a0\u00bb _builder_version=\u00a0\u00bb4.16&Prime; _module_preset=\u00a0\u00bbdefault\u00a0\u00bb background_color=\u00a0\u00bb#4b9cd3&Prime; custom_margin=\u00a0\u00bb0px||0px||false|false\u00a0\u00bb custom_padding=\u00a0\u00bb0px||0px||false|false\u00a0\u00bb global_module=\u00a0\u00bb10278&Prime; saved_tabs=\u00a0\u00bball\u00a0\u00bb locked=\u00a0\u00bboff\u00a0\u00bb global_colors_info=\u00a0\u00bb{}\u00a0\u00bb][et_pb_row column_structure=\u00a0\u00bb3_4,1_4&Prime; make_equal=\u00a0\u00bbon\u00a0\u00bb _builder_version=\u00a0\u00bb4.17.4&Prime; _module_preset=\u00a0\u00bbdefault\u00a0\u00bb width=\u00a0\u00bb85%\u00a0\u00bb width_tablet=\u00a0\u00bb85%\u00a0\u00bb width_phone=\u00a0\u00bb\u00a0\u00bb width_last_edited=\u00a0\u00bbon|desktop\u00a0\u00bb max_width_tablet=\u00a0\u00bb\u00a0\u00bb max_width_phone=\u00a0\u00bb\u00a0\u00bb max_width_last_edited=\u00a0\u00bbon|tablet\u00a0\u00bb global_colors_info=\u00a0\u00bb{}\u00a0\u00bb][et_pb_column type=\u00a0\u00bb3_4&Prime; module_class=\u00a0\u00bbiq-centra-verticale\u00a0\u00bb _builder_version=\u00a0\u00bb4.16&Prime; _module_preset=\u00a0\u00bbdefault\u00a0\u00bb global_colors_info=\u00a0\u00bb{}\u00a0\u00bb][et_pb_text _builder_version=\u00a0\u00bb4.17.6&Prime; _module_preset=\u00a0\u00bbdefault\u00a0\u00bb text_font=\u00a0\u00bbRoboto|700||on|||||\u00a0\u00bb text_font_size=\u00a0\u00bb25px\u00a0\u00bb text_line_height=\u00a0\u00bb1.2em\u00a0\u00bb header_2_font=\u00a0\u00bbRoboto|||on|||||\u00a0\u00bb header_2_line_height=\u00a0\u00bb1.2em\u00a0\u00bb header_3_font=\u00a0\u00bbRoboto|500||on|||||\u00a0\u00bb header_3_text_align=\u00a0\u00bbleft\u00a0\u00bb header_3_font_size=\u00a0\u00bb25px\u00a0\u00bb header_3_line_height=\u00a0\u00bb1.2em\u00a0\u00bb header_5_font=\u00a0\u00bbRoboto|||on|||||\u00a0\u00bb header_5_text_color=\u00a0\u00bb#4b9cd3&Prime; text_orientation=\u00a0\u00bbcenter\u00a0\u00bb background_layout=\u00a0\u00bbdark\u00a0\u00bb text_font_size_tablet=\u00a0\u00bb22px\u00a0\u00bb text_font_size_phone=\u00a0\u00bb\u00a0\u00bb text_font_size_last_edited=\u00a0\u00bbon|phone\u00a0\u00bb header_3_text_align_tablet=\u00a0\u00bbcenter\u00a0\u00bb header_3_text_align_phone=\u00a0\u00bb\u00a0\u00bb header_3_text_align_last_edited=\u00a0\u00bbon|phone\u00a0\u00bb header_3_font_size_tablet=\u00a0\u00bb\u00a0\u00bb header_3_font_size_phone=\u00a0\u00bb20px\u00a0\u00bb header_3_font_size_last_edited=\u00a0\u00bbon|phone\u00a0\u00bb text_orientation_tablet=\u00a0\u00bbcenter\u00a0\u00bb text_orientation_phone=\u00a0\u00bb\u00a0\u00bb text_orientation_last_edited=\u00a0\u00bbon|phone\u00a0\u00bb locked=\u00a0\u00bboff\u00a0\u00bb global_colors_info=\u00a0\u00bb{}\u00a0\u00bb]<\/p>\n<p><strong>N&rsquo;h\u00e9sitez pas \u00e0 nous contacter pour tout type d&rsquo;assistance dont vous avez besoin<\/strong><\/p>\n<p>[\/et_pb_text][\/et_pb_column][et_pb_column type=\u00a0\u00bb1_4&Prime; _builder_version=\u00a0\u00bb4.16&Prime; _module_preset=\u00a0\u00bbdefault\u00a0\u00bb global_colors_info=\u00a0\u00bb{}\u00a0\u00bb][et_pb_button button_url=\u00a0\u00bbhttps:\/\/www.dbbroadcast.com\/fr\/contacts\/\u00a0\u00bb button_text=\u00a0\u00bbCONTACTEZ-NOUS\u00a0\u00bb button_alignment=\u00a0\u00bbcenter\u00a0\u00bb admin_label=\u00a0\u00bbButton contact\u00a0\u00bb _builder_version=\u00a0\u00bb4.17.6&Prime; _module_preset=\u00a0\u00bbdefault\u00a0\u00bb custom_button=\u00a0\u00bbon\u00a0\u00bb button_text_size=\u00a0\u00bb14px\u00a0\u00bb button_text_color=\u00a0\u00bb#FFFFFF\u00a0\u00bb button_bg_color=\u00a0\u00bb#000000&Prime; button_border_width=\u00a0\u00bb0px\u00a0\u00bb button_border_radius=\u00a0\u00bb100px\u00a0\u00bb button_letter_spacing=\u00a0\u00bb1px\u00a0\u00bb button_font=\u00a0\u00bbRoboto|||on|||||\u00a0\u00bb button_icon=\u00a0\u00bb&#x45;||divi||400&Prime; button_icon_color=\u00a0\u00bb#4b9cd3&Prime; custom_padding=\u00a0\u00bb8%|10%|8%|10%|true|true\u00a0\u00bb custom_padding_tablet=\u00a0\u00bb4%|8%|4%|8%|true|true\u00a0\u00bb custom_padding_phone=\u00a0\u00bb6%|10%|6%|10%|true|true\u00a0\u00bb custom_padding_last_edited=\u00a0\u00bbon|phone\u00a0\u00bb locked=\u00a0\u00bboff\u00a0\u00bb global_colors_info=\u00a0\u00bb{}\u00a0\u00bb button_text_color__hover=\u00a0\u00bb#000000&Prime; button_text_color__hover_enabled=\u00a0\u00bbon|hover\u00a0\u00bb button_bg_color__hover_enabled=\u00a0\u00bbon|hover\u00a0\u00bb button_bg_color__hover=\u00a0\u00bb#FFFFFF\u00a0\u00bb button_bg_enable_color__hover=\u00a0\u00bbon\u00a0\u00bb button_icon_color__hover_enabled=\u00a0\u00bbon|hover\u00a0\u00bb button_icon_color__hover=\u00a0\u00bb#4b9cd3&Prime;][\/et_pb_button][\/et_pb_column][\/et_pb_row][\/et_pb_section]<\/p>\n","protected":false},"excerpt":{"rendered":"<p>CODE D&rsquo;\u00c9THIQUEDB Elettronica Telecomunicazioni S.p.A. accorde une grande importance \u00e0 la responsabilit\u00e9 d\u00e9coulant de l&rsquo;aspect social de l&rsquo;entreprise. Assurer une am\u00e9lioration continue de la qualit\u00e9 des produits et des services offertsainsi que garantir les principes g\u00e9n\u00e9raux (transparence, \u00e9quit\u00e9 et loyaut\u00e9) qui inspirent la conduite et la gestion des affaires, sont les points fondamentaux \u00e0 poursuivre [&hellip;]<\/p>\n","protected":false},"author":8,"featured_media":0,"parent":0,"menu_order":0,"comment_status":"closed","ping_status":"closed","template":"","meta":{"_et_pb_use_builder":"on","_et_pb_old_content":"","_et_gb_content_width":"","footnotes":""},"class_list":["post-15368","page","type-page","status-publish","hentry"],"yoast_head":"<!-- This site is optimized with the Yoast SEO plugin v26.4 - https:\/\/yoast.com\/wordpress\/plugins\/seo\/ -->\n<title>CODE D&#039;\u00c9THIQUE - DB Broadcasting<\/title>\n<meta name=\"description\" content=\"BD Broadcast reconna\u00eet l&#039;importance des valeurs et des initiatives sociales. D\u00e9couvrez notre engagement \u00e0 rendre le monde meilleur.\" \/>\n<meta name=\"robots\" content=\"noindex, nofollow\" \/>\n<meta property=\"og:locale\" content=\"fr_FR\" \/>\n<meta property=\"og:type\" content=\"article\" \/>\n<meta property=\"og:title\" content=\"CODE D&#039;\u00c9THIQUE - DB Broadcasting\" \/>\n<meta property=\"og:description\" content=\"BD Broadcast reconna\u00eet l&#039;importance des valeurs et des initiatives sociales. D\u00e9couvrez notre engagement \u00e0 rendre le monde meilleur.\" \/>\n<meta property=\"og:url\" content=\"https:\/\/www.dbbroadcast.com\/fr\/code-dethique\/\" \/>\n<meta property=\"og:site_name\" content=\"DB Broadcasting\" \/>\n<meta property=\"article:modified_time\" content=\"2024-09-06T09:29:32+00:00\" \/>\n<meta name=\"twitter:card\" content=\"summary_large_image\" \/>\n<meta name=\"twitter:label1\" content=\"Dur\u00e9e de lecture estim\u00e9e\" \/>\n\t<meta name=\"twitter:data1\" content=\"1 minute\" \/>\n<script type=\"application\/ld+json\" class=\"yoast-schema-graph\">{\"@context\":\"https:\/\/schema.org\",\"@graph\":[{\"@type\":\"WebPage\",\"@id\":\"https:\/\/www.dbbroadcast.com\/fr\/code-dethique\/\",\"url\":\"https:\/\/www.dbbroadcast.com\/fr\/code-dethique\/\",\"name\":\"CODE D'\u00c9THIQUE - DB Broadcasting\",\"isPartOf\":{\"@id\":\"https:\/\/www.dbbroadcast.com\/fr\/#website\"},\"datePublished\":\"2024-09-06T09:28:18+00:00\",\"dateModified\":\"2024-09-06T09:29:32+00:00\",\"description\":\"BD Broadcast reconna\u00eet l'importance des valeurs et des initiatives sociales. D\u00e9couvrez notre engagement \u00e0 rendre le monde meilleur.\",\"breadcrumb\":{\"@id\":\"https:\/\/www.dbbroadcast.com\/fr\/code-dethique\/#breadcrumb\"},\"inLanguage\":\"fr-FR\",\"potentialAction\":[{\"@type\":\"ReadAction\",\"target\":[\"https:\/\/www.dbbroadcast.com\/fr\/code-dethique\/\"]}]},{\"@type\":\"BreadcrumbList\",\"@id\":\"https:\/\/www.dbbroadcast.com\/fr\/code-dethique\/#breadcrumb\",\"itemListElement\":[{\"@type\":\"ListItem\",\"position\":1,\"name\":\"Home\",\"item\":\"https:\/\/www.dbbroadcast.com\/fr\/\"},{\"@type\":\"ListItem\",\"position\":2,\"name\":\"CODE D&#8217;\u00c9THIQUE\"}]},{\"@type\":\"WebSite\",\"@id\":\"https:\/\/www.dbbroadcast.com\/fr\/#website\",\"url\":\"https:\/\/www.dbbroadcast.com\/fr\/\",\"name\":\"DB Broadcast\",\"description\":\"Broadcasting Equipment\",\"potentialAction\":[{\"@type\":\"SearchAction\",\"target\":{\"@type\":\"EntryPoint\",\"urlTemplate\":\"https:\/\/www.dbbroadcast.com\/fr\/?s={search_term_string}\"},\"query-input\":{\"@type\":\"PropertyValueSpecification\",\"valueRequired\":true,\"valueName\":\"search_term_string\"}}],\"inLanguage\":\"fr-FR\"}]}<\/script>\n<!-- \/ Yoast SEO plugin. -->","yoast_head_json":{"title":"CODE D'\u00c9THIQUE - DB Broadcasting","description":"BD Broadcast reconna\u00eet l'importance des valeurs et des initiatives sociales. D\u00e9couvrez notre engagement \u00e0 rendre le monde meilleur.","robots":{"index":"noindex","follow":"nofollow"},"og_locale":"fr_FR","og_type":"article","og_title":"CODE D'\u00c9THIQUE - DB Broadcasting","og_description":"BD Broadcast reconna\u00eet l'importance des valeurs et des initiatives sociales. D\u00e9couvrez notre engagement \u00e0 rendre le monde meilleur.","og_url":"https:\/\/www.dbbroadcast.com\/fr\/code-dethique\/","og_site_name":"DB Broadcasting","article_modified_time":"2024-09-06T09:29:32+00:00","twitter_card":"summary_large_image","twitter_misc":{"Dur\u00e9e de lecture estim\u00e9e":"1 minute"},"schema":{"@context":"https:\/\/schema.org","@graph":[{"@type":"WebPage","@id":"https:\/\/www.dbbroadcast.com\/fr\/code-dethique\/","url":"https:\/\/www.dbbroadcast.com\/fr\/code-dethique\/","name":"CODE D'\u00c9THIQUE - DB Broadcasting","isPartOf":{"@id":"https:\/\/www.dbbroadcast.com\/fr\/#website"},"datePublished":"2024-09-06T09:28:18+00:00","dateModified":"2024-09-06T09:29:32+00:00","description":"BD Broadcast reconna\u00eet l'importance des valeurs et des initiatives sociales. D\u00e9couvrez notre engagement \u00e0 rendre le monde meilleur.","breadcrumb":{"@id":"https:\/\/www.dbbroadcast.com\/fr\/code-dethique\/#breadcrumb"},"inLanguage":"fr-FR","potentialAction":[{"@type":"ReadAction","target":["https:\/\/www.dbbroadcast.com\/fr\/code-dethique\/"]}]},{"@type":"BreadcrumbList","@id":"https:\/\/www.dbbroadcast.com\/fr\/code-dethique\/#breadcrumb","itemListElement":[{"@type":"ListItem","position":1,"name":"Home","item":"https:\/\/www.dbbroadcast.com\/fr\/"},{"@type":"ListItem","position":2,"name":"CODE D&#8217;\u00c9THIQUE"}]},{"@type":"WebSite","@id":"https:\/\/www.dbbroadcast.com\/fr\/#website","url":"https:\/\/www.dbbroadcast.com\/fr\/","name":"DB Broadcast","description":"Broadcasting Equipment","potentialAction":[{"@type":"SearchAction","target":{"@type":"EntryPoint","urlTemplate":"https:\/\/www.dbbroadcast.com\/fr\/?s={search_term_string}"},"query-input":{"@type":"PropertyValueSpecification","valueRequired":true,"valueName":"search_term_string"}}],"inLanguage":"fr-FR"}]}},"rttpg_featured_image_url":null,"rttpg_author":{"display_name":"linkness","author_link":"https:\/\/www.dbbroadcast.com\/fr\/author\/linkness\/"},"rttpg_comment":0,"rttpg_category":" <a href=\"https:\/\/www.dbbroadcast.com\/fr\/?taxonomy=translation_priority&#038;term=facultatif\" rel=\"tag\">Facultatif<\/a><a href=\"https:\/\/www.dbbroadcast.com\/?taxonomy=translation_priority&#038;term=optional\" rel=\"tag\">Optional<\/a><a href=\"https:\/\/www.dbbroadcast.com\/it\/?taxonomy=translation_priority&#038;term=opzionale\" rel=\"tag\">Opzionale<\/a>","rttpg_excerpt":null,"_links":{"self":[{"href":"https:\/\/www.dbbroadcast.com\/fr\/wp-json\/wp\/v2\/pages\/15368","targetHints":{"allow":["GET"]}}],"collection":[{"href":"https:\/\/www.dbbroadcast.com\/fr\/wp-json\/wp\/v2\/pages"}],"about":[{"href":"https:\/\/www.dbbroadcast.com\/fr\/wp-json\/wp\/v2\/types\/page"}],"author":[{"embeddable":true,"href":"https:\/\/www.dbbroadcast.com\/fr\/wp-json\/wp\/v2\/users\/8"}],"replies":[{"embeddable":true,"href":"https:\/\/www.dbbroadcast.com\/fr\/wp-json\/wp\/v2\/comments?post=15368"}],"version-history":[{"count":3,"href":"https:\/\/www.dbbroadcast.com\/fr\/wp-json\/wp\/v2\/pages\/15368\/revisions"}],"predecessor-version":[{"id":15412,"href":"https:\/\/www.dbbroadcast.com\/fr\/wp-json\/wp\/v2\/pages\/15368\/revisions\/15412"}],"wp:attachment":[{"href":"https:\/\/www.dbbroadcast.com\/fr\/wp-json\/wp\/v2\/media?parent=15368"}],"curies":[{"name":"wp","href":"https:\/\/api.w.org\/{rel}","templated":true}]}}