{"id":8542,"date":"2021-08-27T08:48:46","date_gmt":"2021-08-27T08:48:46","guid":{"rendered":"https:\/\/www.dbbroadcast.com\/privacy-policy\/"},"modified":"2023-10-20T09:12:05","modified_gmt":"2023-10-20T09:12:05","slug":"privacy-policy","status":"publish","type":"page","link":"https:\/\/www.dbbroadcast.com\/fr\/privacy-policy\/","title":{"rendered":"Privacy policy"},"content":{"rendered":"<p>[et_pb_section fb_built=\u00a0\u00bb1&Prime; admin_label=\u00a0\u00bbSlider technologies\u00a0\u00bb _builder_version=\u00a0\u00bb4.16&Prime; background_color=\u00a0\u00bb#2a2a2a\u00a0\u00bb background_color_gradient_direction=\u00a0\u00bb150deg\u00a0\u00bb background_color_gradient_start=\u00a0\u00bb#000000&Prime; background_color_gradient_end=\u00a0\u00bbrgba(0,0,0,0.4)\u00a0\u00bb background_enable_image=\u00a0\u00bboff\u00a0\u00bb custom_padding=\u00a0\u00bb5%||5%||true|false\u00a0\u00bb locked=\u00a0\u00bboff\u00a0\u00bb global_colors_info=\u00a0\u00bb{}\u00a0\u00bb][et_pb_row _builder_version=\u00a0\u00bb4.16&Prime; width_tablet=\u00a0\u00bb\u00a0\u00bb width_phone=\u00a0\u00bb\u00a0\u00bb width_last_edited=\u00a0\u00bbon|desktop\u00a0\u00bb global_colors_info=\u00a0\u00bb{}\u00a0\u00bb][et_pb_column type=\u00a0\u00bb4_4&Prime; _builder_version=\u00a0\u00bb4.16&Prime; custom_padding=\u00a0\u00bb|||\u00a0\u00bb global_colors_info=\u00a0\u00bb{}\u00a0\u00bb custom_padding__hover=\u00a0\u00bb|||\u00a0\u00bb][et_pb_text admin_label=\u00a0\u00bbText &#8211; H1&Prime; _builder_version=\u00a0\u00bb4.16&Prime; _module_preset=\u00a0\u00bbdefault\u00a0\u00bb text_font=\u00a0\u00bbRoboto||||||||\u00a0\u00bb header_font_size=\u00a0\u00bb34px\u00a0\u00bb text_orientation=\u00a0\u00bbcenter\u00a0\u00bb background_layout=\u00a0\u00bbdark\u00a0\u00bb header_font_size_tablet=\u00a0\u00bb28px\u00a0\u00bb header_font_size_phone=\u00a0\u00bb28px\u00a0\u00bb header_font_size_last_edited=\u00a0\u00bbon|phone\u00a0\u00bb global_colors_info=\u00a0\u00bb{}\u00a0\u00bb]<\/p>\n<h1>Privacy Policy<\/h1>\n<p>[\/et_pb_text][\/et_pb_column][\/et_pb_row][\/et_pb_section][et_pb_section fb_built=\u00a0\u00bb1&Prime; disabled_on=\u00a0\u00bboff|off|off\u00a0\u00bb _builder_version=\u00a0\u00bb4.16&Prime; _module_preset=\u00a0\u00bbdefault\u00a0\u00bb use_background_color_gradient_tablet=\u00a0\u00bboff\u00a0\u00bb locked=\u00a0\u00bboff\u00a0\u00bb global_colors_info=\u00a0\u00bb{}\u00a0\u00bb][et_pb_row _builder_version=\u00a0\u00bb4.16&Prime; _module_preset=\u00a0\u00bbdefault\u00a0\u00bb width=\u00a0\u00bb60%\u00a0\u00bb width_tablet=\u00a0\u00bb80%\u00a0\u00bb width_phone=\u00a0\u00bb80%\u00a0\u00bb width_last_edited=\u00a0\u00bbon|tablet\u00a0\u00bb module_alignment=\u00a0\u00bbcenter\u00a0\u00bb custom_margin=\u00a0\u00bb|auto||427px||\u00a0\u00bb global_colors_info=\u00a0\u00bb{}\u00a0\u00bb][et_pb_column type=\u00a0\u00bb4_4&Prime; _builder_version=\u00a0\u00bb4.16&Prime; _module_preset=\u00a0\u00bbdefault\u00a0\u00bb global_colors_info=\u00a0\u00bb{}\u00a0\u00bb][et_pb_text admin_label=\u00a0\u00bbText\u00a0\u00bb _builder_version=\u00a0\u00bb4.21.0&Prime; _module_preset=\u00a0\u00bbdefault\u00a0\u00bb min_height=\u00a0\u00bb1412.9px\u00a0\u00bb hover_enabled=\u00a0\u00bb0&Prime; global_colors_info=\u00a0\u00bb{}\u00a0\u00bb sticky_enabled=\u00a0\u00bb0&Prime;]<\/p>\n<p>Nous vous invitons \u00e0 prendre connaissance de l&rsquo;int\u00e9gralit\u00e9 de notre politique en mati\u00e8re de confidentialit\u00e9 et de cookies ci-dessous afin de mieux comprendre (i) la mani\u00e8re dont nous utilisons vos donn\u00e9es \u00e0 caract\u00e8re personnel et (ii) vos droits en la mati\u00e8re. Dans cette politique de confidentialit\u00e9 et de cookies, vous trouverez toutes les informations pertinentes concernant l&rsquo;utilisation que nous faisons des donn\u00e9es personnelles de nos clients et utilisateurs, quel que soit le canal ou le moyen (en ligne ou en personne) que vous utilisez pour interagir avec nous.<\/p>\n<p>1. LE RESPONSABLE DU TRAITEMENT DE VOS DONN\u00c9ES \u2028<br \/>Le responsable du traitement de vos donn\u00e9es personnelles est : DB ELETTRONICA TELECOMUNICAZIONI S.P.A., dont le si\u00e8ge est \u00e0 Padoue, via Maestri del Lavoro 20\/1, num\u00e9ro d&rsquo;identification fiscale et registre des soci\u00e9t\u00e9s de Padoue 00710830282, capital social 270 000,00 \u20ac, en la personne de son repr\u00e9sentant l\u00e9gal pro tempore.<\/p>\n<p>2. POURQUOI NOUS TRAITONS VOS DONN\u00c9ES PERSONNELLES\u2028En fonction des produits ou services que vous envisagez d&rsquo;utiliser de temps \u00e0 autre, comme indiqu\u00e9 ci-dessus, nous traiterons certaines donn\u00e9es plut\u00f4t que d&rsquo;autres. En principe, les donn\u00e9es suivantes seront trait\u00e9es, en fonction des circonstances sp\u00e9cifiques :\u2028Vos donn\u00e9es d&rsquo;identit\u00e9 (par exemple, le pr\u00e9nom, le nom, la langue et le pays \u00e0 partir desquels vous interagissez avec nous, les d\u00e9tails de l&rsquo;accord, etc ;)\u2028Donn\u00e9es de connexion, de g\u00e9olocalisation et de navigation (par exemple, si vous interagissez avec nous \u00e0 l&rsquo;aide de votre t\u00e9l\u00e9phone portable) ;<br \/>Informations commerciales (par exemple, si vous vous \u00eates abonn\u00e9 \u00e0 notre lettre d&rsquo;information) ;\u2028des donn\u00e9es concernant vos go\u00fbts et pr\u00e9f\u00e9rences (par exemple, si vous utilisez nos pages sociales).\u2028N&rsquo;oubliez pas que lorsque nous vous demandons de nous fournir vos donn\u00e9es personnelles pour vous permettre d&rsquo;utiliser certains de nos services, certains champs seront marqu\u00e9s comme obligatoires car nous avons besoin de ces donn\u00e9es pour vous fournir le service ou le produit que vous avez demand\u00e9 et pour vous permettre d&rsquo;acc\u00e9der \u00e0 la fonction demand\u00e9e. Par cons\u00e9quent, ces donn\u00e9es sont n\u00e9cessaires pour garantir que nous remplissons pleinement nos obligations d\u00e9coulant de l&rsquo;accord que nous avons conclu avec vous ou pour nous conformer \u00e0 nos obligations en vertu des dispositions l\u00e9gislatives ou r\u00e9glementaires applicables. Le fait de ne pas fournir ces donn\u00e9es peut vous emp\u00eacher d&rsquo;\u00eatre enregistr\u00e9 en tant qu&rsquo;utilisateur, de recevoir ces services ou produits ou d&rsquo;utiliser la fonction demand\u00e9e.<br \/>En fonction des services, produits ou fonctions que vous pouvez demander de temps \u00e0 autre, vos donn\u00e9es personnelles seront trait\u00e9es aux fins d\u00e9crites ci-dessous :\u2028 Ex\u00e9cution du contrat d&rsquo;achat ou de service.\u2028Cette finalit\u00e9 exige que vos donn\u00e9es soient trait\u00e9es comme indiqu\u00e9 ci-dessous :\u2028Vous contacter pour vous envoyer des mises \u00e0 jour et des informations sur les produits ou services que vous avez achet\u00e9s. Gestion des articles retourn\u00e9s apr\u00e8s l&rsquo;achat et gestion des demandes de renseignements concernant la disponibilit\u00e9 des marchandises.<\/p>\n<p>R\u00e9pondre \u00e0 vos demandes par l&rsquo;interm\u00e9diaire des canaux de service d&rsquo;assistance \u00e0 la client\u00e8le.\u2028Nous ne traiterons que les donn\u00e9es strictement n\u00e9cessaires pour traiter ou satisfaire votre demande.<br \/>Objectifs de marketing\u2028Cette finalit\u00e9 exige que vos donn\u00e9es soient trait\u00e9es comme indiqu\u00e9 ci-dessous :\u2028Si vous vous abonnez \u00e0 notre lettre d&rsquo;information et donnez votre consentement \u00e0 des fins de marketing et de profilage, nous traiterons vos donn\u00e9es personnelles pour g\u00e9rer votre abonnement \u00e0 la lettre d&rsquo;information et vous envoyer des informations personnalis\u00e9es sur nos produits ou services en utilisant diff\u00e9rents moyens de communication, y compris par e-mail ou SMS.<br \/>Par cons\u00e9quent, veuillez consid\u00e9rer que ce type de traitement de donn\u00e9es n\u00e9cessite l&rsquo;analyse de votre profil d&rsquo;utilisateur ou de client afin d&rsquo;\u00e9tablir vos pr\u00e9f\u00e9rences et, par cons\u00e9quent, de d\u00e9cider quels produits et services correspondent le mieux \u00e0 votre style lorsque nous vous envoyons de telles informations. Par exemple, sur la base de votre historique d&rsquo;achat et de navigation, nous vous recommanderons des produits qui, \u00e0 notre avis, sont susceptibles de vous int\u00e9resser.\u2028Vous pouvez vous d\u00e9sabonner \u00e0 tout moment et sans frais de notre Newsletter en acc\u00e9dant \u00e0 la section \u00ab\u00a0Newsletter\u00a0\u00bb de notre site web ainsi qu&rsquo;en suivant les instructions donn\u00e9es dans chaque communication.<br \/>Pour lancer des actions promotionnelles (par exemple, organiser des concours ou transmettre votre liste d&rsquo;articles sauvegard\u00e9s \u00e0 l&rsquo;adresse \u00e9lectronique que vous avez indiqu\u00e9e).\u2028Publier des photos ou des images partag\u00e9es publiquement sur notre site web ou nos canaux de r\u00e9seaux sociaux, sous r\u00e9serve de votre autorisation explicite.\u2028\u2028Analyse de la qualit\u00e9 et de l&rsquo;utilisation pour am\u00e9liorer nos services\u2028Veuillez noter que si vous acc\u00e9dez \u00e0 notre site web, les syst\u00e8mes informatiques sous-jacents collecteront, dans le cadre de leur fonctionnement normal, certaines de vos donn\u00e9es personnelles, dont la transmission est implicite dans l&rsquo;utilisation des protocoles de communication Internet. Ces informations ne sont pas collect\u00e9es dans le but de vous identifier, mais peuvent conduire \u00e0 votre identification si, par exemple, elles sont combin\u00e9es avec d&rsquo;autres donn\u00e9es d\u00e9tenues par des tiers. Cette cat\u00e9gorie de donn\u00e9es comprend l&rsquo;adresse IP et le nom de domaine de votre ordinateur, les adresses en notation URI (Uniform Resource Identifier) des ressources demand\u00e9es, l&rsquo;heure de la demande, la m\u00e9thode utilis\u00e9e pour soumettre la demande au serveur, la taille du fichier re\u00e7u en r\u00e9ponse, le code num\u00e9rique repr\u00e9sentant l&rsquo;\u00e9tat de la r\u00e9ponse fournie par le serveur et d&rsquo;autres param\u00e8tres li\u00e9s \u00e0 votre syst\u00e8me d&rsquo;exploitation.<br \/>Nous utilisons ces donn\u00e9es uniquement \u00e0 des fins analytiques et statistiques anonymes pour contr\u00f4ler l&rsquo;utilisation de notre site web et son bon fonctionnement. Ces donn\u00e9es peuvent \u00eatre utilis\u00e9es pour enqu\u00eater et \u00e9tablir la responsabilit\u00e9 en cas de cybercriminalit\u00e9 contre les services.<br \/>Recrutement\u2028Si vous remplissez la section \u00ab\u00a0travailler avec nous\u00a0\u00bb sur notre site web ou si vous nous envoyez votre curriculum vitae, sachez que vos donn\u00e9es seront trait\u00e9es uniquement \u00e0 des fins de recrutement de personnel.<\/p>\n<p>3. QUELLES SONT LES BASES JURIDIQUES DU TRAITEMENT DE VOS DONN\u00c9ES ? \u2028La base juridique du traitement de vos donn\u00e9es \u00e0 caract\u00e8re personnel d\u00e9pend \u00e9galement de la finalit\u00e9 de la proc\u00e9dure de traitement sp\u00e9cifique, comme indiqu\u00e9 dans le tableau ci-dessous :\u2028\u2028Ex\u00e9cution d&rsquo;un contrat d&rsquo;achat ou de service.\u2028Nous devons traiter vos donn\u00e9es pour garantir l&rsquo;ex\u00e9cution du contrat de vente ou de prestation de services que nous avons conclu avec vous.<\/p>\n<p>Soutien \u00e0 la client\u00e8le\u2028Nous pensons avoir un int\u00e9r\u00eat l\u00e9gitime \u00e0 r\u00e9pondre \u00e0 vos demandes de renseignements et de conseils en utilisant les diff\u00e9rentes m\u00e9thodes de contact disponibles. Nous pensons que vous b\u00e9n\u00e9ficierez \u00e9galement du traitement de ces donn\u00e9es dans la mesure o\u00f9 il nous permet de vous fournir une assistance appropri\u00e9e et de r\u00e9pondre \u00e0 vos questions de mani\u00e8re ad\u00e9quate.\u2028Si vous nous contactez, notamment pour des questions relatives \u00e0 votre commande ou au produit\/service que vous avez achet\u00e9, le traitement sera n\u00e9cessaire aux fins de l&rsquo;ex\u00e9cution du contrat de vente.<br \/>Si votre demande concerne l&rsquo;exercice des droits indiqu\u00e9s ci-dessous ou des r\u00e9clamations relatives \u00e0 nos produits ou services, la base juridique du traitement r\u00e9sultera de la n\u00e9cessit\u00e9 de respecter les obligations qui nous incombent en vertu des dispositions l\u00e9gales applicables.\u2028\u2028Marketing\u2028La base juridique du traitement de vos donn\u00e9es \u00e0 des fins de marketing repose sur le consentement que vous avez donn\u00e9, par exemple lorsque vous acceptez de recevoir des informations commerciales ou lorsque vous donnez votre accord pour participer \u00e0 des activit\u00e9s promotionnelles ou pour que vos photos soient publi\u00e9es sur nos r\u00e9seaux sociaux.\u2028Nous utiliserons \u00e9galement votre consentement pour associer vos donn\u00e9es \u00e0 celles publi\u00e9es sur les r\u00e9seaux sociaux afin de vous montrer des publicit\u00e9s personnalis\u00e9es en fonction de vos go\u00fbts, de vos habitudes et de vos sch\u00e9mas de navigation.<br \/>Sous r\u00e9serve de votre consentement, nous pouvons mener des activit\u00e9s de profilage (cr\u00e9ation de profils individuels ou de groupes) en utilisant les informations dont nous disposons \u00e0 votre sujet (habitudes de navigation, pr\u00e9f\u00e9rences d&rsquo;achat et historique) et les donn\u00e9es personnelles que vous avez fournies, telles que la tranche d&rsquo;\u00e2ge et la langue, car nous pensons que le traitement de ces donn\u00e9es est \u00e0 votre avantage car il vous permet de b\u00e9n\u00e9ficier d&rsquo;une meilleure exp\u00e9rience d&rsquo;utilisateur et d&rsquo;acc\u00e9der \u00e0 des informations bas\u00e9es sur vos propres pr\u00e9f\u00e9rences. Si vous donnez votre consentement \u00e0 des fins de marketing, nous pourrons vous envoyer des communications promotionnelles personnalis\u00e9es.\u2028\u2028 Analyse de l&rsquo;utilisation et de la qualit\u00e9.<br \/>Sous r\u00e9serve de votre consentement, nous pouvons analyser l&rsquo;utilisation du site web et le niveau de satisfaction des utilisateurs. Cette proc\u00e9dure de traitement vous sera \u00e9galement profitable, car elle vise \u00e0 am\u00e9liorer l&rsquo;exp\u00e9rience de l&rsquo;utilisateur et \u00e0 fournir un service de meilleure qualit\u00e9.<\/p>\n<p>Recrutement<br \/>La base juridique du traitement de vos donn\u00e9es \u00e0 des fins de recrutement est le consentement que vous nous donnez lorsque vous remplissez la section \u00ab\u00a0Travailler pour nous\u00a0\u00bb de notre site web ou que vous envoyez votre curriculum vitae.<\/p>\n<p>4. DUR\u00c9E DE CONSERVATION DES DONN\u00c9ES\u2028La dur\u00e9e de conservation de vos donn\u00e9es d\u00e9pend de la finalit\u00e9 du traitement sous-jacent, comme indiqu\u00e9 ci-dessous :<br \/>Ex\u00e9cution d&rsquo;un contrat d&rsquo;achat ou de service.\u2028Vos donn\u00e9es seront trait\u00e9es dans la mesure n\u00e9cessaire \u00e0 la gestion de l&rsquo;achat des produits ou \u00e0 la fourniture des services que vous avez demand\u00e9s, y compris les articles retourn\u00e9s, les r\u00e9clamations ou les litiges li\u00e9s \u00e0 l&rsquo;achat d&rsquo;un produit donn\u00e9 ou \u00e0 la fourniture d&rsquo;un service donn\u00e9.<br \/>Assistance \u00e0 la client\u00e8le\u2028Vos donn\u00e9es seront trait\u00e9es dans la mesure n\u00e9cessaire pour r\u00e9pondre \u00e0 votre demande.<br \/>Marketing<br \/>Vos donn\u00e9es seront trait\u00e9es jusqu&rsquo;\u00e0 ce que vous vous d\u00e9sinscriviez de notre lettre d&rsquo;information.\u2028Les donn\u00e9es collect\u00e9es avec votre consentement \u00e0 des fins de profilage et de marketing seront conserv\u00e9es pendant une p\u00e9riode de 8 ans, \u00e0 l&rsquo;expiration de laquelle elles seront automatiquement effac\u00e9es ou d\u00e9personnalis\u00e9es de mani\u00e8re permanente et irr\u00e9versible.<br \/>Analyse de l&rsquo;utilisation et de la qualit\u00e9\u2028Vos donn\u00e9es seront trait\u00e9es occasionnellement lors d&rsquo;une action ou d&rsquo;une enqu\u00eate sur la qualit\u00e9 ou jusqu&rsquo;\u00e0 ce que vos donn\u00e9es de navigation soient d\u00e9personnalis\u00e9es.<br \/>Recrutement\u2028Vos donn\u00e9es seront trait\u00e9es pendant une p\u00e9riode de 2 ans.<\/p>\n<p>5. AVEC QUI NOUS PARTAGEONS VOS DONN\u00c9ES \u2028Afin d&rsquo;atteindre les objectifs \u00e9num\u00e9r\u00e9s dans la pr\u00e9sente politique en mati\u00e8re de confidentialit\u00e9 et de cookies, nous devons permettre l&rsquo;acc\u00e8s \u00e0 vos donn\u00e9es personnelles aux soci\u00e9t\u00e9s appartenant \u00e0 notre groupe ainsi qu&rsquo;aux tiers qui nous aident \u00e0 fournir les services que nous vous proposons, \u00e0 savoir :<br \/>&#8211; Les entreprises qui distribuent nos produits.\u2028- Les institutions financi\u00e8res.<br \/>&#8211; Compagnies d&rsquo;assurance.\u2028- Fournisseurs de services technologiques. \u2028- Prestataires et partenaires en mati\u00e8re de logistique, de transport et de livraison. \u2028- Prestataires de services d&rsquo;assistance \u00e0 la client\u00e8le.\u2028- Prestataires et partenaires en mati\u00e8re de marketing et de publicit\u00e9. \u2028- Consultants et ind\u00e9pendants.<\/p>\n<p>Afin d&rsquo;assurer l&rsquo;efficacit\u00e9 du service, certains des fournisseurs susmentionn\u00e9s sont bas\u00e9s en dehors de l&rsquo;Espace \u00e9conomique europ\u00e9en dans des pays qui n&rsquo;offrent pas le m\u00eame niveau de protection des donn\u00e9es que celui offert par l&rsquo;Union europ\u00e9enne. Dans ce cas, vos donn\u00e9es seront en tout \u00e9tat de cause transf\u00e9r\u00e9es avec les garanties appropri\u00e9es et dans le respect des dispositions relatives \u00e0 la s\u00e9curit\u00e9 des donn\u00e9es. Vos donn\u00e9es personnelles peuvent \u00e9galement \u00eatre consult\u00e9es \u00e0 des fins de traitement par notre personnel d\u00fbment autoris\u00e9. L&rsquo;autorisation correspondante est d\u00e9livr\u00e9e sur la base de la n\u00e9cessit\u00e9 effective d&rsquo;acc\u00e9der \u00e0 vos donn\u00e9es pour l&rsquo;ex\u00e9cution des t\u00e2ches requises.<\/p>\n<p>6. VOS DROITS SUR LES DONN\u00c9ES QUE VOUS FOURNISSEZ\u2028Nous pr\u00e9serverons la confidentialit\u00e9 de vos donn\u00e9es personnelles et veillerons \u00e0 ce que vous puissiez exercer vos droits. Vous pouvez exercer vos droits de mani\u00e8re enti\u00e8rement gratuite en nous envoyant un courrier \u00e9lectronique \u00e0 l&rsquo;adresse privacy@dbbroadcast.com, en indiquant simplement la raison de votre demande et le droit que vous entendez exercer. Si la preuve de votre identit\u00e9 est jug\u00e9e n\u00e9cessaire, nous pouvons vous demander de produire une copie d&rsquo;un document attestant de votre identit\u00e9. Plus pr\u00e9cis\u00e9ment, quelles que soient les finalit\u00e9s ou les bases juridiques en vertu desquelles nous traitons vos donn\u00e9es, vous b\u00e9n\u00e9ficiez des droits suivants :<br \/>&#8211; Obtenir l&rsquo;acc\u00e8s \u00e0 vos donn\u00e9es personnelles que nous d\u00e9tenons et demander la rectification, l&rsquo;effacement, la limitation et l&rsquo;opposition \u00e0 leur traitement si ce traitement est effectu\u00e9 de mani\u00e8re automatis\u00e9e sur la base du consentement ou pour l&rsquo;ex\u00e9cution d&rsquo;un contrat ;\u2028- Retirer leur consentement au traitement de leurs donn\u00e9es \u00e0 tout moment sans affecter la l\u00e9galit\u00e9 du traitement bas\u00e9 sur le consentement donn\u00e9 avant un tel retrait ;\u2028- D\u00e9poser une plainte aupr\u00e8s de l&rsquo;autorit\u00e9 de contr\u00f4le en mati\u00e8re de protection des donn\u00e9es \u00e0 caract\u00e8re personnel.<\/p>\n<p>7. MODIFICATIONS DE LA POLITIQUE DE CONFIDENTIALIT\u00c9\u2028Dans la mesure o\u00f9 nous le jugeons appropri\u00e9, nous pouvons modifier les informations contenues dans la pr\u00e9sente politique en mati\u00e8re de confidentialit\u00e9 et de cookies. Dans ce cas, nous vous informerons de ces modifications en utilisant diff\u00e9rentes m\u00e9thodes sur nos sites web ou en vous envoyant un courrier \u00e9lectronique si les modifications ont un impact significatif sur votre vie priv\u00e9e, afin que vous puissiez les examiner, faire vos propres consid\u00e9rations et, le cas \u00e9ch\u00e9ant, vous opposer \u00e0 tout service ou fonction ou l&rsquo;annuler. En tout \u00e9tat de cause, nous vous encourageons \u00e0 consulter de temps \u00e0 autre la pr\u00e9sente politique en mati\u00e8re de confidentialit\u00e9 et de cookies pour voir si des modifications mineures ou des am\u00e9liorations ont \u00e9t\u00e9 apport\u00e9es, \u00e9tant donn\u00e9 que la politique en mati\u00e8re de confidentialit\u00e9 est disponible sur notre site web \u00e0 tout moment.<br \/>J\u2019ai lu et j&rsquo;accepte la politique de confidentialit\u00e9.<\/p>\n<p>[\/et_pb_text][\/et_pb_column][\/et_pb_row][\/et_pb_section]<\/p>\n","protected":false},"excerpt":{"rendered":"<p>Privacy PolicyNous vous invitons \u00e0 prendre connaissance de l&rsquo;int\u00e9gralit\u00e9 de notre politique en mati\u00e8re de confidentialit\u00e9 et de cookies ci-dessous afin de mieux comprendre (i) la mani\u00e8re dont nous utilisons vos donn\u00e9es \u00e0 caract\u00e8re personnel et (ii) vos droits en la mati\u00e8re. Dans cette politique de confidentialit\u00e9 et de cookies, vous trouverez toutes les informations [&hellip;]<\/p>\n","protected":false},"author":2,"featured_media":0,"parent":0,"menu_order":0,"comment_status":"closed","ping_status":"closed","template":"","meta":{"_et_pb_use_builder":"on","_et_pb_old_content":"","_et_gb_content_width":"","footnotes":""},"class_list":["post-8542","page","type-page","status-publish","hentry"],"yoast_head":"<!-- This site is optimized with the Yoast SEO plugin v26.4 - https:\/\/yoast.com\/wordpress\/plugins\/seo\/ -->\n<title>Privacy policy - DB Broadcasting<\/title>\n<meta name=\"robots\" content=\"noindex, nofollow\" \/>\n<meta property=\"og:locale\" content=\"fr_FR\" \/>\n<meta property=\"og:type\" content=\"article\" \/>\n<meta property=\"og:title\" content=\"Privacy policy - DB Broadcasting\" \/>\n<meta property=\"og:url\" content=\"https:\/\/www.dbbroadcast.com\/fr\/privacy-policy\/\" \/>\n<meta property=\"og:site_name\" content=\"DB Broadcasting\" \/>\n<meta property=\"article:modified_time\" content=\"2023-10-20T09:12:05+00:00\" \/>\n<meta name=\"twitter:card\" content=\"summary_large_image\" \/>\n<meta name=\"twitter:label1\" content=\"Dur\u00e9e de lecture estim\u00e9e\" \/>\n\t<meta name=\"twitter:data1\" content=\"9 minutes\" \/>\n<script type=\"application\/ld+json\" class=\"yoast-schema-graph\">{\"@context\":\"https:\/\/schema.org\",\"@graph\":[{\"@type\":\"WebPage\",\"@id\":\"https:\/\/www.dbbroadcast.com\/fr\/privacy-policy\/\",\"url\":\"https:\/\/www.dbbroadcast.com\/fr\/privacy-policy\/\",\"name\":\"Privacy policy - DB Broadcasting\",\"isPartOf\":{\"@id\":\"https:\/\/www.dbbroadcast.com\/fr\/#website\"},\"datePublished\":\"2021-08-27T08:48:46+00:00\",\"dateModified\":\"2023-10-20T09:12:05+00:00\",\"breadcrumb\":{\"@id\":\"https:\/\/www.dbbroadcast.com\/fr\/privacy-policy\/#breadcrumb\"},\"inLanguage\":\"fr-FR\",\"potentialAction\":[{\"@type\":\"ReadAction\",\"target\":[\"https:\/\/www.dbbroadcast.com\/fr\/privacy-policy\/\"]}]},{\"@type\":\"BreadcrumbList\",\"@id\":\"https:\/\/www.dbbroadcast.com\/fr\/privacy-policy\/#breadcrumb\",\"itemListElement\":[{\"@type\":\"ListItem\",\"position\":1,\"name\":\"Home\",\"item\":\"https:\/\/www.dbbroadcast.com\/fr\/\"},{\"@type\":\"ListItem\",\"position\":2,\"name\":\"Privacy policy\"}]},{\"@type\":\"WebSite\",\"@id\":\"https:\/\/www.dbbroadcast.com\/fr\/#website\",\"url\":\"https:\/\/www.dbbroadcast.com\/fr\/\",\"name\":\"DB Broadcast\",\"description\":\"Broadcasting Equipment\",\"potentialAction\":[{\"@type\":\"SearchAction\",\"target\":{\"@type\":\"EntryPoint\",\"urlTemplate\":\"https:\/\/www.dbbroadcast.com\/fr\/?s={search_term_string}\"},\"query-input\":{\"@type\":\"PropertyValueSpecification\",\"valueRequired\":true,\"valueName\":\"search_term_string\"}}],\"inLanguage\":\"fr-FR\"}]}<\/script>\n<!-- \/ Yoast SEO plugin. -->","yoast_head_json":{"title":"Privacy policy - DB Broadcasting","robots":{"index":"noindex","follow":"nofollow"},"og_locale":"fr_FR","og_type":"article","og_title":"Privacy policy - DB Broadcasting","og_url":"https:\/\/www.dbbroadcast.com\/fr\/privacy-policy\/","og_site_name":"DB Broadcasting","article_modified_time":"2023-10-20T09:12:05+00:00","twitter_card":"summary_large_image","twitter_misc":{"Dur\u00e9e de lecture estim\u00e9e":"9 minutes"},"schema":{"@context":"https:\/\/schema.org","@graph":[{"@type":"WebPage","@id":"https:\/\/www.dbbroadcast.com\/fr\/privacy-policy\/","url":"https:\/\/www.dbbroadcast.com\/fr\/privacy-policy\/","name":"Privacy policy - DB Broadcasting","isPartOf":{"@id":"https:\/\/www.dbbroadcast.com\/fr\/#website"},"datePublished":"2021-08-27T08:48:46+00:00","dateModified":"2023-10-20T09:12:05+00:00","breadcrumb":{"@id":"https:\/\/www.dbbroadcast.com\/fr\/privacy-policy\/#breadcrumb"},"inLanguage":"fr-FR","potentialAction":[{"@type":"ReadAction","target":["https:\/\/www.dbbroadcast.com\/fr\/privacy-policy\/"]}]},{"@type":"BreadcrumbList","@id":"https:\/\/www.dbbroadcast.com\/fr\/privacy-policy\/#breadcrumb","itemListElement":[{"@type":"ListItem","position":1,"name":"Home","item":"https:\/\/www.dbbroadcast.com\/fr\/"},{"@type":"ListItem","position":2,"name":"Privacy policy"}]},{"@type":"WebSite","@id":"https:\/\/www.dbbroadcast.com\/fr\/#website","url":"https:\/\/www.dbbroadcast.com\/fr\/","name":"DB Broadcast","description":"Broadcasting Equipment","potentialAction":[{"@type":"SearchAction","target":{"@type":"EntryPoint","urlTemplate":"https:\/\/www.dbbroadcast.com\/fr\/?s={search_term_string}"},"query-input":{"@type":"PropertyValueSpecification","valueRequired":true,"valueName":"search_term_string"}}],"inLanguage":"fr-FR"}]}},"rttpg_featured_image_url":null,"rttpg_author":{"display_name":"alessia","author_link":"https:\/\/www.dbbroadcast.com\/fr\/author\/alessia\/"},"rttpg_comment":0,"rttpg_category":false,"rttpg_excerpt":null,"_links":{"self":[{"href":"https:\/\/www.dbbroadcast.com\/fr\/wp-json\/wp\/v2\/pages\/8542","targetHints":{"allow":["GET"]}}],"collection":[{"href":"https:\/\/www.dbbroadcast.com\/fr\/wp-json\/wp\/v2\/pages"}],"about":[{"href":"https:\/\/www.dbbroadcast.com\/fr\/wp-json\/wp\/v2\/types\/page"}],"author":[{"embeddable":true,"href":"https:\/\/www.dbbroadcast.com\/fr\/wp-json\/wp\/v2\/users\/2"}],"replies":[{"embeddable":true,"href":"https:\/\/www.dbbroadcast.com\/fr\/wp-json\/wp\/v2\/comments?post=8542"}],"version-history":[{"count":2,"href":"https:\/\/www.dbbroadcast.com\/fr\/wp-json\/wp\/v2\/pages\/8542\/revisions"}],"predecessor-version":[{"id":14862,"href":"https:\/\/www.dbbroadcast.com\/fr\/wp-json\/wp\/v2\/pages\/8542\/revisions\/14862"}],"wp:attachment":[{"href":"https:\/\/www.dbbroadcast.com\/fr\/wp-json\/wp\/v2\/media?parent=8542"}],"curies":[{"name":"wp","href":"https:\/\/api.w.org\/{rel}","templated":true}]}}