{"id":8815,"date":"2021-08-28T06:20:30","date_gmt":"2021-08-28T06:20:30","guid":{"rendered":"https:\/\/www.dbbroadcast.com\/work-with-us\/"},"modified":"2024-07-10T10:18:40","modified_gmt":"2024-07-10T10:18:40","slug":"travaillers-avec-nous","status":"publish","type":"page","link":"https:\/\/www.dbbroadcast.com\/fr\/travaillers-avec-nous\/","title":{"rendered":"Travailler avec nous"},"content":{"rendered":"<p>[et_pb_section fb_built=\u00a0\u00bb1&Prime; admin_label=\u00a0\u00bbSlider technologies\u00a0\u00bb _builder_version=\u00a0\u00bb4.16.0&Prime; use_background_color_gradient=\u00a0\u00bbon\u00a0\u00bb background_color_gradient_direction=\u00a0\u00bb150deg\u00a0\u00bb background_color_gradient_stops=\u00a0\u00bb#000000 0%|rgba(0,0,0,0.4) 100%\u00a0\u00bb background_color_gradient_overlays_image=\u00a0\u00bbon\u00a0\u00bb background_color_gradient_start=\u00a0\u00bb#000000&Prime; background_color_gradient_end=\u00a0\u00bbrgba(0,0,0,0.4)\u00a0\u00bb background_image=\u00a0\u00bbhttps:\/\/www.dbbroadcast.com\/wp-content\/uploads\/2022\/04\/dbbroadcast-work-with-us-1.jpg\u00a0\u00bb custom_padding=\u00a0\u00bb10%||10%||true|false\u00a0\u00bb locked=\u00a0\u00bboff\u00a0\u00bb global_colors_info=\u00a0\u00bb{}\u00a0\u00bb][et_pb_row _builder_version=\u00a0\u00bb4.16&Prime; width_tablet=\u00a0\u00bb\u00a0\u00bb width_phone=\u00a0\u00bb\u00a0\u00bb width_last_edited=\u00a0\u00bbon|desktop\u00a0\u00bb global_colors_info=\u00a0\u00bb{}\u00a0\u00bb][et_pb_column type=\u00a0\u00bb4_4&Prime; _builder_version=\u00a0\u00bb4.16&Prime; custom_padding=\u00a0\u00bb|||\u00a0\u00bb global_colors_info=\u00a0\u00bb{}\u00a0\u00bb custom_padding__hover=\u00a0\u00bb|||\u00a0\u00bb][et_pb_text admin_label=\u00a0\u00bbText &#8211; H1&Prime; _builder_version=\u00a0\u00bb4.17.4&Prime; _module_preset=\u00a0\u00bbdefault\u00a0\u00bb text_font=\u00a0\u00bbRoboto||||||||\u00a0\u00bb header_font_size=\u00a0\u00bb34px\u00a0\u00bb text_orientation=\u00a0\u00bbcenter\u00a0\u00bb background_layout=\u00a0\u00bbdark\u00a0\u00bb header_font_size_tablet=\u00a0\u00bb28px\u00a0\u00bb header_font_size_phone=\u00a0\u00bb28px\u00a0\u00bb header_font_size_last_edited=\u00a0\u00bbon|phone\u00a0\u00bb global_colors_info=\u00a0\u00bb{}\u00a0\u00bb]<\/p>\n<h1>TRAVAILLER AVEC NOUS<\/h1>\n<p>[\/et_pb_text][\/et_pb_column][\/et_pb_row][\/et_pb_section][et_pb_section fb_built=\u00a0\u00bb1&Prime; admin_label=\u00a0\u00bbTesto fascia\u00a0\u00bb _builder_version=\u00a0\u00bb4.16&Prime; background_color=\u00a0\u00bb#4b9cd3&Prime; custom_padding=\u00a0\u00bb26px||22px|||\u00a0\u00bb locked=\u00a0\u00bboff\u00a0\u00bb global_colors_info=\u00a0\u00bb{}\u00a0\u00bb][et_pb_row use_custom_gutter=\u00a0\u00bbon\u00a0\u00bb gutter_width=\u00a0\u00bb2&Prime; make_equal=\u00a0\u00bbon\u00a0\u00bb _builder_version=\u00a0\u00bb4.16&Prime; _module_preset=\u00a0\u00bbdefault\u00a0\u00bb width_tablet=\u00a0\u00bb80%\u00a0\u00bb width_phone=\u00a0\u00bb80%\u00a0\u00bb width_last_edited=\u00a0\u00bbon|tablet\u00a0\u00bb global_colors_info=\u00a0\u00bb{}\u00a0\u00bb][et_pb_column type=\u00a0\u00bb4_4&Prime; _builder_version=\u00a0\u00bb4.16&Prime; _module_preset=\u00a0\u00bbdefault\u00a0\u00bb global_colors_info=\u00a0\u00bb{}\u00a0\u00bb][et_pb_text admin_label=\u00a0\u00bbText &#8211; H2&Prime; _builder_version=\u00a0\u00bb4.17.4&Prime; _module_preset=\u00a0\u00bbdefault\u00a0\u00bb text_font=\u00a0\u00bbRoboto||||||||\u00a0\u00bb header_text_align=\u00a0\u00bbcenter\u00a0\u00bb header_2_text_align=\u00a0\u00bbcenter\u00a0\u00bb header_2_font_size=\u00a0\u00bb30px\u00a0\u00bb header_2_line_height=\u00a0\u00bb1.2em\u00a0\u00bb header_3_font=\u00a0\u00bb|700|||||||\u00a0\u00bb header_3_text_align=\u00a0\u00bbcenter\u00a0\u00bb header_3_font_size=\u00a0\u00bb30px\u00a0\u00bb header_3_line_height=\u00a0\u00bb1.2em\u00a0\u00bb header_4_font=\u00a0\u00bbRoboto|700|||||||\u00a0\u00bb header_4_text_align=\u00a0\u00bbcenter\u00a0\u00bb header_4_font_size=\u00a0\u00bb30px\u00a0\u00bb header_4_line_height=\u00a0\u00bb1.2em\u00a0\u00bb background_layout=\u00a0\u00bbdark\u00a0\u00bb custom_margin=\u00a0\u00bb||||false|false\u00a0\u00bb header_2_font_size_tablet=\u00a0\u00bb32px\u00a0\u00bb header_2_font_size_phone=\u00a0\u00bb30px\u00a0\u00bb header_2_font_size_last_edited=\u00a0\u00bbon|phone\u00a0\u00bb header_3_font_size_tablet=\u00a0\u00bb32px\u00a0\u00bb header_3_font_size_phone=\u00a0\u00bb30px\u00a0\u00bb header_3_font_size_last_edited=\u00a0\u00bbon|phone\u00a0\u00bb header_4_font_size_tablet=\u00a0\u00bb32px\u00a0\u00bb header_4_font_size_phone=\u00a0\u00bb30px\u00a0\u00bb header_4_font_size_last_edited=\u00a0\u00bbon|phone\u00a0\u00bb locked=\u00a0\u00bboff\u00a0\u00bb global_colors_info=\u00a0\u00bb{}\u00a0\u00bb]<\/p>\n<h4>PASSION, ENGAGEMENT, PROFESSIONNALISME!<\/h4>\n<p>[\/et_pb_text][\/et_pb_column][\/et_pb_row][\/et_pb_section][et_pb_section fb_built=\u00a0\u00bb1&Prime; _builder_version=\u00a0\u00bb4.16&Prime; _module_preset=\u00a0\u00bbdefault\u00a0\u00bb custom_padding=\u00a0\u00bb|||4px||\u00a0\u00bb global_colors_info=\u00a0\u00bb{}\u00a0\u00bb][et_pb_row column_structure=\u00a0\u00bb2_5,3_5&Prime; _builder_version=\u00a0\u00bb4.16&Prime; _module_preset=\u00a0\u00bbdefault\u00a0\u00bb max_width=\u00a0\u00bb2560px\u00a0\u00bb global_colors_info=\u00a0\u00bb{}\u00a0\u00bb][et_pb_column type=\u00a0\u00bb2_5&Prime; _builder_version=\u00a0\u00bb4.16&Prime; _module_preset=\u00a0\u00bbdefault\u00a0\u00bb global_colors_info=\u00a0\u00bb{}\u00a0\u00bb][et_pb_text _builder_version=\u00a0\u00bb4.17.4&Prime; _module_preset=\u00a0\u00bbdefault\u00a0\u00bb text_font=\u00a0\u00bbRoboto||||||||\u00a0\u00bb header_3_font=\u00a0\u00bb||||||||\u00a0\u00bb header_3_font_size=\u00a0\u00bb32px\u00a0\u00bb custom_padding=\u00a0\u00bb||8px|||\u00a0\u00bb header_font_size_tablet=\u00a0\u00bb20px\u00a0\u00bb header_font_size_phone=\u00a0\u00bb20px\u00a0\u00bb header_font_size_last_edited=\u00a0\u00bbon|phone\u00a0\u00bb header_2_font_size_tablet=\u00a0\u00bb24px\u00a0\u00bb header_2_font_size_phone=\u00a0\u00bb24px\u00a0\u00bb header_2_font_size_last_edited=\u00a0\u00bbon|tablet\u00a0\u00bb locked=\u00a0\u00bboff\u00a0\u00bb global_colors_info=\u00a0\u00bb{}\u00a0\u00bb]<\/p>\n<h2>TRAVAILLER AVEC DB<\/h2>\n<h3 style=\"text-align: left;\">SOUHAITEZ-VOUS REJOINDRE NOS EFFECTIFS OU DEVENIR NOTRE REVENDEUR AGR\u00c9\u00c9?<\/h3>\n<p>[\/et_pb_text][et_pb_text _builder_version=\u00a0\u00bb4.17.4&Prime; _module_preset=\u00a0\u00bbdefault\u00a0\u00bb text_font=\u00a0\u00bbRoboto||||||||\u00a0\u00bb header_3_font=\u00a0\u00bb||||||||\u00a0\u00bb custom_padding=\u00a0\u00bb||8px|||\u00a0\u00bb header_font_size_tablet=\u00a0\u00bb20px\u00a0\u00bb header_font_size_phone=\u00a0\u00bb20px\u00a0\u00bb header_font_size_last_edited=\u00a0\u00bbon|phone\u00a0\u00bb header_2_font_size_tablet=\u00a0\u00bb24px\u00a0\u00bb header_2_font_size_phone=\u00a0\u00bb24px\u00a0\u00bb header_2_font_size_last_edited=\u00a0\u00bbon|tablet\u00a0\u00bb locked=\u00a0\u00bboff\u00a0\u00bb global_colors_info=\u00a0\u00bb{}\u00a0\u00bb]<\/p>\n<p class=\"p1\">Si DB est r\u00e9put\u00e9e dans le monde entier pour la qualit\u00e9 et l&rsquo;efficacit\u00e9 de ses produits, c&rsquo;est certainement gr\u00e2ce \u00e0 la passion de ses employ\u00e9s. En effet, notre entreprise accorde la plus grande attention au d\u00e9veloppement professionnel de chacun et offre un environnement de travail stimulant et enrichissant dans lequel le travail d&rsquo;\u00e9quipe est encourag\u00e9. DB recherche des personnes pr\u00eates \u00e0 relever de nouveaux d\u00e9fis et, gr\u00e2ce \u00e0 la richesse de leurs comp\u00e9tences et exp\u00e9riences, \u00e0 faire la diff\u00e9rence au quotidien.<\/p>\n<p><em><strong>Il n&rsquo;y a actuellement aucun poste vacant, mais si vous souhaitez \u00eatre inform\u00e9 des prochaines offres d&#8217;emploi, inscrivez-vous \u00e0 notre newsletter.<\/strong><\/em><\/p>\n<p>[\/et_pb_text][et_pb_text _builder_version=\u00a0\u00bb4.17.4&Prime; _module_preset=\u00a0\u00bbdefault\u00a0\u00bb header_3_font=\u00a0\u00bbRoboto Condensed|700|||||||\u00a0\u00bb header_3_text_color=\u00a0\u00bb#4b9cd3&Prime; header_3_font_size=\u00a0\u00bb23px\u00a0\u00bb custom_padding=\u00a0\u00bb11px|||||\u00a0\u00bb global_colors_info=\u00a0\u00bb{}\u00a0\u00bb]<\/p>\n<h3>SOUHAITEZ-VOUS REJOINDRE NOS EFFECTIFS?<\/h3>\n<p class=\"p1\">Envoyez-nous votre CV. Nous \u00e9valuerons soigneusement votre candidature et vous serez contact\u00e9 si votre profil correspond \u00e0 l&rsquo;un de nos postes ouverts.<\/p>\n<p>[\/et_pb_text][et_pb_text _builder_version=\u00a0\u00bb4.17.4&Prime; _module_preset=\u00a0\u00bbdefault\u00a0\u00bb header_3_font=\u00a0\u00bbRoboto Condensed|700|||||||\u00a0\u00bb header_3_text_color=\u00a0\u00bb#4b9cd3&Prime; header_3_font_size=\u00a0\u00bb23px\u00a0\u00bb global_colors_info=\u00a0\u00bb{}\u00a0\u00bb]<\/p>\n<h3>VOUS \u00caTES UN REVENDEUR ET VOUS SOUHAITEZ DISTRIBUER OFFICIELLEMENT NOS PRODUITS?<\/h3>\n<p class=\"p1\">Remplissez le formulaire pour proposer votre entreprise et devenir un distributeur agr\u00e9\u00e9 des produits DB.<\/p>\n<p>[\/et_pb_text][\/et_pb_column][et_pb_column type=\u00a0\u00bb3_5&Prime; _builder_version=\u00a0\u00bb4.16&Prime; _module_preset=\u00a0\u00bbdefault\u00a0\u00bb global_colors_info=\u00a0\u00bb{}\u00a0\u00bb][et_pb_code _builder_version=\u00a0\u00bb4.24.3&Prime; _module_preset=\u00a0\u00bbdefault\u00a0\u00bb hover_enabled=\u00a0\u00bb0&Prime; global_colors_info=\u00a0\u00bb{}\u00a0\u00bb sticky_enabled=\u00a0\u00bb0&Prime;]<iframe frameborder=\"0\" style=\"height:2200px;width:99%;border:none;\" src='https:\/\/forms.zohopublic.com\/dbgestsrl\/form\/FORMULAIREDEDEMANDE\/formperma\/aUUIzKyhvpCMRJ2MgXfZySynCAJQXHhevqjme6JFdX8'><\/iframe>[\/et_pb_code][\/et_pb_column][\/et_pb_row][\/et_pb_section]<\/p>\n","protected":false},"excerpt":{"rendered":"<p>TRAVAILLER AVEC NOUSPASSION, ENGAGEMENT, PROFESSIONNALISME!TRAVAILLER AVEC DB SOUHAITEZ-VOUS REJOINDRE NOS EFFECTIFS OU DEVENIR NOTRE REVENDEUR AGR\u00c9\u00c9?Si DB est r\u00e9put\u00e9e dans le monde entier pour la qualit\u00e9 et l&rsquo;efficacit\u00e9 de ses produits, c&rsquo;est certainement gr\u00e2ce \u00e0 la passion de ses employ\u00e9s. En effet, notre entreprise accorde la plus grande attention au d\u00e9veloppement professionnel de chacun et [&hellip;]<\/p>\n","protected":false},"author":2,"featured_media":0,"parent":0,"menu_order":0,"comment_status":"closed","ping_status":"closed","template":"","meta":{"_et_pb_use_builder":"on","_et_pb_old_content":"","_et_gb_content_width":"","footnotes":""},"class_list":["post-8815","page","type-page","status-publish","hentry"],"yoast_head":"<!-- This site is optimized with the Yoast SEO plugin v26.4 - https:\/\/yoast.com\/wordpress\/plugins\/seo\/ -->\n<title>Travailler avec nous - DB Broadcasting<\/title>\n<meta name=\"description\" content=\"Passion, commitment, professionalism. Do you want to join us or become our distributor? Visit this page and work with us!\" \/>\n<meta name=\"robots\" content=\"noindex, nofollow\" \/>\n<meta property=\"og:locale\" content=\"fr_FR\" \/>\n<meta property=\"og:type\" content=\"article\" \/>\n<meta property=\"og:title\" content=\"Travailler avec nous - DB Broadcasting\" \/>\n<meta property=\"og:description\" content=\"Passion, commitment, professionalism. Do you want to join us or become our distributor? Visit this page and work with us!\" \/>\n<meta property=\"og:url\" content=\"https:\/\/www.dbbroadcast.com\/fr\/travaillers-avec-nous\/\" \/>\n<meta property=\"og:site_name\" content=\"DB Broadcasting\" \/>\n<meta property=\"article:modified_time\" content=\"2024-07-10T10:18:40+00:00\" \/>\n<meta name=\"twitter:card\" content=\"summary_large_image\" \/>\n<meta name=\"twitter:label1\" content=\"Dur\u00e9e de lecture estim\u00e9e\" \/>\n\t<meta name=\"twitter:data1\" content=\"1 minute\" \/>\n<script type=\"application\/ld+json\" class=\"yoast-schema-graph\">{\"@context\":\"https:\/\/schema.org\",\"@graph\":[{\"@type\":\"WebPage\",\"@id\":\"https:\/\/www.dbbroadcast.com\/fr\/travaillers-avec-nous\/\",\"url\":\"https:\/\/www.dbbroadcast.com\/fr\/travaillers-avec-nous\/\",\"name\":\"Travailler avec nous - DB Broadcasting\",\"isPartOf\":{\"@id\":\"https:\/\/www.dbbroadcast.com\/fr\/#website\"},\"datePublished\":\"2021-08-28T06:20:30+00:00\",\"dateModified\":\"2024-07-10T10:18:40+00:00\",\"description\":\"Passion, commitment, professionalism. Do you want to join us or become our distributor? Visit this page and work with us!\",\"breadcrumb\":{\"@id\":\"https:\/\/www.dbbroadcast.com\/fr\/travaillers-avec-nous\/#breadcrumb\"},\"inLanguage\":\"fr-FR\",\"potentialAction\":[{\"@type\":\"ReadAction\",\"target\":[\"https:\/\/www.dbbroadcast.com\/fr\/travaillers-avec-nous\/\"]}]},{\"@type\":\"BreadcrumbList\",\"@id\":\"https:\/\/www.dbbroadcast.com\/fr\/travaillers-avec-nous\/#breadcrumb\",\"itemListElement\":[{\"@type\":\"ListItem\",\"position\":1,\"name\":\"Home\",\"item\":\"https:\/\/www.dbbroadcast.com\/fr\/\"},{\"@type\":\"ListItem\",\"position\":2,\"name\":\"Travailler avec nous\"}]},{\"@type\":\"WebSite\",\"@id\":\"https:\/\/www.dbbroadcast.com\/fr\/#website\",\"url\":\"https:\/\/www.dbbroadcast.com\/fr\/\",\"name\":\"DB Broadcast\",\"description\":\"Broadcasting Equipment\",\"potentialAction\":[{\"@type\":\"SearchAction\",\"target\":{\"@type\":\"EntryPoint\",\"urlTemplate\":\"https:\/\/www.dbbroadcast.com\/fr\/?s={search_term_string}\"},\"query-input\":{\"@type\":\"PropertyValueSpecification\",\"valueRequired\":true,\"valueName\":\"search_term_string\"}}],\"inLanguage\":\"fr-FR\"}]}<\/script>\n<!-- \/ Yoast SEO plugin. -->","yoast_head_json":{"title":"Travailler avec nous - DB Broadcasting","description":"Passion, commitment, professionalism. Do you want to join us or become our distributor? Visit this page and work with us!","robots":{"index":"noindex","follow":"nofollow"},"og_locale":"fr_FR","og_type":"article","og_title":"Travailler avec nous - DB Broadcasting","og_description":"Passion, commitment, professionalism. Do you want to join us or become our distributor? Visit this page and work with us!","og_url":"https:\/\/www.dbbroadcast.com\/fr\/travaillers-avec-nous\/","og_site_name":"DB Broadcasting","article_modified_time":"2024-07-10T10:18:40+00:00","twitter_card":"summary_large_image","twitter_misc":{"Dur\u00e9e de lecture estim\u00e9e":"1 minute"},"schema":{"@context":"https:\/\/schema.org","@graph":[{"@type":"WebPage","@id":"https:\/\/www.dbbroadcast.com\/fr\/travaillers-avec-nous\/","url":"https:\/\/www.dbbroadcast.com\/fr\/travaillers-avec-nous\/","name":"Travailler avec nous - DB Broadcasting","isPartOf":{"@id":"https:\/\/www.dbbroadcast.com\/fr\/#website"},"datePublished":"2021-08-28T06:20:30+00:00","dateModified":"2024-07-10T10:18:40+00:00","description":"Passion, commitment, professionalism. Do you want to join us or become our distributor? Visit this page and work with us!","breadcrumb":{"@id":"https:\/\/www.dbbroadcast.com\/fr\/travaillers-avec-nous\/#breadcrumb"},"inLanguage":"fr-FR","potentialAction":[{"@type":"ReadAction","target":["https:\/\/www.dbbroadcast.com\/fr\/travaillers-avec-nous\/"]}]},{"@type":"BreadcrumbList","@id":"https:\/\/www.dbbroadcast.com\/fr\/travaillers-avec-nous\/#breadcrumb","itemListElement":[{"@type":"ListItem","position":1,"name":"Home","item":"https:\/\/www.dbbroadcast.com\/fr\/"},{"@type":"ListItem","position":2,"name":"Travailler avec nous"}]},{"@type":"WebSite","@id":"https:\/\/www.dbbroadcast.com\/fr\/#website","url":"https:\/\/www.dbbroadcast.com\/fr\/","name":"DB Broadcast","description":"Broadcasting Equipment","potentialAction":[{"@type":"SearchAction","target":{"@type":"EntryPoint","urlTemplate":"https:\/\/www.dbbroadcast.com\/fr\/?s={search_term_string}"},"query-input":{"@type":"PropertyValueSpecification","valueRequired":true,"valueName":"search_term_string"}}],"inLanguage":"fr-FR"}]}},"rttpg_featured_image_url":null,"rttpg_author":{"display_name":"alessia","author_link":"https:\/\/www.dbbroadcast.com\/fr\/author\/alessia\/"},"rttpg_comment":0,"rttpg_category":" <a href=\"https:\/\/www.dbbroadcast.com\/fr\/?taxonomy=translation_priority&#038;term=facultatif\" rel=\"tag\">Facultatif<\/a>","rttpg_excerpt":null,"_links":{"self":[{"href":"https:\/\/www.dbbroadcast.com\/fr\/wp-json\/wp\/v2\/pages\/8815","targetHints":{"allow":["GET"]}}],"collection":[{"href":"https:\/\/www.dbbroadcast.com\/fr\/wp-json\/wp\/v2\/pages"}],"about":[{"href":"https:\/\/www.dbbroadcast.com\/fr\/wp-json\/wp\/v2\/types\/page"}],"author":[{"embeddable":true,"href":"https:\/\/www.dbbroadcast.com\/fr\/wp-json\/wp\/v2\/users\/2"}],"replies":[{"embeddable":true,"href":"https:\/\/www.dbbroadcast.com\/fr\/wp-json\/wp\/v2\/comments?post=8815"}],"version-history":[{"count":3,"href":"https:\/\/www.dbbroadcast.com\/fr\/wp-json\/wp\/v2\/pages\/8815\/revisions"}],"predecessor-version":[{"id":15076,"href":"https:\/\/www.dbbroadcast.com\/fr\/wp-json\/wp\/v2\/pages\/8815\/revisions\/15076"}],"wp:attachment":[{"href":"https:\/\/www.dbbroadcast.com\/fr\/wp-json\/wp\/v2\/media?parent=8815"}],"curies":[{"name":"wp","href":"https:\/\/api.w.org\/{rel}","templated":true}]}}