{"id":15381,"date":"2024-09-06T08:56:44","date_gmt":"2024-09-06T08:56:44","guid":{"rendered":"https:\/\/www.dbbroadcast.com\/?page_id=15381"},"modified":"2024-09-06T09:02:08","modified_gmt":"2024-09-06T09:02:08","slug":"politica-di-responsabilita-sociale","status":"publish","type":"page","link":"https:\/\/www.dbbroadcast.com\/it\/politica-di-responsabilita-sociale\/","title":{"rendered":"Politica di responsabilit\u00e0 sociale"},"content":{"rendered":"<p>[et_pb_section fb_built=&#8221;1&#8243; admin_label=&#8221;Hero Section&#8221; _builder_version=&#8221;4.24.0&#8243; use_background_color_gradient=&#8221;on&#8221; background_color_gradient_direction=&#8221;150deg&#8221; background_color_gradient_stops=&#8221;#000000 0%|rgba(0,0,0,0.4) 100%&#8221; background_color_gradient_overlays_image=&#8221;on&#8221; background_color_gradient_start=&#8221;#000000&#8243; background_color_gradient_end=&#8221;rgba(0,0,0,0.4)&#8221; background_image=&#8221;https:\/\/www.dbbroadcast.com\/wp-content\/uploads\/2024\/09\/bg-resp6.jpg&#8221; custom_padding=&#8221;10%||10%||true|false&#8221; locked=&#8221;off&#8221; global_colors_info=&#8221;{}&#8221;][et_pb_row _builder_version=&#8221;4.16&#8243; width_tablet=&#8221;&#8221; width_phone=&#8221;&#8221; width_last_edited=&#8221;on|desktop&#8221; global_colors_info=&#8221;{}&#8221;][et_pb_column type=&#8221;4_4&#8243; _builder_version=&#8221;4.16&#8243; custom_padding=&#8221;|||&#8221; global_colors_info=&#8221;{}&#8221; custom_padding__hover=&#8221;|||&#8221;][et_pb_text _builder_version=&#8221;4.24.0&#8243; _module_preset=&#8221;default&#8221; text_font=&#8221;Roboto||||||||&#8221; header_font_size=&#8221;34px&#8221; text_orientation=&#8221;center&#8221; background_layout=&#8221;dark&#8221; header_font_size_tablet=&#8221;28px&#8221; header_font_size_phone=&#8221;28px&#8221; header_font_size_last_edited=&#8221;on|phone&#8221; global_colors_info=&#8221;{}&#8221;]<\/p>\n<h1>RESPONSABILITA\u2019 SOCIALE<\/h1>\n<p>[\/et_pb_text][\/et_pb_column][\/et_pb_row][\/et_pb_section][et_pb_section fb_built=&#8221;1&#8243; _builder_version=&#8221;4.16&#8243; _module_preset=&#8221;default&#8221; background_enable_color=&#8221;off&#8221; locked=&#8221;off&#8221; collapsed=&#8221;off&#8221; global_colors_info=&#8221;{}&#8221;][et_pb_row column_structure=&#8221;3_5,2_5&#8243; make_equal=&#8221;on&#8221; _builder_version=&#8221;4.17.4&#8243; _module_preset=&#8221;default&#8221; width_tablet=&#8221;&#8221; width_phone=&#8221;&#8221; width_last_edited=&#8221;on|desktop&#8221; global_colors_info=&#8221;{}&#8221;][et_pb_column type=&#8221;3_5&#8243; module_class=&#8221;iq-centra-verticale&#8221; _builder_version=&#8221;4.16&#8243; _module_preset=&#8221;default&#8221; background_color=&#8221;RGBA(255,255,255,0)&#8221; global_colors_info=&#8221;{}&#8221;][et_pb_text _builder_version=&#8221;4.24.0&#8243; _module_preset=&#8221;default&#8221; text_font=&#8221;Roboto||||||||&#8221; header_3_font=&#8221;||||||||&#8221; custom_padding=&#8221;||8px|||&#8221; header_font_size_tablet=&#8221;20px&#8221; header_font_size_phone=&#8221;20px&#8221; header_font_size_last_edited=&#8221;on|phone&#8221; header_2_font_size_tablet=&#8221;24px&#8221; header_2_font_size_phone=&#8221;24px&#8221; header_2_font_size_last_edited=&#8221;on|tablet&#8221; global_colors_info=&#8221;{}&#8221;]<\/p>\n<h2>DB Elettronica Telecomunicazioni S.p.A.<\/h2>\n<h4 style=\"text-align: left;\">consapevole del proprio ruolo e delle proprie responsabilit\u00e0 nell\u2019ambito della comunit\u00e0 economica e sociale, vuole caratterizzarsi come operatore eccellente per quanto riguarda la Responsabilit\u00e0 Sociale.<\/h4>\n<p>[\/et_pb_text][\/et_pb_column][et_pb_column type=&#8221;2_5&#8243; _builder_version=&#8221;4.16&#8243; _module_preset=&#8221;default&#8221; global_colors_info=&#8221;{}&#8221;][et_pb_gallery gallery_ids=&#8221;15291&#8243; fullwidth=&#8221;on&#8221; _builder_version=&#8221;4.24.0&#8243; _module_preset=&#8221;default&#8221; dbdb_version=&#8221;4.6.2&#8243; global_colors_info=&#8221;{}&#8221;][\/et_pb_gallery][\/et_pb_column][\/et_pb_row][\/et_pb_section][et_pb_section fb_built=&#8221;1&#8243; _builder_version=&#8221;4.16&#8243; _module_preset=&#8221;default&#8221; background_color=&#8221;#f7f7f7&#8243; locked=&#8221;off&#8221; global_colors_info=&#8221;{}&#8221;][et_pb_row column_structure=&#8221;1_2,1_2&#8243; use_custom_gutter=&#8221;on&#8221; gutter_width=&#8221;2&#8243; make_equal=&#8221;on&#8221; _builder_version=&#8221;4.16&#8243; _module_preset=&#8221;default&#8221; width_tablet=&#8221;80%&#8221; width_phone=&#8221;80%&#8221; width_last_edited=&#8221;on|tablet&#8221; global_colors_info=&#8221;{}&#8221;][et_pb_column type=&#8221;1_2&#8243; _builder_version=&#8221;4.16&#8243; _module_preset=&#8221;default&#8221; custom_padding_tablet=&#8221;0%|0%|0%||true|false&#8221; custom_padding_phone=&#8221;0%|0%|0%||true|false&#8221; custom_padding_last_edited=&#8221;on|phone&#8221; global_colors_info=&#8221;{}&#8221;][et_pb_text _builder_version=&#8221;4.24.0&#8243; _module_preset=&#8221;default&#8221; custom_css_free_form=&#8221;selector li {||  padding-bottom:20px;||}&#8221; global_colors_info=&#8221;{}&#8221;]<\/p>\n<p>Ci\u00f2 significa, per <strong>DB Elettronica Telecomunicazioni S.p.A.<\/strong>:<\/p>\n<p>&nbsp;<\/p>\n<ul>\n<li>considerare i propri dipendenti come una risorsa strategica, garantendo il rispetto dei loro diritti e promuovendone lo sviluppo professionale e personale<\/li>\n<li>considerare i propri fornitori come partner, non solo per la realizzazione delle attivit\u00e0, ma anche per quanto concerne la responsabilit\u00e0 sociale<\/li>\n<li>considerare i propri clienti come elemento fondamentale del successo, lavorando per la loro soddisfazione anche riguardo alle regole di responsabilit\u00e0 sociale.<\/li>\n<\/ul>\n<p>[\/et_pb_text][\/et_pb_column][et_pb_column type=&#8221;1_2&#8243; _builder_version=&#8221;4.16&#8243; _module_preset=&#8221;default&#8221; global_colors_info=&#8221;{}&#8221;][et_pb_text _builder_version=&#8221;4.24.0&#8243; _module_preset=&#8221;default&#8221; custom_css_free_form=&#8221;selector li {||  padding-bottom:20px;||}&#8221; global_colors_info=&#8221;{}&#8221;]<\/p>\n<p>A tal fine, \u00e8 un impegno formale di <strong>DB Elettronica Telecomunicazioni S.p.A.<\/strong>quello di:<\/p>\n<ul>\n<li>uniformarsi a tutti i requisiti posti dalla NORMA SA 8000<\/li>\n<li>conformarsi alle Leggi nazionali, a tutte le altre Leggi applicabili e agli altri requisiti ai quali <strong>DB Elettronica Telecomunicazioni S.p.A.<\/strong> aderisce, nonch\u00e9 ad ottemperare alle disposizioni contenute nei documenti ufficiali internazionali ed alle loro interpretazioni<\/li>\n<li>garantire il costante monitoraggio e miglioramento del proprio Sistema di Gestione per la Responsabilit\u00e0 Sociale, definendo \u2013 nell\u2019ambito delle riunioni di Riesame della Direzione \u2013 obiettivi specifici di miglioramento e verificandone il raggiungimento.<\/li>\n<\/ul>\n<p>\u200b<\/p>\n<p>[\/et_pb_text][\/et_pb_column][\/et_pb_row][et_pb_row _builder_version=&#8221;4.16&#8243; _module_preset=&#8221;default&#8221; global_colors_info=&#8221;{}&#8221;][et_pb_column type=&#8221;4_4&#8243; _builder_version=&#8221;4.16&#8243; _module_preset=&#8221;default&#8221; global_colors_info=&#8221;{}&#8221;][et_pb_text _builder_version=&#8221;4.24.0&#8243; _module_preset=&#8221;default&#8221; custom_css_free_form=&#8221;selector li {||  padding-bottom:20px;||}&#8221; global_colors_info=&#8221;{}&#8221;]<\/p>\n<p>Scarica il file relativo alla nostra <strong>politica di responsabilit\u00e0 sociale<\/strong>:<\/p>\n<p>[\/et_pb_text][et_pb_button button_url=&#8221;https:\/\/www.dbbroadcast.com\/wp-content\/uploads\/2024\/09\/Politica_Responsabilita_Sociale_2024_R1.1.pdf&#8221; button_text=&#8221;DOWNLOAD CSR POLICY&#8221; _builder_version=&#8221;4.27.0&#8243; _module_preset=&#8221;default&#8221; custom_button=&#8221;on&#8221; button_text_size=&#8221;20px&#8221; button_font=&#8221;|||on|||||&#8221; button_icon=&#8221;&#x68;||divi||400&#8243; button_icon_placement=&#8221;left&#8221; button_on_hover=&#8221;off&#8221; background_layout=&#8221;dark&#8221; animation_style=&#8221;fade&#8221; animation_duration=&#8221;550ms&#8221; hover_enabled=&#8221;0&#8243; custom_css_free_form=&#8221;selector:hover {||  background: #313131 !important;||  color: #4b9cd3 !important;||}&#8221; global_colors_info=&#8221;{}&#8221; sticky_enabled=&#8221;0&#8243;][\/et_pb_button][\/et_pb_column][\/et_pb_row][\/et_pb_section][et_pb_section fb_built=&#8221;1&#8243; disabled_on=&#8221;off|off|off&#8221; admin_label=&#8221;Sezione &#8211; contatti&#8221; _builder_version=&#8221;4.16&#8243; _module_preset=&#8221;default&#8221; background_color=&#8221;#4b9cd3&#8243; custom_margin=&#8221;0px||0px||false|false&#8221; custom_padding=&#8221;0px||0px||false|false&#8221; global_module=&#8221;10278&#8243; saved_tabs=&#8221;all&#8221; locked=&#8221;off&#8221; global_colors_info=&#8221;{}&#8221;][et_pb_row column_structure=&#8221;3_4,1_4&#8243; make_equal=&#8221;on&#8221; _builder_version=&#8221;4.17.4&#8243; _module_preset=&#8221;default&#8221; width=&#8221;85%&#8221; width_tablet=&#8221;85%&#8221; width_phone=&#8221;&#8221; width_last_edited=&#8221;on|desktop&#8221; max_width_tablet=&#8221;&#8221; max_width_phone=&#8221;&#8221; max_width_last_edited=&#8221;on|tablet&#8221; global_colors_info=&#8221;{}&#8221;][et_pb_column type=&#8221;3_4&#8243; module_class=&#8221;iq-centra-verticale&#8221; _builder_version=&#8221;4.16&#8243; _module_preset=&#8221;default&#8221; global_colors_info=&#8221;{}&#8221;][et_pb_text _builder_version=&#8221;4.17.6&#8243; _module_preset=&#8221;default&#8221; text_font=&#8221;Roboto|700||on|||||&#8221; text_font_size=&#8221;25px&#8221; text_line_height=&#8221;1.2em&#8221; header_2_font=&#8221;Roboto|||on|||||&#8221; header_2_line_height=&#8221;1.2em&#8221; header_3_font=&#8221;Roboto|500||on|||||&#8221; header_3_text_align=&#8221;left&#8221; header_3_font_size=&#8221;25px&#8221; header_3_line_height=&#8221;1.2em&#8221; header_5_font=&#8221;Roboto|||on|||||&#8221; header_5_text_color=&#8221;#4b9cd3&#8243; text_orientation=&#8221;center&#8221; background_layout=&#8221;dark&#8221; text_font_size_tablet=&#8221;22px&#8221; text_font_size_phone=&#8221;&#8221; text_font_size_last_edited=&#8221;on|phone&#8221; header_3_text_align_tablet=&#8221;center&#8221; header_3_text_align_phone=&#8221;&#8221; header_3_text_align_last_edited=&#8221;on|phone&#8221; header_3_font_size_tablet=&#8221;&#8221; header_3_font_size_phone=&#8221;20px&#8221; header_3_font_size_last_edited=&#8221;on|phone&#8221; text_orientation_tablet=&#8221;center&#8221; text_orientation_phone=&#8221;&#8221; text_orientation_last_edited=&#8221;on|phone&#8221; locked=&#8221;off&#8221; global_colors_info=&#8221;{}&#8221;]<\/p>\n<p class=\"p1\"><strong>Non esitare a contattarci per qualsiasi tipo di assistenza necessaria<\/strong><\/p>\n<p>[\/et_pb_text][\/et_pb_column][et_pb_column type=&#8221;1_4&#8243; _builder_version=&#8221;4.16&#8243; _module_preset=&#8221;default&#8221; global_colors_info=&#8221;{}&#8221;][et_pb_button button_url=&#8221;https:\/\/www.dbbroadcast.com\/it\/contatti\/&#8221; button_text=&#8221;Contatti&#8221; button_alignment=&#8221;center&#8221; admin_label=&#8221;Button contact&#8221; _builder_version=&#8221;4.17.6&#8243; _module_preset=&#8221;default&#8221; custom_button=&#8221;on&#8221; button_text_size=&#8221;14px&#8221; button_text_color=&#8221;#FFFFFF&#8221; button_bg_color=&#8221;#000000&#8243; button_border_width=&#8221;0px&#8221; button_border_radius=&#8221;100px&#8221; button_letter_spacing=&#8221;1px&#8221; button_font=&#8221;Roboto|||on|||||&#8221; button_icon=&#8221;&#x45;||divi||400&#8243; button_icon_color=&#8221;#4b9cd3&#8243; custom_padding=&#8221;8%|10%|8%|10%|true|true&#8221; custom_padding_tablet=&#8221;4%|8%|4%|8%|true|true&#8221; custom_padding_phone=&#8221;6%|10%|6%|10%|true|true&#8221; custom_padding_last_edited=&#8221;on|phone&#8221; locked=&#8221;off&#8221; global_colors_info=&#8221;{}&#8221; button_text_color__hover=&#8221;#000000&#8243; button_text_color__hover_enabled=&#8221;on|hover&#8221; button_bg_color__hover_enabled=&#8221;on|hover&#8221; button_bg_color__hover=&#8221;#FFFFFF&#8221; button_bg_enable_color__hover=&#8221;on&#8221; button_icon_color__hover_enabled=&#8221;on|hover&#8221; button_icon_color__hover=&#8221;#4b9cd3&#8243;][\/et_pb_button][\/et_pb_column][\/et_pb_row][\/et_pb_section]<\/p>\n","protected":false},"excerpt":{"rendered":"<p>RESPONSABILITA\u2019 SOCIALEDB Elettronica Telecomunicazioni S.p.A. consapevole del proprio ruolo e delle proprie responsabilit\u00e0 nell\u2019ambito della comunit\u00e0 economica e sociale, vuole caratterizzarsi come operatore eccellente per quanto riguarda la Responsabilit\u00e0 Sociale.Ci\u00f2 significa, per DB Elettronica Telecomunicazioni S.p.A.: &nbsp; considerare i propri dipendenti come una risorsa strategica, garantendo il rispetto dei loro diritti e promuovendone lo sviluppo [&hellip;]<\/p>\n","protected":false},"author":8,"featured_media":0,"parent":0,"menu_order":0,"comment_status":"closed","ping_status":"closed","template":"","meta":{"_et_pb_use_builder":"on","_et_pb_old_content":"","_et_gb_content_width":"","footnotes":""},"class_list":["post-15381","page","type-page","status-publish","hentry"],"yoast_head":"<!-- This site is optimized with the Yoast SEO plugin v26.4 - https:\/\/yoast.com\/wordpress\/plugins\/seo\/ -->\n<title>Politica di responsabilit\u00e0 sociale - DB Broadcasting<\/title>\n<meta name=\"description\" content=\"In BD Broadcast we recognize the importance of social values and initiatives. Discover our commitment to making the world a better place.\" \/>\n<meta name=\"robots\" content=\"noindex, nofollow\" \/>\n<meta property=\"og:locale\" content=\"it_IT\" \/>\n<meta property=\"og:type\" content=\"article\" \/>\n<meta property=\"og:title\" content=\"Politica di responsabilit\u00e0 sociale - DB Broadcasting\" \/>\n<meta property=\"og:description\" content=\"In BD Broadcast we recognize the importance of social values and initiatives. Discover our commitment to making the world a better place.\" \/>\n<meta property=\"og:url\" content=\"https:\/\/www.dbbroadcast.com\/it\/politica-di-responsabilita-sociale\/\" \/>\n<meta property=\"og:site_name\" content=\"DB Broadcasting\" \/>\n<meta property=\"article:modified_time\" content=\"2024-09-06T09:02:08+00:00\" \/>\n<meta name=\"twitter:card\" content=\"summary_large_image\" \/>\n<meta name=\"twitter:label1\" content=\"Tempo di lettura stimato\" \/>\n\t<meta name=\"twitter:data1\" content=\"2 minuti\" \/>\n<script type=\"application\/ld+json\" class=\"yoast-schema-graph\">{\"@context\":\"https:\/\/schema.org\",\"@graph\":[{\"@type\":\"WebPage\",\"@id\":\"https:\/\/www.dbbroadcast.com\/it\/politica-di-responsabilita-sociale\/\",\"url\":\"https:\/\/www.dbbroadcast.com\/it\/politica-di-responsabilita-sociale\/\",\"name\":\"Politica di responsabilit\u00e0 sociale - DB Broadcasting\",\"isPartOf\":{\"@id\":\"https:\/\/www.dbbroadcast.com\/it\/#website\"},\"datePublished\":\"2024-09-06T08:56:44+00:00\",\"dateModified\":\"2024-09-06T09:02:08+00:00\",\"description\":\"In BD Broadcast we recognize the importance of social values and initiatives. Discover our commitment to making the world a better place.\",\"breadcrumb\":{\"@id\":\"https:\/\/www.dbbroadcast.com\/it\/politica-di-responsabilita-sociale\/#breadcrumb\"},\"inLanguage\":\"it-IT\",\"potentialAction\":[{\"@type\":\"ReadAction\",\"target\":[\"https:\/\/www.dbbroadcast.com\/it\/politica-di-responsabilita-sociale\/\"]}]},{\"@type\":\"BreadcrumbList\",\"@id\":\"https:\/\/www.dbbroadcast.com\/it\/politica-di-responsabilita-sociale\/#breadcrumb\",\"itemListElement\":[{\"@type\":\"ListItem\",\"position\":1,\"name\":\"Home\",\"item\":\"https:\/\/www.dbbroadcast.com\/it\/\"},{\"@type\":\"ListItem\",\"position\":2,\"name\":\"Politica di responsabilit\u00e0 sociale\"}]},{\"@type\":\"WebSite\",\"@id\":\"https:\/\/www.dbbroadcast.com\/it\/#website\",\"url\":\"https:\/\/www.dbbroadcast.com\/it\/\",\"name\":\"DB Broadcast\",\"description\":\"Broadcasting Equipment\",\"potentialAction\":[{\"@type\":\"SearchAction\",\"target\":{\"@type\":\"EntryPoint\",\"urlTemplate\":\"https:\/\/www.dbbroadcast.com\/it\/?s={search_term_string}\"},\"query-input\":{\"@type\":\"PropertyValueSpecification\",\"valueRequired\":true,\"valueName\":\"search_term_string\"}}],\"inLanguage\":\"it-IT\"}]}<\/script>\n<!-- \/ Yoast SEO plugin. -->","yoast_head_json":{"title":"Politica di responsabilit\u00e0 sociale - DB Broadcasting","description":"In BD Broadcast we recognize the importance of social values and initiatives. Discover our commitment to making the world a better place.","robots":{"index":"noindex","follow":"nofollow"},"og_locale":"it_IT","og_type":"article","og_title":"Politica di responsabilit\u00e0 sociale - DB Broadcasting","og_description":"In BD Broadcast we recognize the importance of social values and initiatives. Discover our commitment to making the world a better place.","og_url":"https:\/\/www.dbbroadcast.com\/it\/politica-di-responsabilita-sociale\/","og_site_name":"DB Broadcasting","article_modified_time":"2024-09-06T09:02:08+00:00","twitter_card":"summary_large_image","twitter_misc":{"Tempo di lettura stimato":"2 minuti"},"schema":{"@context":"https:\/\/schema.org","@graph":[{"@type":"WebPage","@id":"https:\/\/www.dbbroadcast.com\/it\/politica-di-responsabilita-sociale\/","url":"https:\/\/www.dbbroadcast.com\/it\/politica-di-responsabilita-sociale\/","name":"Politica di responsabilit\u00e0 sociale - DB Broadcasting","isPartOf":{"@id":"https:\/\/www.dbbroadcast.com\/it\/#website"},"datePublished":"2024-09-06T08:56:44+00:00","dateModified":"2024-09-06T09:02:08+00:00","description":"In BD Broadcast we recognize the importance of social values and initiatives. Discover our commitment to making the world a better place.","breadcrumb":{"@id":"https:\/\/www.dbbroadcast.com\/it\/politica-di-responsabilita-sociale\/#breadcrumb"},"inLanguage":"it-IT","potentialAction":[{"@type":"ReadAction","target":["https:\/\/www.dbbroadcast.com\/it\/politica-di-responsabilita-sociale\/"]}]},{"@type":"BreadcrumbList","@id":"https:\/\/www.dbbroadcast.com\/it\/politica-di-responsabilita-sociale\/#breadcrumb","itemListElement":[{"@type":"ListItem","position":1,"name":"Home","item":"https:\/\/www.dbbroadcast.com\/it\/"},{"@type":"ListItem","position":2,"name":"Politica di responsabilit\u00e0 sociale"}]},{"@type":"WebSite","@id":"https:\/\/www.dbbroadcast.com\/it\/#website","url":"https:\/\/www.dbbroadcast.com\/it\/","name":"DB Broadcast","description":"Broadcasting Equipment","potentialAction":[{"@type":"SearchAction","target":{"@type":"EntryPoint","urlTemplate":"https:\/\/www.dbbroadcast.com\/it\/?s={search_term_string}"},"query-input":{"@type":"PropertyValueSpecification","valueRequired":true,"valueName":"search_term_string"}}],"inLanguage":"it-IT"}]}},"rttpg_featured_image_url":null,"rttpg_author":{"display_name":"linkness","author_link":"https:\/\/www.dbbroadcast.com\/it\/author\/linkness\/"},"rttpg_comment":0,"rttpg_category":" <a href=\"https:\/\/www.dbbroadcast.com\/it\/?taxonomy=translation_priority&#038;term=opzionale\" rel=\"tag\">Opzionale<\/a>","rttpg_excerpt":null,"_links":{"self":[{"href":"https:\/\/www.dbbroadcast.com\/it\/wp-json\/wp\/v2\/pages\/15381","targetHints":{"allow":["GET"]}}],"collection":[{"href":"https:\/\/www.dbbroadcast.com\/it\/wp-json\/wp\/v2\/pages"}],"about":[{"href":"https:\/\/www.dbbroadcast.com\/it\/wp-json\/wp\/v2\/types\/page"}],"author":[{"embeddable":true,"href":"https:\/\/www.dbbroadcast.com\/it\/wp-json\/wp\/v2\/users\/8"}],"replies":[{"embeddable":true,"href":"https:\/\/www.dbbroadcast.com\/it\/wp-json\/wp\/v2\/comments?post=15381"}],"version-history":[{"count":3,"href":"https:\/\/www.dbbroadcast.com\/it\/wp-json\/wp\/v2\/pages\/15381\/revisions"}],"predecessor-version":[{"id":15391,"href":"https:\/\/www.dbbroadcast.com\/it\/wp-json\/wp\/v2\/pages\/15381\/revisions\/15391"}],"wp:attachment":[{"href":"https:\/\/www.dbbroadcast.com\/it\/wp-json\/wp\/v2\/media?parent=15381"}],"curies":[{"name":"wp","href":"https:\/\/api.w.org\/{rel}","templated":true}]}}