{"id":8800,"date":"2021-08-28T06:20:55","date_gmt":"2021-08-28T06:20:55","guid":{"rendered":"https:\/\/www.dbbroadcast.com\/social-initiatives\/"},"modified":"2024-09-06T09:48:35","modified_gmt":"2024-09-06T09:48:35","slug":"iniziative-sociali","status":"publish","type":"page","link":"https:\/\/www.dbbroadcast.com\/it\/iniziative-sociali\/","title":{"rendered":"Iniziative sociali"},"content":{"rendered":"<p>[et_pb_section fb_built=&#8221;1&#8243; admin_label=&#8221;Hero Section&#8221; _builder_version=&#8221;4.16.0&#8243; use_background_color_gradient=&#8221;on&#8221; background_color_gradient_direction=&#8221;150deg&#8221; background_color_gradient_stops=&#8221;#000000 0%|rgba(0,0,0,0.4) 100%&#8221; background_color_gradient_overlays_image=&#8221;on&#8221; background_color_gradient_start=&#8221;#000000&#8243; background_color_gradient_end=&#8221;rgba(0,0,0,0.4)&#8221; background_image=&#8221;https:\/\/www.dbbroadcast.com\/wp-content\/uploads\/2022\/04\/dbbroadcast-social-initiatives-1.jpg&#8221; custom_padding=&#8221;10%||10%||true|false&#8221; locked=&#8221;off&#8221; global_colors_info=&#8221;{}&#8221;][et_pb_row _builder_version=&#8221;4.16&#8243; width_tablet=&#8221;&#8221; width_phone=&#8221;&#8221; width_last_edited=&#8221;on|desktop&#8221; global_colors_info=&#8221;{}&#8221;][et_pb_column type=&#8221;4_4&#8243; _builder_version=&#8221;4.16&#8243; custom_padding=&#8221;|||&#8221; global_colors_info=&#8221;{}&#8221; custom_padding__hover=&#8221;|||&#8221;][et_pb_text _builder_version=&#8221;4.16&#8243; _module_preset=&#8221;default&#8221; text_font=&#8221;Roboto||||||||&#8221; header_font_size=&#8221;34px&#8221; text_orientation=&#8221;center&#8221; background_layout=&#8221;dark&#8221; header_font_size_tablet=&#8221;28px&#8221; header_font_size_phone=&#8221;28px&#8221; header_font_size_last_edited=&#8221;on|phone&#8221; global_colors_info=&#8221;{}&#8221;]<\/p>\n<h1>INIZIATIVE SOCIALI<\/h1>\n<p>[\/et_pb_text][\/et_pb_column][\/et_pb_row][\/et_pb_section][et_pb_section fb_built=&#8221;1&#8243; _builder_version=&#8221;4.16&#8243; _module_preset=&#8221;default&#8221; background_enable_color=&#8221;off&#8221; locked=&#8221;off&#8221; collapsed=&#8221;off&#8221; global_colors_info=&#8221;{}&#8221;][et_pb_row column_structure=&#8221;3_5,2_5&#8243; make_equal=&#8221;on&#8221; _builder_version=&#8221;4.17.4&#8243; _module_preset=&#8221;default&#8221; width_tablet=&#8221;&#8221; width_phone=&#8221;&#8221; width_last_edited=&#8221;on|desktop&#8221; global_colors_info=&#8221;{}&#8221;][et_pb_column type=&#8221;3_5&#8243; module_class=&#8221;iq-centra-verticale&#8221; _builder_version=&#8221;4.16&#8243; _module_preset=&#8221;default&#8221; background_color=&#8221;RGBA(255,255,255,0)&#8221; global_colors_info=&#8221;{}&#8221;][et_pb_text _builder_version=&#8221;4.16&#8243; _module_preset=&#8221;default&#8221; text_font=&#8221;Roboto||||||||&#8221; header_3_font=&#8221;||||||||&#8221; custom_padding=&#8221;||8px|||&#8221; header_font_size_tablet=&#8221;20px&#8221; header_font_size_phone=&#8221;20px&#8221; header_font_size_last_edited=&#8221;on|phone&#8221; header_2_font_size_tablet=&#8221;24px&#8221; header_2_font_size_phone=&#8221;24px&#8221; header_2_font_size_last_edited=&#8221;on|tablet&#8221; global_colors_info=&#8221;{}&#8221;]<\/p>\n<h3 style=\"text-align: left;\">IN DB RICONOSCIAMO L&#8217;IMPORTANZA DEI VALORI SOCIALI E RITENIAMO ESSENZIALE CONTRIBUIRE AL BENESSERE DELLE NOSTRE RISORSE INTERNE E DELL&#8217;AMBIENTE ESTERNO.<\/h3>\n<p>[\/et_pb_text][\/et_pb_column][et_pb_column type=&#8221;2_5&#8243; _builder_version=&#8221;4.16&#8243; _module_preset=&#8221;default&#8221; global_colors_info=&#8221;{}&#8221;][et_pb_testimonial author=&#8221;Immanuel Kant&#8221; quote_icon_color=&#8221;#4b9cd3&#8243; _builder_version=&#8221;4.16&#8243; _module_preset=&#8221;default&#8221; body_font_size=&#8221;24px&#8221; author_text_align=&#8221;left&#8221; author_text_color=&#8221;#4b9cd3&#8243; author_line_height=&#8221;1.1em&#8221; global_colors_info=&#8221;{}&#8221;]<\/p>\n<p>La solidariet\u00e0 dell&#8217;umanit\u00e0 non \u00e8 solo un segno bello e nobile, ma una necessit\u00e0 urgente, un &#8220;essere o non essere&#8221;, una questione di vita o di morte.<\/p>\n<p>[\/et_pb_testimonial][\/et_pb_column][\/et_pb_row][\/et_pb_section][et_pb_section fb_built=&#8221;1&#8243; _builder_version=&#8221;4.16&#8243; _module_preset=&#8221;default&#8221; background_color=&#8221;#f7f7f7&#8243; locked=&#8221;off&#8221; global_colors_info=&#8221;{}&#8221;][et_pb_row _builder_version=&#8221;4.16&#8243; _module_preset=&#8221;default&#8221; global_colors_info=&#8221;{}&#8221;][et_pb_column type=&#8221;4_4&#8243; _builder_version=&#8221;4.16&#8243; _module_preset=&#8221;default&#8221; global_colors_info=&#8221;{}&#8221;][et_pb_text _builder_version=&#8221;4.16&#8243; _module_preset=&#8221;default&#8221; text_font=&#8221;Roboto||||||||&#8221; header_2_text_color=&#8221;#000000&#8243; header_2_font_size=&#8221;28px&#8221; header_font_size_tablet=&#8221;20px&#8221; header_font_size_phone=&#8221;20px&#8221; header_font_size_last_edited=&#8221;on|phone&#8221; header_2_font_size_tablet=&#8221;24px&#8221; header_2_font_size_phone=&#8221;24px&#8221; header_2_font_size_last_edited=&#8221;on|tablet&#8221; locked=&#8221;off&#8221; global_colors_info=&#8221;{}&#8221;]<\/p>\n<h2 style=\"text-align: center;\">Basket Mestre 1958<\/h2>\n<p>[\/et_pb_text][\/et_pb_column][\/et_pb_row][et_pb_row column_structure=&#8221;1_2,1_2&#8243; use_custom_gutter=&#8221;on&#8221; gutter_width=&#8221;2&#8243; make_equal=&#8221;on&#8221; _builder_version=&#8221;4.16&#8243; _module_preset=&#8221;default&#8221; width_tablet=&#8221;80%&#8221; width_phone=&#8221;80%&#8221; width_last_edited=&#8221;on|tablet&#8221; global_colors_info=&#8221;{}&#8221;][et_pb_column type=&#8221;1_2&#8243; _builder_version=&#8221;4.16&#8243; _module_preset=&#8221;default&#8221; custom_padding_tablet=&#8221;0%|0%|0%||true|false&#8221; custom_padding_phone=&#8221;0%|0%|0%||true|false&#8221; custom_padding_last_edited=&#8221;on|phone&#8221; global_colors_info=&#8221;{}&#8221;][et_pb_text _builder_version=&#8221;4.16&#8243; _module_preset=&#8221;default&#8221; global_colors_info=&#8221;{}&#8221;]<\/p>\n<p>DB \u00e8 sponsor ufficiale del Basket Mestre 1958, una squadra vincente di giovani ragazzi che con forza e determinazione stanno raggiungendo grandi traguardi. L&#8217;amore e la determinazione che dimostrano questi ragazzi sono gli stessi che mettiamo nel nostro lavoro ogni giorno.<\/p>\n<p>Lo sport, oltre ad essere importante per lo sviluppo sano e armonioso dell&#8217;organismo, \u00e8 fondamentale perch\u00e9 favorisce la crescita cognitiva, emotiva e sociale. In questo periodo della vita, cos\u00ec ricco di cambiamenti fisici e non, praticare sport rende pi\u00f9 consapevoli della nuova identit\u00e0 corporea.<\/p>\n<p>[\/et_pb_text][\/et_pb_column][et_pb_column type=&#8221;1_2&#8243; _builder_version=&#8221;4.16&#8243; _module_preset=&#8221;default&#8221; global_colors_info=&#8221;{}&#8221;][et_pb_text _builder_version=&#8221;4.16&#8243; _module_preset=&#8221;default&#8221; global_colors_info=&#8221;{}&#8221;]<\/p>\n<p>L&#8217;attivit\u00e0 sportiva aiuta gli adolescenti a incanalare gli istinti aggressivi in \u200b\u200bmodo socialmente accettato, ad essere responsabili, a prendere iniziative, a socializzare e a cooperare. Ti insegna anche a pensare e ad essere proattivo.<br \/>Inoltre, imparando l&#8217;importanza dell&#8217;impegno, del rispetto delle regole e della tolleranza, i giovani si misurano con le proprie capacit\u00e0 e con gli altri.<br \/>Il Basket Mestre 1958 \u00e8 uno dei club di basket pi\u00f9 storici della provincia di Venezia e conta oltre 200 iscritti. La prima squadra gioca nel campionato della serie B-GOLD.<\/p>\n<p>[\/et_pb_text][\/et_pb_column][\/et_pb_row][et_pb_row _builder_version=&#8221;4.16&#8243; _module_preset=&#8221;default&#8221; global_colors_info=&#8221;{}&#8221;][et_pb_column type=&#8221;4_4&#8243; _builder_version=&#8221;4.16&#8243; _module_preset=&#8221;default&#8221; global_colors_info=&#8221;{}&#8221;][et_pb_gallery gallery_ids=&#8221;6834,6836&#8243; fullwidth=&#8221;on&#8221; _builder_version=&#8221;4.16.0&#8243; _module_preset=&#8221;default&#8221; auto=&#8221;on&#8221; auto_speed=&#8221;3000&#8243; dbdb_version=&#8221;4.6.2&#8243; global_colors_info=&#8221;{}&#8221;][\/et_pb_gallery][\/et_pb_column][\/et_pb_row][\/et_pb_section][et_pb_section fb_built=&#8221;1&#8243; _builder_version=&#8221;4.16&#8243; _module_preset=&#8221;default&#8221; background_enable_color=&#8221;off&#8221; locked=&#8221;off&#8221; global_colors_info=&#8221;{}&#8221; disabled_on=&#8221;on|on|on&#8221; disabled=&#8221;on&#8221;][et_pb_row _builder_version=&#8221;4.16&#8243; _module_preset=&#8221;default&#8221; global_colors_info=&#8221;{}&#8221;][et_pb_column type=&#8221;4_4&#8243; _builder_version=&#8221;4.16&#8243; _module_preset=&#8221;default&#8221; global_colors_info=&#8221;{}&#8221;][et_pb_text _builder_version=&#8221;4.16&#8243; _module_preset=&#8221;default&#8221; text_font=&#8221;Roboto||||||||&#8221; header_2_text_color=&#8221;#000000&#8243; header_2_font_size=&#8221;28px&#8221; hover_enabled=&#8221;0&#8243; header_font_size_tablet=&#8221;20px&#8221; header_font_size_phone=&#8221;20px&#8221; header_font_size_last_edited=&#8221;on|phone&#8221; header_2_font_size_tablet=&#8221;24px&#8221; header_2_font_size_phone=&#8221;24px&#8221; header_2_font_size_last_edited=&#8221;on|tablet&#8221; locked=&#8221;off&#8221; global_colors_info=&#8221;{}&#8221; sticky_enabled=&#8221;0&#8243;]<\/p>\n<h2 style=\"text-align: center;\">CERTIFICAZIONE ISO 14001<\/h2>\n<p>[\/et_pb_text][\/et_pb_column][\/et_pb_row][et_pb_row column_structure=&#8221;1_2,1_2&#8243; use_custom_gutter=&#8221;on&#8221; gutter_width=&#8221;2&#8243; make_equal=&#8221;on&#8221; _builder_version=&#8221;4.16&#8243; _module_preset=&#8221;default&#8221; width_tablet=&#8221;80%&#8221; width_phone=&#8221;80%&#8221; width_last_edited=&#8221;on|tablet&#8221; global_colors_info=&#8221;{}&#8221;][et_pb_column type=&#8221;1_2&#8243; _builder_version=&#8221;4.16&#8243; _module_preset=&#8221;default&#8221; custom_padding_tablet=&#8221;0%|0%|0%||true|false&#8221; custom_padding_phone=&#8221;0%|0%|0%||true|false&#8221; custom_padding_last_edited=&#8221;on|phone&#8221; global_colors_info=&#8221;{}&#8221;][et_pb_text _builder_version=&#8221;4.16&#8243; _module_preset=&#8221;default&#8221; global_colors_info=&#8221;{}&#8221;]<\/p>\n<p>Lo Standard ISO 14001 rappresenta il punto di riferimento normativo per le aziende e organizzazioni dotate, o che intendano dotarsi, di un Sistema di Gestione Ambientale.<\/p>\n<p>La norma definisce un \u201cSistema di gestione Ambientale\u201d come parte del sistema di gestione aziendale volto a gestire gli aspetti ambientali, soddisfare gli obblighi di conformit\u00e0 legislativa e affrontare e valutare i rischi e le opportunit\u00e0.<\/p>\n<p>Il Sistema di Gestione Ambientale \u00e8 caratterizzato, quindi, dallo sviluppo e dall&#8217;attuazione della politica ambientale e degli obiettivi che impegnino l&#8217;organizzazione alla piena conformit\u00e0 legislativa e volontaria L&#8217;organizzazione stessa, quindi, sottoscrive tali requisiti al fine di istituire o di integrare nel proprio sistema organizzativo interno le regole per una gestione efficace con riferimento agli aspetti ambientali significativi.<\/p>\n<p>[\/et_pb_text][\/et_pb_column][et_pb_column type=&#8221;1_2&#8243; _builder_version=&#8221;4.16&#8243; _module_preset=&#8221;default&#8221; global_colors_info=&#8221;{}&#8221;][et_pb_gallery gallery_ids=&#8221;7130&#8243; fullwidth=&#8221;on&#8221; _builder_version=&#8221;4.16.1&#8243; _module_preset=&#8221;default&#8221; dbdb_version=&#8221;4.6.2&#8243; global_colors_info=&#8221;{}&#8221;][\/et_pb_gallery][\/et_pb_column][\/et_pb_row][\/et_pb_section][et_pb_section fb_built=&#8221;1&#8243; _builder_version=&#8221;4.16&#8243; _module_preset=&#8221;default&#8221; background_color=&#8221;#f7f7f7&#8243; locked=&#8221;off&#8221; global_colors_info=&#8221;{}&#8221;][et_pb_row _builder_version=&#8221;4.16&#8243; _module_preset=&#8221;default&#8221; global_colors_info=&#8221;{}&#8221;][et_pb_column type=&#8221;4_4&#8243; _builder_version=&#8221;4.16&#8243; _module_preset=&#8221;default&#8221; global_colors_info=&#8221;{}&#8221;][et_pb_text _builder_version=&#8221;4.17.4&#8243; _module_preset=&#8221;default&#8221; text_font=&#8221;Roboto||||||||&#8221; header_2_text_color=&#8221;#000000&#8243; header_2_font_size=&#8221;28px&#8221; header_font_size_tablet=&#8221;20px&#8221; header_font_size_phone=&#8221;20px&#8221; header_font_size_last_edited=&#8221;on|phone&#8221; header_2_font_size_tablet=&#8221;24px&#8221; header_2_font_size_phone=&#8221;24px&#8221; header_2_font_size_last_edited=&#8221;on|tablet&#8221; locked=&#8221;off&#8221; global_colors_info=&#8221;{}&#8221;]<\/p>\n<h2 style=\"text-align: center;\">RACCOLTA DIFFERENZIATA<\/h2>\n<p>[\/et_pb_text][\/et_pb_column][\/et_pb_row][et_pb_row column_structure=&#8221;1_2,1_2&#8243; use_custom_gutter=&#8221;on&#8221; gutter_width=&#8221;2&#8243; make_equal=&#8221;on&#8221; _builder_version=&#8221;4.16&#8243; _module_preset=&#8221;default&#8221; width_tablet=&#8221;80%&#8221; width_phone=&#8221;80%&#8221; width_last_edited=&#8221;on|tablet&#8221; global_colors_info=&#8221;{}&#8221;][et_pb_column type=&#8221;1_2&#8243; _builder_version=&#8221;4.16&#8243; _module_preset=&#8221;default&#8221; custom_padding_tablet=&#8221;0%|0%|0%||true|false&#8221; custom_padding_phone=&#8221;0%|0%|0%||true|false&#8221; custom_padding_last_edited=&#8221;on|phone&#8221; global_colors_info=&#8221;{}&#8221;][et_pb_text _builder_version=&#8221;4.16&#8243; _module_preset=&#8221;default&#8221; global_colors_info=&#8221;{}&#8221;]<\/p>\n<p>Ci sono molte ragioni per cui il riciclaggio \u00e8 essenziale. Non solo pu\u00f2 aiutare a migliorare tua impronta ecologica, ma aiuta anche a ridurre la necessit\u00e0 di raccogliere materie prime, risparmiare energia, ridurre i gas serra, prevenire l&#8217;inquinamento e altro ancora. Migliorando le nostre abitudini di riciclaggio, possiamo aiutare a mantenere pulito l&#8217;ambiente e preservare le nostre risorse naturali.<\/p>\n<p>Per questo motivo in tutte le sedi DB, i siti logistici e produttivi sono presenti appositi cassonetti per la raccolta differenziata e tutti i dipendenti DB si impegnano a smaltire correttamente i rifiuti e ad acquistare materiali di consumo riciclati ogniqualvolta si presenti l&#8217;occasione al momento dell&#8217;ordine.<\/p>\n<p>[\/et_pb_text][\/et_pb_column][et_pb_column type=&#8221;1_2&#8243; _builder_version=&#8221;4.16&#8243; _module_preset=&#8221;default&#8221; global_colors_info=&#8221;{}&#8221;][et_pb_gallery gallery_ids=&#8221;6829,6831&#8243; fullwidth=&#8221;on&#8221; _builder_version=&#8221;4.16.0&#8243; _module_preset=&#8221;default&#8221; auto=&#8221;on&#8221; auto_speed=&#8221;3000&#8243; dbdb_version=&#8221;4.6.2&#8243; global_colors_info=&#8221;{}&#8221;][\/et_pb_gallery][\/et_pb_column][\/et_pb_row][\/et_pb_section][et_pb_section fb_built=&#8221;1&#8243; disabled_on=&#8221;off|off|off&#8221; admin_label=&#8221;Sezione &#8211; contatti&#8221; _builder_version=&#8221;4.16&#8243; _module_preset=&#8221;default&#8221; background_color=&#8221;#4b9cd3&#8243; custom_margin=&#8221;0px||0px||false|false&#8221; custom_padding=&#8221;0px||0px||false|false&#8221; global_module=&#8221;10278&#8243; saved_tabs=&#8221;all&#8221; locked=&#8221;off&#8221; global_colors_info=&#8221;{}&#8221;][et_pb_row column_structure=&#8221;3_4,1_4&#8243; make_equal=&#8221;on&#8221; _builder_version=&#8221;4.17.4&#8243; _module_preset=&#8221;default&#8221; width=&#8221;85%&#8221; width_tablet=&#8221;85%&#8221; width_phone=&#8221;&#8221; width_last_edited=&#8221;on|desktop&#8221; max_width_tablet=&#8221;&#8221; max_width_phone=&#8221;&#8221; max_width_last_edited=&#8221;on|tablet&#8221; global_colors_info=&#8221;{}&#8221;][et_pb_column type=&#8221;3_4&#8243; module_class=&#8221;iq-centra-verticale&#8221; _builder_version=&#8221;4.16&#8243; _module_preset=&#8221;default&#8221; global_colors_info=&#8221;{}&#8221;][et_pb_text _builder_version=&#8221;4.17.6&#8243; _module_preset=&#8221;default&#8221; text_font=&#8221;Roboto|700||on|||||&#8221; text_font_size=&#8221;25px&#8221; text_line_height=&#8221;1.2em&#8221; header_2_font=&#8221;Roboto|||on|||||&#8221; header_2_line_height=&#8221;1.2em&#8221; header_3_font=&#8221;Roboto|500||on|||||&#8221; header_3_text_align=&#8221;left&#8221; header_3_font_size=&#8221;25px&#8221; header_3_line_height=&#8221;1.2em&#8221; header_5_font=&#8221;Roboto|||on|||||&#8221; header_5_text_color=&#8221;#4b9cd3&#8243; text_orientation=&#8221;center&#8221; background_layout=&#8221;dark&#8221; text_font_size_tablet=&#8221;22px&#8221; text_font_size_phone=&#8221;&#8221; text_font_size_last_edited=&#8221;on|phone&#8221; header_3_text_align_tablet=&#8221;center&#8221; header_3_text_align_phone=&#8221;&#8221; header_3_text_align_last_edited=&#8221;on|phone&#8221; header_3_font_size_tablet=&#8221;&#8221; header_3_font_size_phone=&#8221;20px&#8221; header_3_font_size_last_edited=&#8221;on|phone&#8221; text_orientation_tablet=&#8221;center&#8221; text_orientation_phone=&#8221;&#8221; text_orientation_last_edited=&#8221;on|phone&#8221; locked=&#8221;off&#8221; global_colors_info=&#8221;{}&#8221;]<\/p>\n<p class=\"p1\"><strong>Non esitare a contattarci per qualsiasi tipo di assistenza necessaria<\/strong><\/p>\n<p>[\/et_pb_text][\/et_pb_column][et_pb_column type=&#8221;1_4&#8243; _builder_version=&#8221;4.16&#8243; _module_preset=&#8221;default&#8221; global_colors_info=&#8221;{}&#8221;][et_pb_button button_url=&#8221;https:\/\/www.dbbroadcast.com\/it\/contatti\/&#8221; button_text=&#8221;Contatti&#8221; button_alignment=&#8221;center&#8221; admin_label=&#8221;Button contact&#8221; _builder_version=&#8221;4.17.6&#8243; _module_preset=&#8221;default&#8221; custom_button=&#8221;on&#8221; button_text_size=&#8221;14px&#8221; button_text_color=&#8221;#FFFFFF&#8221; button_bg_color=&#8221;#000000&#8243; button_border_width=&#8221;0px&#8221; button_border_radius=&#8221;100px&#8221; button_letter_spacing=&#8221;1px&#8221; button_font=&#8221;Roboto|||on|||||&#8221; button_icon=&#8221;&#x45;||divi||400&#8243; button_icon_color=&#8221;#4b9cd3&#8243; custom_padding=&#8221;8%|10%|8%|10%|true|true&#8221; custom_padding_tablet=&#8221;4%|8%|4%|8%|true|true&#8221; custom_padding_phone=&#8221;6%|10%|6%|10%|true|true&#8221; custom_padding_last_edited=&#8221;on|phone&#8221; locked=&#8221;off&#8221; global_colors_info=&#8221;{}&#8221; button_text_color__hover=&#8221;#000000&#8243; button_text_color__hover_enabled=&#8221;on|hover&#8221; button_bg_color__hover_enabled=&#8221;on|hover&#8221; button_bg_color__hover=&#8221;#FFFFFF&#8221; button_bg_enable_color__hover=&#8221;on&#8221; button_icon_color__hover_enabled=&#8221;on|hover&#8221; button_icon_color__hover=&#8221;#4b9cd3&#8243;][\/et_pb_button][\/et_pb_column][\/et_pb_row][\/et_pb_section]<\/p>\n","protected":false},"excerpt":{"rendered":"<p>INIZIATIVE SOCIALIIN DB RICONOSCIAMO L&#8217;IMPORTANZA DEI VALORI SOCIALI E RITENIAMO ESSENZIALE CONTRIBUIRE AL BENESSERE DELLE NOSTRE RISORSE INTERNE E DELL&#8217;AMBIENTE ESTERNO.La solidariet\u00e0 dell&#8217;umanit\u00e0 non \u00e8 solo un segno bello e nobile, ma una necessit\u00e0 urgente, un &#8220;essere o non essere&#8221;, una questione di vita o di morte.Basket Mestre 1958DB \u00e8 sponsor ufficiale del Basket Mestre [&hellip;]<\/p>\n","protected":false},"author":2,"featured_media":0,"parent":0,"menu_order":0,"comment_status":"closed","ping_status":"closed","template":"","meta":{"_et_pb_use_builder":"on","_et_pb_old_content":"","_et_gb_content_width":"","footnotes":""},"class_list":["post-8800","page","type-page","status-publish","hentry"],"yoast_head":"<!-- This site is optimized with the Yoast SEO plugin v26.4 - https:\/\/yoast.com\/wordpress\/plugins\/seo\/ -->\n<title>Iniziative sociali - DB Broadcasting<\/title>\n<meta name=\"description\" content=\"In BD Broadcast we recognize the importance of social values and initiatives. Discover our commitment to making the world a better place.\" \/>\n<meta name=\"robots\" content=\"noindex, nofollow\" \/>\n<meta property=\"og:locale\" content=\"it_IT\" \/>\n<meta property=\"og:type\" content=\"article\" \/>\n<meta property=\"og:title\" content=\"Iniziative sociali - DB Broadcasting\" \/>\n<meta property=\"og:description\" content=\"In BD Broadcast we recognize the importance of social values and initiatives. Discover our commitment to making the world a better place.\" \/>\n<meta property=\"og:url\" content=\"https:\/\/www.dbbroadcast.com\/it\/iniziative-sociali\/\" \/>\n<meta property=\"og:site_name\" content=\"DB Broadcasting\" \/>\n<meta property=\"article:modified_time\" content=\"2024-09-06T09:48:35+00:00\" \/>\n<meta name=\"twitter:card\" content=\"summary_large_image\" \/>\n<meta name=\"twitter:label1\" content=\"Tempo di lettura stimato\" \/>\n\t<meta name=\"twitter:data1\" content=\"3 minuti\" \/>\n<script type=\"application\/ld+json\" class=\"yoast-schema-graph\">{\"@context\":\"https:\/\/schema.org\",\"@graph\":[{\"@type\":\"WebPage\",\"@id\":\"https:\/\/www.dbbroadcast.com\/it\/iniziative-sociali\/\",\"url\":\"https:\/\/www.dbbroadcast.com\/it\/iniziative-sociali\/\",\"name\":\"Iniziative sociali - DB Broadcasting\",\"isPartOf\":{\"@id\":\"https:\/\/www.dbbroadcast.com\/it\/#website\"},\"datePublished\":\"2021-08-28T06:20:55+00:00\",\"dateModified\":\"2024-09-06T09:48:35+00:00\",\"description\":\"In BD Broadcast we recognize the importance of social values and initiatives. Discover our commitment to making the world a better place.\",\"breadcrumb\":{\"@id\":\"https:\/\/www.dbbroadcast.com\/it\/iniziative-sociali\/#breadcrumb\"},\"inLanguage\":\"it-IT\",\"potentialAction\":[{\"@type\":\"ReadAction\",\"target\":[\"https:\/\/www.dbbroadcast.com\/it\/iniziative-sociali\/\"]}]},{\"@type\":\"BreadcrumbList\",\"@id\":\"https:\/\/www.dbbroadcast.com\/it\/iniziative-sociali\/#breadcrumb\",\"itemListElement\":[{\"@type\":\"ListItem\",\"position\":1,\"name\":\"Home\",\"item\":\"https:\/\/www.dbbroadcast.com\/it\/\"},{\"@type\":\"ListItem\",\"position\":2,\"name\":\"Iniziative sociali\"}]},{\"@type\":\"WebSite\",\"@id\":\"https:\/\/www.dbbroadcast.com\/it\/#website\",\"url\":\"https:\/\/www.dbbroadcast.com\/it\/\",\"name\":\"DB Broadcast\",\"description\":\"Broadcasting Equipment\",\"potentialAction\":[{\"@type\":\"SearchAction\",\"target\":{\"@type\":\"EntryPoint\",\"urlTemplate\":\"https:\/\/www.dbbroadcast.com\/it\/?s={search_term_string}\"},\"query-input\":{\"@type\":\"PropertyValueSpecification\",\"valueRequired\":true,\"valueName\":\"search_term_string\"}}],\"inLanguage\":\"it-IT\"}]}<\/script>\n<!-- \/ Yoast SEO plugin. -->","yoast_head_json":{"title":"Iniziative sociali - DB Broadcasting","description":"In BD Broadcast we recognize the importance of social values and initiatives. Discover our commitment to making the world a better place.","robots":{"index":"noindex","follow":"nofollow"},"og_locale":"it_IT","og_type":"article","og_title":"Iniziative sociali - DB Broadcasting","og_description":"In BD Broadcast we recognize the importance of social values and initiatives. Discover our commitment to making the world a better place.","og_url":"https:\/\/www.dbbroadcast.com\/it\/iniziative-sociali\/","og_site_name":"DB Broadcasting","article_modified_time":"2024-09-06T09:48:35+00:00","twitter_card":"summary_large_image","twitter_misc":{"Tempo di lettura stimato":"3 minuti"},"schema":{"@context":"https:\/\/schema.org","@graph":[{"@type":"WebPage","@id":"https:\/\/www.dbbroadcast.com\/it\/iniziative-sociali\/","url":"https:\/\/www.dbbroadcast.com\/it\/iniziative-sociali\/","name":"Iniziative sociali - DB Broadcasting","isPartOf":{"@id":"https:\/\/www.dbbroadcast.com\/it\/#website"},"datePublished":"2021-08-28T06:20:55+00:00","dateModified":"2024-09-06T09:48:35+00:00","description":"In BD Broadcast we recognize the importance of social values and initiatives. Discover our commitment to making the world a better place.","breadcrumb":{"@id":"https:\/\/www.dbbroadcast.com\/it\/iniziative-sociali\/#breadcrumb"},"inLanguage":"it-IT","potentialAction":[{"@type":"ReadAction","target":["https:\/\/www.dbbroadcast.com\/it\/iniziative-sociali\/"]}]},{"@type":"BreadcrumbList","@id":"https:\/\/www.dbbroadcast.com\/it\/iniziative-sociali\/#breadcrumb","itemListElement":[{"@type":"ListItem","position":1,"name":"Home","item":"https:\/\/www.dbbroadcast.com\/it\/"},{"@type":"ListItem","position":2,"name":"Iniziative sociali"}]},{"@type":"WebSite","@id":"https:\/\/www.dbbroadcast.com\/it\/#website","url":"https:\/\/www.dbbroadcast.com\/it\/","name":"DB Broadcast","description":"Broadcasting Equipment","potentialAction":[{"@type":"SearchAction","target":{"@type":"EntryPoint","urlTemplate":"https:\/\/www.dbbroadcast.com\/it\/?s={search_term_string}"},"query-input":{"@type":"PropertyValueSpecification","valueRequired":true,"valueName":"search_term_string"}}],"inLanguage":"it-IT"}]}},"rttpg_featured_image_url":null,"rttpg_author":{"display_name":"alessia","author_link":"https:\/\/www.dbbroadcast.com\/it\/author\/alessia\/"},"rttpg_comment":0,"rttpg_category":" <a href=\"https:\/\/www.dbbroadcast.com\/?taxonomy=translation_priority&#038;term=optional\" rel=\"tag\">Optional<\/a><a href=\"https:\/\/www.dbbroadcast.com\/it\/?taxonomy=translation_priority&#038;term=opzionale\" rel=\"tag\">Opzionale<\/a>","rttpg_excerpt":null,"_links":{"self":[{"href":"https:\/\/www.dbbroadcast.com\/it\/wp-json\/wp\/v2\/pages\/8800","targetHints":{"allow":["GET"]}}],"collection":[{"href":"https:\/\/www.dbbroadcast.com\/it\/wp-json\/wp\/v2\/pages"}],"about":[{"href":"https:\/\/www.dbbroadcast.com\/it\/wp-json\/wp\/v2\/types\/page"}],"author":[{"embeddable":true,"href":"https:\/\/www.dbbroadcast.com\/it\/wp-json\/wp\/v2\/users\/2"}],"replies":[{"embeddable":true,"href":"https:\/\/www.dbbroadcast.com\/it\/wp-json\/wp\/v2\/comments?post=8800"}],"version-history":[{"count":1,"href":"https:\/\/www.dbbroadcast.com\/it\/wp-json\/wp\/v2\/pages\/8800\/revisions"}],"predecessor-version":[{"id":15426,"href":"https:\/\/www.dbbroadcast.com\/it\/wp-json\/wp\/v2\/pages\/8800\/revisions\/15426"}],"wp:attachment":[{"href":"https:\/\/www.dbbroadcast.com\/it\/wp-json\/wp\/v2\/media?parent=8800"}],"curies":[{"name":"wp","href":"https:\/\/api.w.org\/{rel}","templated":true}]}}