{"id":8817,"date":"2021-08-28T06:20:30","date_gmt":"2021-08-28T06:20:30","guid":{"rendered":"https:\/\/www.dbbroadcast.com\/work-with-us\/"},"modified":"2026-04-10T12:15:17","modified_gmt":"2026-04-10T12:15:17","slug":"lavora-con-noi","status":"publish","type":"page","link":"https:\/\/www.dbbroadcast.com\/it\/lavora-con-noi\/","title":{"rendered":"Lavora con noi"},"content":{"rendered":"<p>[et_pb_section fb_built=&#8221;1&#8243; admin_label=&#8221;Slider technologies&#8221; _builder_version=&#8221;4.16.0&#8243; use_background_color_gradient=&#8221;on&#8221; background_color_gradient_direction=&#8221;150deg&#8221; background_color_gradient_stops=&#8221;#000000 0%|rgba(0,0,0,0.4) 100%&#8221; background_color_gradient_overlays_image=&#8221;on&#8221; background_color_gradient_start=&#8221;#000000&#8243; background_color_gradient_end=&#8221;rgba(0,0,0,0.4)&#8221; background_image=&#8221;https:\/\/www.dbbroadcast.com\/wp-content\/uploads\/2022\/04\/dbbroadcast-work-with-us-1.jpg&#8221; custom_padding=&#8221;10%||10%||true|false&#8221; locked=&#8221;off&#8221; global_colors_info=&#8221;{}&#8221;][et_pb_row _builder_version=&#8221;4.16&#8243; width_tablet=&#8221;&#8221; width_phone=&#8221;&#8221; width_last_edited=&#8221;on|desktop&#8221; global_colors_info=&#8221;{}&#8221;][et_pb_column type=&#8221;4_4&#8243; _builder_version=&#8221;4.16&#8243; custom_padding=&#8221;|||&#8221; global_colors_info=&#8221;{}&#8221; custom_padding__hover=&#8221;|||&#8221;][et_pb_text admin_label=&#8221;Text &#8211; H1&#8243; _builder_version=&#8221;4.16&#8243; _module_preset=&#8221;default&#8221; text_font=&#8221;Roboto||||||||&#8221; header_font_size=&#8221;34px&#8221; text_orientation=&#8221;center&#8221; background_layout=&#8221;dark&#8221; header_font_size_tablet=&#8221;28px&#8221; header_font_size_phone=&#8221;28px&#8221; header_font_size_last_edited=&#8221;on|phone&#8221; global_colors_info=&#8221;{}&#8221;]<\/p>\n<h1>LAVORA CON NOI<\/h1>\n<p>[\/et_pb_text][\/et_pb_column][\/et_pb_row][\/et_pb_section][et_pb_section fb_built=&#8221;1&#8243; admin_label=&#8221;Testo fascia&#8221; _builder_version=&#8221;4.16&#8243; background_color=&#8221;#4b9cd3&#8243; custom_padding=&#8221;26px||22px|||&#8221; locked=&#8221;off&#8221; global_colors_info=&#8221;{}&#8221;][et_pb_row use_custom_gutter=&#8221;on&#8221; gutter_width=&#8221;2&#8243; make_equal=&#8221;on&#8221; _builder_version=&#8221;4.16&#8243; _module_preset=&#8221;default&#8221; width_tablet=&#8221;80%&#8221; width_phone=&#8221;80%&#8221; width_last_edited=&#8221;on|tablet&#8221; global_colors_info=&#8221;{}&#8221;][et_pb_column type=&#8221;4_4&#8243; _builder_version=&#8221;4.16&#8243; _module_preset=&#8221;default&#8221; global_colors_info=&#8221;{}&#8221;][et_pb_text admin_label=&#8221;Text &#8211; H2&#8243; _builder_version=&#8221;4.16.1&#8243; _module_preset=&#8221;default&#8221; text_font=&#8221;Roboto||||||||&#8221; header_text_align=&#8221;center&#8221; header_2_text_align=&#8221;center&#8221; header_2_font_size=&#8221;30px&#8221; header_2_line_height=&#8221;1.2em&#8221; header_3_font=&#8221;|700|||||||&#8221; header_3_text_align=&#8221;center&#8221; header_3_font_size=&#8221;30px&#8221; header_3_line_height=&#8221;1.2em&#8221; header_4_font=&#8221;Roboto|700|||||||&#8221; header_4_text_align=&#8221;center&#8221; header_4_font_size=&#8221;30px&#8221; header_4_line_height=&#8221;1.2em&#8221; background_layout=&#8221;dark&#8221; custom_margin=&#8221;||||false|false&#8221; header_2_font_size_tablet=&#8221;32px&#8221; header_2_font_size_phone=&#8221;30px&#8221; header_2_font_size_last_edited=&#8221;on|phone&#8221; header_3_font_size_tablet=&#8221;32px&#8221; header_3_font_size_phone=&#8221;30px&#8221; header_3_font_size_last_edited=&#8221;on|phone&#8221; header_4_font_size_tablet=&#8221;32px&#8221; header_4_font_size_phone=&#8221;30px&#8221; header_4_font_size_last_edited=&#8221;on|phone&#8221; locked=&#8221;off&#8221; global_colors_info=&#8221;{}&#8221;]<\/p>\n<h4>PASSIONE, IMPEGNO, PROFESSIONALIT\u00c0!<\/h4>\n<p>[\/et_pb_text][\/et_pb_column][\/et_pb_row][\/et_pb_section][et_pb_section fb_built=&#8221;1&#8243; _builder_version=&#8221;4.16&#8243; _module_preset=&#8221;default&#8221; custom_padding=&#8221;|||4px||&#8221; global_colors_info=&#8221;{}&#8221;][et_pb_row column_structure=&#8221;2_5,3_5&#8243; _builder_version=&#8221;4.16&#8243; _module_preset=&#8221;default&#8221; max_width=&#8221;2560px&#8221; global_colors_info=&#8221;{}&#8221;][et_pb_column type=&#8221;2_5&#8243; _builder_version=&#8221;4.16&#8243; _module_preset=&#8221;default&#8221; global_colors_info=&#8221;{}&#8221;][et_pb_text _builder_version=&#8221;4.17.0&#8243; _module_preset=&#8221;default&#8221; text_font=&#8221;Roboto||||||||&#8221; header_3_font=&#8221;||||||||&#8221; header_3_font_size=&#8221;32px&#8221; custom_padding=&#8221;||8px|||&#8221; header_font_size_tablet=&#8221;20px&#8221; header_font_size_phone=&#8221;20px&#8221; header_font_size_last_edited=&#8221;on|phone&#8221; header_2_font_size_tablet=&#8221;24px&#8221; header_2_font_size_phone=&#8221;24px&#8221; header_2_font_size_last_edited=&#8221;on|tablet&#8221; locked=&#8221;off&#8221; global_colors_info=&#8221;{}&#8221;]<\/p>\n<h2>LAVORA CON DB<\/h2>\n<h3 style=\"text-align: left;\">VUOI ENTRARE NELLA NOSTRA FORZA LAVORO O DIVENTARE NOSTRO DISTRIBUTORE AUTORIZZATO?<\/h3>\n<p>[\/et_pb_text][et_pb_text _builder_version=&#8221;4.17.0&#8243; _module_preset=&#8221;default&#8221; text_font=&#8221;Roboto||||||||&#8221; header_3_font=&#8221;||||||||&#8221; custom_padding=&#8221;||8px|||&#8221; header_font_size_tablet=&#8221;20px&#8221; header_font_size_phone=&#8221;20px&#8221; header_font_size_last_edited=&#8221;on|phone&#8221; header_2_font_size_tablet=&#8221;24px&#8221; header_2_font_size_phone=&#8221;24px&#8221; header_2_font_size_last_edited=&#8221;on|tablet&#8221; locked=&#8221;off&#8221; global_colors_info=&#8221;{}&#8221;]<\/p>\n<p>Se DB \u00e8 rinomata in tutto il mondo per la qualit\u00e0 e l&#8217;efficienza dei suoi prodotti, ci\u00f2 \u00e8 sicuramente dovuto alla passione dei suoi dipendenti. La nostra azienda, infatti, pone la massima attenzione allo sviluppo professionale di ogni individuo e offre ambienti di lavoro stimolanti e gratificanti in cui viene incoraggiato il lavoro di squadra. DB \u00e8 alla ricerca di persone disposte ad affrontare nuove sfide e, grazie al loro bagaglio di competenze ed esperienze, a fare la differenza ogni giorno.<\/p>\n<p><em><strong>Al momento non ci sono posizioni vacanti ma se vuoi essere informato sulle prossime opportunit\u00e0 di lavoro assicurati di iscriverti alla nostra newsletter.<\/strong><\/em><\/p>\n<p>[\/et_pb_text][et_pb_text _builder_version=&#8221;4.17.0&#8243; _module_preset=&#8221;default&#8221; header_3_font=&#8221;Roboto Condensed|700|||||||&#8221; header_3_text_color=&#8221;#4b9cd3&#8243; header_3_font_size=&#8221;23px&#8221; custom_padding=&#8221;11px|||||&#8221; global_colors_info=&#8221;{}&#8221;]<\/p>\n<h3>VUOI ENTRARE NELLA NOSTRA FORZA LAVORO?<\/h3>\n<p>Inviaci il tuo curriculum. Valuteremo attentamente la tua candidatura e verrai contattato qualora il tuo profilo fosse in linea con una delle nostre posizioni aperte.<\/p>\n<p>[\/et_pb_text][et_pb_text _builder_version=&#8221;4.27.4&#8243; _module_preset=&#8221;default&#8221; header_3_font=&#8221;Roboto Condensed|700|||||||&#8221; header_3_text_color=&#8221;#4b9cd3&#8243; header_3_font_size=&#8221;23px&#8221; global_colors_info=&#8221;{}&#8221;]<\/p>\n<h3>SEI UN RIVENDITORE E VUOI UFFICIALMENTE I NOSTRI PRODOTTI?<\/h3>\n<p>Compila il form per candidare la tua azienda e diventare un distributore autorizzato di prodotti DB.<\/p>\n<p>[\/et_pb_text][et_pb_text _builder_version=&#8221;4.27.4&#8243; _module_preset=&#8221;default&#8221; hover_enabled=&#8221;0&#8243; global_colors_info=&#8221;{}&#8221; sticky_enabled=&#8221;0&#8243;]<\/p>\n<p><a href=\"https:\/\/www.dbbroadcast.com\/wp-content\/uploads\/2026\/04\/RICERCA-INGEGNERE-ELETTRONICO-ita-2.pdf\"><strong>RICERCA INGEGNERE ELETTRONICO<\/strong><\/a><\/p>\n<p><a href=\"https:\/\/www.dbbroadcast.com\/wp-content\/uploads\/2026\/04\/RICERCA-TECNICO-PROGETTISTA-ita-1.pdf\"><strong>RICERCA TECNICO PROGETTISTA ELETTRONICO<\/strong><\/a><\/p>\n<p>[\/et_pb_text][\/et_pb_column][et_pb_column type=&#8221;3_5&#8243; _builder_version=&#8221;4.16&#8243; _module_preset=&#8221;default&#8221; global_colors_info=&#8221;{}&#8221;][et_pb_code disabled_on=&#8221;on|on|on&#8221; _builder_version=&#8221;4.17.4&#8243; _module_preset=&#8221;default&#8221; disabled=&#8221;on&#8221; global_colors_info=&#8221;{}&#8221;]<iframe frameborder=\"0\" style=\"height:500px;width:99%;border:none;\" src='https:\/\/forms.zohopublic.com\/dbtelecomunicazioni\/form\/APPLICATIONFORMITA\/formperma\/_toR_Ghzd1Du2BsQofvb6w0qCkSI5YiCtA5mP7R1t4k'><\/iframe>[\/et_pb_code][et_pb_code _builder_version=&#8221;4.20.2&#8243; _module_preset=&#8221;default&#8221; global_colors_info=&#8221;{}&#8221;]<iframe frameborder=\"0\" style=\"height: 2200px;width:99%;border:none;\" src='https:\/\/forms.zohopublic.com\/dbgestsrl\/form\/MODULODICANDIDATURA\/formperma\/0veVnwnPW6LXj0KFVIIEoh3BOn4hswRI6Uqlv851KP0'><\/iframe>[\/et_pb_code][\/et_pb_column][\/et_pb_row][\/et_pb_section]<\/p>\n","protected":false},"excerpt":{"rendered":"<p>LAVORA CON NOIPASSIONE, IMPEGNO, PROFESSIONALIT\u00c0!LAVORA CON DB VUOI ENTRARE NELLA NOSTRA FORZA LAVORO O DIVENTARE NOSTRO DISTRIBUTORE AUTORIZZATO?Se DB \u00e8 rinomata in tutto il mondo per la qualit\u00e0 e l&#8217;efficienza dei suoi prodotti, ci\u00f2 \u00e8 sicuramente dovuto alla passione dei suoi dipendenti. La nostra azienda, infatti, pone la massima attenzione allo sviluppo professionale di ogni [&hellip;]<\/p>\n","protected":false},"author":2,"featured_media":0,"parent":0,"menu_order":0,"comment_status":"closed","ping_status":"closed","template":"","meta":{"_et_pb_use_builder":"on","_et_pb_old_content":"","_et_gb_content_width":"","footnotes":""},"class_list":["post-8817","page","type-page","status-publish","hentry"],"yoast_head":"<!-- This site is optimized with the Yoast SEO plugin v26.4 - https:\/\/yoast.com\/wordpress\/plugins\/seo\/ -->\n<title>Lavora con noi - DB Broadcasting<\/title>\n<meta name=\"description\" content=\"Passion, commitment, professionalism. Do you want to join us or become our distributor? Visit this page and work with us!\" \/>\n<meta name=\"robots\" content=\"noindex, nofollow\" \/>\n<meta property=\"og:locale\" content=\"it_IT\" \/>\n<meta property=\"og:type\" content=\"article\" \/>\n<meta property=\"og:title\" content=\"Lavora con noi - DB Broadcasting\" \/>\n<meta property=\"og:description\" content=\"Passion, commitment, professionalism. Do you want to join us or become our distributor? Visit this page and work with us!\" \/>\n<meta property=\"og:url\" content=\"https:\/\/www.dbbroadcast.com\/it\/lavora-con-noi\/\" \/>\n<meta property=\"og:site_name\" content=\"DB Broadcasting\" \/>\n<meta property=\"article:modified_time\" content=\"2026-04-10T12:15:17+00:00\" \/>\n<meta name=\"twitter:card\" content=\"summary_large_image\" \/>\n<meta name=\"twitter:label1\" content=\"Tempo di lettura stimato\" \/>\n\t<meta name=\"twitter:data1\" content=\"1 minuto\" \/>\n<script type=\"application\/ld+json\" class=\"yoast-schema-graph\">{\"@context\":\"https:\/\/schema.org\",\"@graph\":[{\"@type\":\"WebPage\",\"@id\":\"https:\/\/www.dbbroadcast.com\/it\/lavora-con-noi\/\",\"url\":\"https:\/\/www.dbbroadcast.com\/it\/lavora-con-noi\/\",\"name\":\"Lavora con noi - DB Broadcasting\",\"isPartOf\":{\"@id\":\"https:\/\/www.dbbroadcast.com\/it\/#website\"},\"datePublished\":\"2021-08-28T06:20:30+00:00\",\"dateModified\":\"2026-04-10T12:15:17+00:00\",\"description\":\"Passion, commitment, professionalism. Do you want to join us or become our distributor? Visit this page and work with us!\",\"breadcrumb\":{\"@id\":\"https:\/\/www.dbbroadcast.com\/it\/lavora-con-noi\/#breadcrumb\"},\"inLanguage\":\"it-IT\",\"potentialAction\":[{\"@type\":\"ReadAction\",\"target\":[\"https:\/\/www.dbbroadcast.com\/it\/lavora-con-noi\/\"]}]},{\"@type\":\"BreadcrumbList\",\"@id\":\"https:\/\/www.dbbroadcast.com\/it\/lavora-con-noi\/#breadcrumb\",\"itemListElement\":[{\"@type\":\"ListItem\",\"position\":1,\"name\":\"Home\",\"item\":\"https:\/\/www.dbbroadcast.com\/it\/\"},{\"@type\":\"ListItem\",\"position\":2,\"name\":\"Lavora con noi\"}]},{\"@type\":\"WebSite\",\"@id\":\"https:\/\/www.dbbroadcast.com\/it\/#website\",\"url\":\"https:\/\/www.dbbroadcast.com\/it\/\",\"name\":\"DB Broadcast\",\"description\":\"Broadcasting Equipment\",\"potentialAction\":[{\"@type\":\"SearchAction\",\"target\":{\"@type\":\"EntryPoint\",\"urlTemplate\":\"https:\/\/www.dbbroadcast.com\/it\/?s={search_term_string}\"},\"query-input\":{\"@type\":\"PropertyValueSpecification\",\"valueRequired\":true,\"valueName\":\"search_term_string\"}}],\"inLanguage\":\"it-IT\"}]}<\/script>\n<!-- \/ Yoast SEO plugin. -->","yoast_head_json":{"title":"Lavora con noi - DB Broadcasting","description":"Passion, commitment, professionalism. Do you want to join us or become our distributor? Visit this page and work with us!","robots":{"index":"noindex","follow":"nofollow"},"og_locale":"it_IT","og_type":"article","og_title":"Lavora con noi - DB Broadcasting","og_description":"Passion, commitment, professionalism. Do you want to join us or become our distributor? Visit this page and work with us!","og_url":"https:\/\/www.dbbroadcast.com\/it\/lavora-con-noi\/","og_site_name":"DB Broadcasting","article_modified_time":"2026-04-10T12:15:17+00:00","twitter_card":"summary_large_image","twitter_misc":{"Tempo di lettura stimato":"1 minuto"},"schema":{"@context":"https:\/\/schema.org","@graph":[{"@type":"WebPage","@id":"https:\/\/www.dbbroadcast.com\/it\/lavora-con-noi\/","url":"https:\/\/www.dbbroadcast.com\/it\/lavora-con-noi\/","name":"Lavora con noi - DB Broadcasting","isPartOf":{"@id":"https:\/\/www.dbbroadcast.com\/it\/#website"},"datePublished":"2021-08-28T06:20:30+00:00","dateModified":"2026-04-10T12:15:17+00:00","description":"Passion, commitment, professionalism. Do you want to join us or become our distributor? Visit this page and work with us!","breadcrumb":{"@id":"https:\/\/www.dbbroadcast.com\/it\/lavora-con-noi\/#breadcrumb"},"inLanguage":"it-IT","potentialAction":[{"@type":"ReadAction","target":["https:\/\/www.dbbroadcast.com\/it\/lavora-con-noi\/"]}]},{"@type":"BreadcrumbList","@id":"https:\/\/www.dbbroadcast.com\/it\/lavora-con-noi\/#breadcrumb","itemListElement":[{"@type":"ListItem","position":1,"name":"Home","item":"https:\/\/www.dbbroadcast.com\/it\/"},{"@type":"ListItem","position":2,"name":"Lavora con noi"}]},{"@type":"WebSite","@id":"https:\/\/www.dbbroadcast.com\/it\/#website","url":"https:\/\/www.dbbroadcast.com\/it\/","name":"DB Broadcast","description":"Broadcasting Equipment","potentialAction":[{"@type":"SearchAction","target":{"@type":"EntryPoint","urlTemplate":"https:\/\/www.dbbroadcast.com\/it\/?s={search_term_string}"},"query-input":{"@type":"PropertyValueSpecification","valueRequired":true,"valueName":"search_term_string"}}],"inLanguage":"it-IT"}]}},"rttpg_featured_image_url":null,"rttpg_author":{"display_name":"alessia","author_link":"https:\/\/www.dbbroadcast.com\/it\/author\/alessia\/"},"rttpg_comment":0,"rttpg_category":" <a href=\"https:\/\/www.dbbroadcast.com\/?taxonomy=translation_priority&#038;term=optional\" rel=\"tag\">Optional<\/a><a href=\"https:\/\/www.dbbroadcast.com\/it\/?taxonomy=translation_priority&#038;term=opzionale\" rel=\"tag\">Opzionale<\/a>","rttpg_excerpt":null,"_links":{"self":[{"href":"https:\/\/www.dbbroadcast.com\/it\/wp-json\/wp\/v2\/pages\/8817","targetHints":{"allow":["GET"]}}],"collection":[{"href":"https:\/\/www.dbbroadcast.com\/it\/wp-json\/wp\/v2\/pages"}],"about":[{"href":"https:\/\/www.dbbroadcast.com\/it\/wp-json\/wp\/v2\/types\/page"}],"author":[{"embeddable":true,"href":"https:\/\/www.dbbroadcast.com\/it\/wp-json\/wp\/v2\/users\/2"}],"replies":[{"embeddable":true,"href":"https:\/\/www.dbbroadcast.com\/it\/wp-json\/wp\/v2\/comments?post=8817"}],"version-history":[{"count":7,"href":"https:\/\/www.dbbroadcast.com\/it\/wp-json\/wp\/v2\/pages\/8817\/revisions"}],"predecessor-version":[{"id":15927,"href":"https:\/\/www.dbbroadcast.com\/it\/wp-json\/wp\/v2\/pages\/8817\/revisions\/15927"}],"wp:attachment":[{"href":"https:\/\/www.dbbroadcast.com\/it\/wp-json\/wp\/v2\/media?parent=8817"}],"curies":[{"name":"wp","href":"https:\/\/api.w.org\/{rel}","templated":true}]}}